{"id":123,"date":"2015-01-15T14:47:56","date_gmt":"2015-01-15T14:47:56","guid":{"rendered":"http:\/\/gludby.dk\/wp\/?page_id=123"},"modified":"2024-07-02T14:02:21","modified_gmt":"2024-07-02T14:02:21","slug":"skjolds-venner","status":"publish","type":"page","link":"https:\/\/gludby.dk\/wp\/?page_id=123","title":{"rendered":"Skjolds Venner"},"content":{"rendered":"<p>St\u00f8tteforeningen &#8220;Skjolds Venner&#8221; har til form\u00e5l at skaffe penge til ungdomsarbejdet<\/p>\n<p>i Sportssammenslutningen &#8220;Skjold&#8221;.<\/p>\n<p>&#8220;Skjolds Venner&#8221; st\u00e5r bag arrangementet Glud &#8211; Snaptun Muslingefest.<\/p>\n<p>Indt\u00e6gterne kommer bl.a. fra\u00a0de 4 \u00e5rlige avisindsamlinger, medlemskontingenter, OK benzinaftale og\u00a0Muslingefest.<\/p>\n<p><a href=\"https:\/\/gludby.dk\/wp\/wp-content\/uploads\/2015\/01\/i9698981._szw149h112_.jpg\"><img loading=\"lazy\" decoding=\"async\" class=\" size-full wp-image-803 alignleft\" src=\"https:\/\/gludby.dk\/wp\/wp-content\/uploads\/2015\/01\/i9698981._szw149h112_.jpg\" alt=\"i9698981._szw149h112_\" width=\"149\" height=\"46\" \/><\/a>Foreningens hjemmeside er:<br \/>\n<a href=\"http:\/\/www.snaptunhavnefest.dk\" target=\"_blank\" rel=\"noopener noreferrer\">www.snaptunhavnefest.dk<\/a><\/p>\n<p>Har du lyst til at st\u00f8tte foreningens arbejde, kan man blive\u00a0 medlem af st\u00f8tteforeningen &#8220;Skjolds Venner&#8221;<br \/>\nDet koster 100,- om \u00e5ret. Henvendelse til Rasmus Mortensen.<\/p>\n<p><strong>Bestyrelsen fremg\u00e5r herunder:<\/strong><\/p>\n<div class=\"row\"> <div class=\"col-md-6\">\n<p>Formand<br \/>\n<strong>Rasmus Mortensen<\/strong><br \/>\nGlud Kirkevej 7<br \/>\n7130 Juelsminde<br \/>\nTlf.:<br \/>\nEmail:<\/p>\n<\/div><div class=\"col-md-6\">\n<p><strong>Finn Pedersen<\/strong><br \/>\nMuseumsvej 7<br \/>\n7130 Juelsminde<br \/>\nTlf.: 29 25 94 45<br \/>\nEmail:<\/p>\n<p><strong>S\u00f8ren Schramm<\/strong><br \/>\nGlud Kirkevej 12<br \/>\n7130 Juelsminde<br \/>\nTlf.: 61 30 87 83<br \/>\nEmail:<\/p>\n<p><strong>Claus Etzerodt<\/strong><br \/>\nStourupvej 1<br \/>\n7130 Juelsminde<br \/>\nTlf.: 61 12 76 87<br \/>\nEmail:<\/p>\n<\/div><\/div>\n","protected":false},"excerpt":{"rendered":"<p>St\u00f8tteforeningen &#8220;Skjolds Venner&#8221; har til form\u00e5l at skaffe penge til ungdomsarbejdet i Sportssammenslutningen &#8220;Skjold&#8221;. &#8220;Skjolds Venner&#8221; st\u00e5r bag arrangementet Glud &#8211; Snaptun Muslingefest. Indt\u00e6gterne kommer bl.a. fra\u00a0de 4 \u00e5rlige avisindsamlinger, medlemskontingenter, OK benzinaftale og\u00a0Muslingefest. Foreningens hjemmeside er: www.snaptunhavnefest.dk Har du &hellip; <a href=\"https:\/\/gludby.dk\/wp\/?page_id=123\">Continued<\/a><\/p>\n","protected":false},"author":1,"featured_media":0,"parent":0,"menu_order":0,"comment_status":"open","ping_status":"open","template":"","meta":{"footnotes":""},"class_list":["post-123","page","type-page","status-publish","hentry"],"_links":{"self":[{"href":"https:\/\/gludby.dk\/wp\/index.php?rest_route=\/wp\/v2\/pages\/123","targetHints":{"allow":["GET"]}}],"collection":[{"href":"https:\/\/gludby.dk\/wp\/index.php?rest_route=\/wp\/v2\/pages"}],"about":[{"href":"https:\/\/gludby.dk\/wp\/index.php?rest_route=\/wp\/v2\/types\/page"}],"author":[{"embeddable":true,"href":"https:\/\/gludby.dk\/wp\/index.php?rest_route=\/wp\/v2\/users\/1"}],"replies":[{"embeddable":true,"href":"https:\/\/gludby.dk\/wp\/index.php?rest_route=%2Fwp%2Fv2%2Fcomments&post=123"}],"version-history":[{"count":0,"href":"https:\/\/gludby.dk\/wp\/index.php?rest_route=\/wp\/v2\/pages\/123\/revisions"}],"wp:attachment":[{"href":"https:\/\/gludby.dk\/wp\/index.php?rest_route=%2Fwp%2Fv2%2Fmedia&parent=123"}],"curies":[{"name":"wp","href":"https:\/\/api.w.org\/{rel}","templated":true}]}}