{"id":125,"date":"2015-01-15T14:48:46","date_gmt":"2015-01-15T14:48:46","guid":{"rendered":"http:\/\/gludby.dk\/wp\/?page_id=125"},"modified":"2015-03-04T09:02:25","modified_gmt":"2015-03-04T09:02:25","slug":"sportssammenslutningen-skjold","status":"publish","type":"page","link":"https:\/\/gludby.dk\/wp\/?page_id=125","title":{"rendered":"Sportssammenslutningen Skjold"},"content":{"rendered":"<p>&nbsp;<\/p>\n<blockquote><p>En lille klub med stor sj\u00e6l<\/p><\/blockquote>\n<p><a href=\"https:\/\/gludby.dk\/wp\/wp-content\/uploads\/2015\/01\/1db9aecf-60f5-48e0-a99f-6926b559de4flogo2.jpg\"><img loading=\"lazy\" decoding=\"async\" class=\" size-full wp-image-660 alignleft\" src=\"https:\/\/gludby.dk\/wp\/wp-content\/uploads\/2015\/01\/1db9aecf-60f5-48e0-a99f-6926b559de4flogo2.jpg\" alt=\"1db9aecf-60f5-48e0-a99f-6926b559de4flogo2\" width=\"97\" height=\"112\" \/><\/a>Den lokale idr\u00e6tsforening hedder &#8220;Sportssammenslutningen Skjold&#8221;.<\/p>\n<p>Foreningen besk\u00e6ftiger sig med omr\u00e5der indenfor Fodbold, H\u00e5ndbold, Badminton &amp; Gymnastik.<\/p>\n<p>Se meget mere p\u00e5 deres egen hjemmeside:<br \/>\n<a href=\"http:\/\/www.skjold-glud.dk\/\" target=\"_blank\">http:\/\/www.skjold-glud.dk\/<\/a><\/p>\n","protected":false},"excerpt":{"rendered":"<p>&nbsp; En lille klub med stor sj\u00e6l Den lokale idr\u00e6tsforening hedder &#8220;Sportssammenslutningen Skjold&#8221;. Foreningen besk\u00e6ftiger sig med omr\u00e5der indenfor Fodbold, H\u00e5ndbold, Badminton &amp; Gymnastik. Se meget mere p\u00e5 deres egen hjemmeside: http:\/\/www.skjold-glud.dk\/<\/p>\n","protected":false},"author":1,"featured_media":0,"parent":0,"menu_order":0,"comment_status":"open","ping_status":"open","template":"","meta":{"footnotes":""},"class_list":["post-125","page","type-page","status-publish","hentry"],"_links":{"self":[{"href":"https:\/\/gludby.dk\/wp\/index.php?rest_route=\/wp\/v2\/pages\/125","targetHints":{"allow":["GET"]}}],"collection":[{"href":"https:\/\/gludby.dk\/wp\/index.php?rest_route=\/wp\/v2\/pages"}],"about":[{"href":"https:\/\/gludby.dk\/wp\/index.php?rest_route=\/wp\/v2\/types\/page"}],"author":[{"embeddable":true,"href":"https:\/\/gludby.dk\/wp\/index.php?rest_route=\/wp\/v2\/users\/1"}],"replies":[{"embeddable":true,"href":"https:\/\/gludby.dk\/wp\/index.php?rest_route=%2Fwp%2Fv2%2Fcomments&post=125"}],"version-history":[{"count":0,"href":"https:\/\/gludby.dk\/wp\/index.php?rest_route=\/wp\/v2\/pages\/125\/revisions"}],"wp:attachment":[{"href":"https:\/\/gludby.dk\/wp\/index.php?rest_route=%2Fwp%2Fv2%2Fmedia&parent=125"}],"curies":[{"name":"wp","href":"https:\/\/api.w.org\/{rel}","templated":true}]}}