{"id":127,"date":"2015-01-15T14:49:43","date_gmt":"2015-01-15T14:49:43","guid":{"rendered":"http:\/\/gludby.dk\/wp\/?page_id=127"},"modified":"2025-05-23T08:24:45","modified_gmt":"2025-05-23T08:24:45","slug":"borgerforeningen-lokalraad","status":"publish","type":"page","link":"https:\/\/gludby.dk\/wp\/?page_id=127","title":{"rendered":"Borgerforeningen \/ Lokalr\u00e5d"},"content":{"rendered":"<p>Glud omegens Borgerforening &amp; Lokalr\u00e5d er bl.a. lokalsamfundets taler\u00f8r overfor offentlige myndigheder, og i den forbindelse er det meget vigtigt, at vi kan vise der er opbakning fra borgerne til foreningen. Det samme g\u00f8r sig g\u00e6ldende, n\u00e5r vi skal s\u00f8ge midler til de projekter, vi \u00f8nsker gennemf\u00f8rt.<\/p>\n<p>Derfor vil vi gerne opfordre alle til at blive medlem af foreningen. Det koster \u00e5rligt kr. 100,00 pr. husstand.<\/p>\n<p><a href=\"https:\/\/gludby.dk\/wp\/?page_id=2070\"><strong>KLIK HER FOR AT\u00a0ST\u00d8TTE BORGERFORENINGEN!<\/strong><\/a><\/p>\n<p>Det er samtidig os som varetager www.gludby.dk men det er jer som skal komme med indholdet.<br \/>Al t\u00e6nkeligt relavans af opslag eller billeder fra lokalsamfundet kan du sende til indhold@gludby.dk<br \/>Det vil s\u00e5 blive gennemg\u00e5et og evt. sl\u00e5et op p\u00e5 www.gludby.dk + vores Facebook-side.<\/p>\n<p>Vi n\u00e5r ud til flere hundrede personer i l\u00f8bet af f\u00e5 timer.<\/p>\n<div class=\"row\"> <div class=\"col-md-6\">\n<p><strong>Borgerforeningen:<\/strong><\/p>\n<p><strong><a href=\"https:\/\/gludby.dk\/wp\/wp-content\/uploads\/2015\/01\/Gert-Winther_3.png\" rel=\"attachment wp-att-2039\"><img loading=\"lazy\" decoding=\"async\" class=\"alignleft size-thumbnail wp-image-2039\" src=\"https:\/\/gludby.dk\/wp\/wp-content\/uploads\/2015\/01\/Gert-Winther_3-150x150.png\" alt=\"Gert Winther_3\" width=\"150\" height=\"150\" \/><\/a>Formand<\/strong><br \/>Gert Winther<br \/>S\u00f8borgvej 3<br \/>7130 Juelsminde<br \/>Tlf.: 3020 8899<br \/>Email:<br \/>gwinther@gmail.com<\/p>\n<p>.<\/p>\n<hr \/>\n<p><strong><img loading=\"lazy\" decoding=\"async\" class=\"wp-image-4728 size-thumbnail alignleft\" src=\"https:\/\/gludby.dk\/wp\/wp-content\/uploads\/2023\/04\/Joergen-150x150.png\" alt=\"\" width=\"150\" height=\"150\" \/><\/strong><\/p>\n<p><strong>N\u00e6stformand<\/strong><br \/>J\u00f8rgen Serup<br \/>T\u00f8nballevej 5<br \/>7130 Juelsminde<br \/>Tlf.: 4088 4155<br \/>Email:<br \/>jmserup@gmail.com<\/p>\n<p>.<\/p>\n<hr \/>\n<p><img loading=\"lazy\" decoding=\"async\" class=\"wp-image-4723 size-thumbnail alignleft\" src=\"https:\/\/gludby.dk\/wp\/wp-content\/uploads\/2023\/04\/claus-150x150.png\" alt=\"\" width=\"150\" height=\"150\" \/><strong>Kasserer<\/strong><br \/>Claus Jensen<br \/>Museumsvej 36<br \/>7130 Juelsminde<br \/>Tlf.: 2971 9906<br \/>Email:<br \/>cjblans@gmail.com<\/p>\n<p>.<\/p>\n<hr \/>\n<p><img loading=\"lazy\" decoding=\"async\" class=\"size-thumbnail wp-image-4953 alignleft\" src=\"https:\/\/gludby.dk\/wp\/wp-content\/uploads\/2025\/05\/profile-no-photo-150x150.png\" alt=\"\" width=\"150\" height=\"150\" srcset=\"https:\/\/gludby.dk\/wp\/wp-content\/uploads\/2025\/05\/profile-no-photo-150x150.png 150w, https:\/\/gludby.dk\/wp\/wp-content\/uploads\/2025\/05\/profile-no-photo.png 241w\" sizes=\"auto, (max-width: 150px) 100vw, 150px\" \/><strong>Suppleant<\/strong><br \/>N\/A<\/p>\n<p>.<\/p>\n<p>.<\/p>\n<p>.<\/p>\n<p>.<\/p>\n<hr \/>\n<p><strong>Revisor<\/strong><br \/>Hans Aage Frederiksen<br \/>Glud Kirkevej 15<br \/>7130 Juelsminde<br \/>Tlf.: 2445 8002<\/p>\n<p><strong>Revisor<\/strong><br \/>Per Foght Christiansen<br \/>T\u00f8nballevej 3<br \/>7130 Juelsminde<br \/>Tlf.: 7568 4236<\/p>\n<p>Ovenst\u00e5ende er valgt p\u00e5\u00a0generalforsamlingen<br \/>den 11. marts. 2025<\/p>\n<\/div><div class=\"col-md-6\">\n<p>.<\/p>\n<p><strong><b><a href=\"https:\/\/gludby.dk\/wp\/?attachment_id=3615\" rel=\"attachment wp-att-3615\"><img loading=\"lazy\" decoding=\"async\" class=\"size-thumbnail wp-image-3615 alignleft\" src=\"https:\/\/gludby.dk\/wp\/wp-content\/uploads\/2018\/03\/Kent-Sand_sh-150x150.png\" alt=\"\" width=\"150\" height=\"150\" srcset=\"https:\/\/gludby.dk\/wp\/wp-content\/uploads\/2018\/03\/Kent-Sand_sh-150x150.png 150w, https:\/\/gludby.dk\/wp\/wp-content\/uploads\/2018\/03\/Kent-Sand_sh-300x300.png 300w, https:\/\/gludby.dk\/wp\/wp-content\/uploads\/2018\/03\/Kent-Sand_sh.png 500w\" sizes=\"auto, (max-width: 150px) 100vw, 150px\" \/><\/a><\/b>Bestyrelsesmedlem<\/strong><br \/>Kent Sand<br \/>S\u00f8borgvej 8<br \/>7130 Juelsminde<br \/>Tlf.: 3028 3435<br \/>Email:<br \/>kentsandpetersen@gmail.com<\/p>\n<p>.<\/p>\n<hr \/>\n<p><strong><img loading=\"lazy\" decoding=\"async\" class=\"wp-image-4725 size-thumbnail alignleft\" src=\"https:\/\/gludby.dk\/wp\/wp-content\/uploads\/2023\/04\/thomas-150x150.png\" alt=\"\" width=\"150\" height=\"150\" \/>Sekret\u00e6r<br \/><\/strong>Thomas Bj\u00f8rn S\u00f8rensen<br \/>S\u00f8nderbakken 3<br \/>7130 Juelsminde<br \/>Tlf.: 2212 1618<br \/>Email:<br \/>b.s.thomasen@gmail.com<\/p>\n<p>.<\/p>\n<hr \/>\n<p><strong><img loading=\"lazy\" decoding=\"async\" class=\"size-thumbnail wp-image-4954 alignleft\" src=\"https:\/\/gludby.dk\/wp\/wp-content\/uploads\/2025\/05\/Jeppe-Kyvsgaard-150x150.png\" alt=\"\" width=\"150\" height=\"150\" \/><\/strong><strong>Ambasad\u00f8r<\/strong><br \/>Jeppe Frost Kyvsgaard<br \/>Bisholt Strandvej 1<br \/>7130 Juelsminde<br \/>Tlf.:\u00a0<br \/>Email:<br \/><br \/><\/p>\n<p>.<\/p>\n<hr \/>\n<p><strong><img loading=\"lazy\" decoding=\"async\" class=\"alignleft size-thumbnail wp-image-4953\" src=\"https:\/\/gludby.dk\/wp\/wp-content\/uploads\/2025\/05\/profile-no-photo-150x150.png\" alt=\"\" width=\"150\" height=\"150\" srcset=\"https:\/\/gludby.dk\/wp\/wp-content\/uploads\/2025\/05\/profile-no-photo-150x150.png 150w, https:\/\/gludby.dk\/wp\/wp-content\/uploads\/2025\/05\/profile-no-photo.png 241w\" sizes=\"auto, (max-width: 150px) 100vw, 150px\" \/><\/strong><strong>Suppleant<\/strong><br \/>N\/A<\/p>\n<p>.<\/p>\n<p>.<\/p>\n<p>\u00a0<\/p>\n<p>.<\/p>\n<hr \/>\n<\/div><\/div>\n\n\n<p><\/p>\n","protected":false},"excerpt":{"rendered":"<p>Glud omegens Borgerforening &amp; Lokalr\u00e5d er bl.a. lokalsamfundets taler\u00f8r overfor offentlige myndigheder, og i den forbindelse er det meget vigtigt, at vi kan vise der er opbakning fra borgerne til foreningen. Det samme g\u00f8r sig g\u00e6ldende, n\u00e5r vi skal s\u00f8ge &hellip; <a href=\"https:\/\/gludby.dk\/wp\/?page_id=127\">Continued<\/a><\/p>\n","protected":false},"author":1,"featured_media":0,"parent":0,"menu_order":0,"comment_status":"open","ping_status":"open","template":"","meta":{"footnotes":""},"class_list":["post-127","page","type-page","status-publish","hentry"],"_links":{"self":[{"href":"https:\/\/gludby.dk\/wp\/index.php?rest_route=\/wp\/v2\/pages\/127","targetHints":{"allow":["GET"]}}],"collection":[{"href":"https:\/\/gludby.dk\/wp\/index.php?rest_route=\/wp\/v2\/pages"}],"about":[{"href":"https:\/\/gludby.dk\/wp\/index.php?rest_route=\/wp\/v2\/types\/page"}],"author":[{"embeddable":true,"href":"https:\/\/gludby.dk\/wp\/index.php?rest_route=\/wp\/v2\/users\/1"}],"replies":[{"embeddable":true,"href":"https:\/\/gludby.dk\/wp\/index.php?rest_route=%2Fwp%2Fv2%2Fcomments&post=127"}],"version-history":[{"count":0,"href":"https:\/\/gludby.dk\/wp\/index.php?rest_route=\/wp\/v2\/pages\/127\/revisions"}],"wp:attachment":[{"href":"https:\/\/gludby.dk\/wp\/index.php?rest_route=%2Fwp%2Fv2%2Fmedia&parent=127"}],"curies":[{"name":"wp","href":"https:\/\/api.w.org\/{rel}","templated":true}]}}