{"id":129,"date":"2015-01-15T14:50:15","date_gmt":"2015-01-15T14:50:15","guid":{"rendered":"http:\/\/gludby.dk\/wp\/?page_id=129"},"modified":"2026-03-26T19:16:25","modified_gmt":"2026-03-26T19:16:25","slug":"glud-skjold-pensionistforening","status":"publish","type":"page","link":"https:\/\/gludby.dk\/wp\/?page_id=129","title":{"rendered":"Glud Skjold Pensionistforening"},"content":{"rendered":"<p>Man beh\u00f8ver ikke v\u00e6re gammel for at v\u00e6re medlem af Glud Skjold Pensionistforening.<\/p>\n<p>Der sker s\u00e5 mange ting i den forening.<\/p>\n<p>Ring og bliv medlem.<br \/>\nDet koster kun 50,- kroner om \u00e5ret.<\/p>\n<h2><a href=\"https:\/\/gludby.dk\/wp\/wp-content\/uploads\/2015\/01\/Pensionistforening.png\"><img loading=\"lazy\" decoding=\"async\" class=\"aligncenter wp-image-1519 size-large\" src=\"https:\/\/gludby.dk\/wp\/wp-content\/uploads\/2015\/01\/Pensionistforening-1024x394.png\" alt=\"Pensionistforening\" width=\"940\" height=\"362\" srcset=\"https:\/\/gludby.dk\/wp\/wp-content\/uploads\/2015\/01\/Pensionistforening-1024x394.png 1024w, https:\/\/gludby.dk\/wp\/wp-content\/uploads\/2015\/01\/Pensionistforening-300x115.png 300w, https:\/\/gludby.dk\/wp\/wp-content\/uploads\/2015\/01\/Pensionistforening.png 1170w\" sizes=\"auto, (max-width: 940px) 100vw, 940px\" \/><\/a><\/h2>\n<h2>Program 2026\/27:<\/h2>\n<table width=\"555\">\n<tbody>\n<tr>\n<td width=\"100\">Dato<\/td>\n<td width=\"364\">Program<\/td>\n<td width=\"91\">Klokkeslet<\/td>\n<\/tr>\n<tr>\n<td>Onsdag 11\/2<\/td>\n<td>Gule \u00e6rter &#8211; Underholdning &#8211;\u00a0\u00a0\u00a0\u00a0\u00a0 Frede spiller<\/td>\n<td>1200<\/td>\n<\/tr>\n<tr>\n<td><\/td>\n<td>Pris: 150 kr. pr person<\/td>\n<td><\/td>\n<\/tr>\n<tr>\n<td><\/td>\n<td>Glud forsamlingshus<\/td>\n<td><\/td>\n<\/tr>\n<tr>\n<td><\/td>\n<td>Tilmelding og betaling senest den 4\/2.<\/td>\n<td><\/td>\n<\/tr>\n<tr>\n<td><\/td>\n<td><\/td>\n<td><\/td>\n<\/tr>\n<tr>\n<td>Onsdag 11\/3<\/td>\n<td>Underholdning-\u00a0 Sang og musik med\u00a0 Berit og Jan<\/td>\n<td>1400<\/td>\n<\/tr>\n<tr>\n<td><\/td>\n<td><\/td>\n<td><\/td>\n<\/tr>\n<tr>\n<td>Onsdag 8\/4<\/td>\n<td>Sm\u00f8rrebr\u00f8d &#8211; Underholdning v. Grethe og J\u00f8rgen<\/td>\n<td>1200<\/td>\n<\/tr>\n<tr>\n<td><\/td>\n<td>Pris: 150 kr. pr. Person<\/td>\n<td><\/td>\n<\/tr>\n<tr>\n<td><\/td>\n<td>Glud Forsamlingshus<\/td>\n<td><\/td>\n<\/tr>\n<tr>\n<td><\/td>\n<td>Tilmelding og betaling fra 11\/3 til 31\/3<\/td>\n<td><\/td>\n<\/tr>\n<tr>\n<td><\/td>\n<td><\/td>\n<td><\/td>\n<\/tr>\n<tr>\n<td>Onsdag\u00a0 6\/5<\/td>\n<td>Halvdagstur med kaffe.\u00a0 Ud i det Bl\u00e5<\/td>\n<td>1300<\/td>\n<\/tr>\n<tr>\n<td><\/td>\n<td>Pris: 200 kr. pr. person<\/td>\n<td><\/td>\n<\/tr>\n<tr>\n<td><\/td>\n<td>Tilmelding og betaling fra 8\/4 til 22\/4<\/td>\n<td><\/td>\n<\/tr>\n<tr>\n<td><\/td>\n<td><\/td>\n<td><\/td>\n<\/tr>\n<tr>\n<td>Onsdag 17\/6<\/td>\n<td>Jubil\u00e6umsfest &#8211; Helstegt pattegris<\/td>\n<td>1200<\/td>\n<\/tr>\n<tr>\n<td><\/td>\n<td>Underholdning Havnesjakket<\/td>\n<td><\/td>\n<\/tr>\n<tr>\n<td><\/td>\n<td>Glud Forsamlingshus<\/td>\n<td><\/td>\n<\/tr>\n<tr>\n<td><\/td>\n<td>Pris:\u00a0 100 kr. pr. person -betales ved indgangen<\/td>\n<td><\/td>\n<\/tr>\n<tr>\n<td><\/td>\n<td>Tiilmelding fra 6\/5 til 26\/5<\/td>\n<td><\/td>\n<\/tr>\n<tr>\n<td><\/td>\n<td><\/td>\n<td><\/td>\n<\/tr>\n<tr>\n<td>Onsdag 23\/9<\/td>\n<td>Modeopvisning &#8211; Seniorshoppen Patina<\/td>\n<td>1400<\/td>\n<\/tr>\n<tr>\n<td><\/td>\n<td><\/td>\n<td><\/td>\n<\/tr>\n<tr>\n<td>Onsdag 7\/10<\/td>\n<td>Oktoberfest &#8211; Gode ben og fad\u00f8l<\/td>\n<td>1200<\/td>\n<\/tr>\n<tr>\n<td><\/td>\n<td>Underholdning &#8211; Tyrolerduo Leopold og Hansi<\/td>\n<td><\/td>\n<\/tr>\n<tr>\n<td><\/td>\n<td>Pris:\u00a0 200 kr. pr. Person<\/td>\n<td><\/td>\n<\/tr>\n<tr>\n<td><\/td>\n<td>Glud Forsamlingshus<\/td>\n<td><\/td>\n<\/tr>\n<tr>\n<td><\/td>\n<td>Tilmelding og betaling fra 16\/9 til 30\/9<\/td>\n<td><\/td>\n<\/tr>\n<tr>\n<td><\/td>\n<td><\/td>\n<td><\/td>\n<\/tr>\n<tr>\n<td>Onsdag 4\/11<\/td>\n<td>Gl\u00f8gg og \u00e6bleskiver- Pakkespil<\/td>\n<td>1400<\/td>\n<\/tr>\n<tr>\n<td><\/td>\n<td><\/td>\n<td><\/td>\n<\/tr>\n<tr>\n<td><\/td>\n<td>xdx6<\/td>\n<td><\/td>\n<\/tr>\n<tr>\n<td>Onsdag 2\/12<\/td>\n<td>Julefrokost -Underhold. Stensballe Musikanterne<\/td>\n<td>1200<\/td>\n<\/tr>\n<tr>\n<td><\/td>\n<td>Pris:\u00a0 200 kr. pr. person<\/td>\n<td><\/td>\n<\/tr>\n<tr>\n<td><\/td>\n<td>Tilmelding og betaling fra 4\/11 til 25\/11.<\/td>\n<td><\/td>\n<\/tr>\n<tr>\n<td><\/td>\n<td><\/td>\n<td><\/td>\n<\/tr>\n<tr>\n<td>Onsdag 13\/1- 27<\/td>\n<td>Generalforsamling\u00a0 Banko<\/td>\n<td>1400<\/td>\n<\/tr>\n<tr>\n<td><\/td>\n<td>Evt. forslag skal v\u00e6re formanden i h\u00e6nde senest<\/td>\n<td><\/td>\n<\/tr>\n<tr>\n<td><\/td>\n<td>8 dage f\u00f8r generalforsamling<\/td>\n<td><\/td>\n<\/tr>\n<tr>\n<td><\/td>\n<td>\u00a0\u00a0\u00a0\u00a0\u00a0\u00a0\u00a0 **********************************<\/td>\n<td><\/td>\n<\/tr>\n<tr>\n<td><\/td>\n<td>Al tilmelding til\u00a0 Tove Kristensen 51364604<\/td>\n<td><\/td>\n<\/tr>\n<\/tbody>\n<\/table>\n<div class=\"hrule clearfix\"><\/div>\n<div class=\"row\"> <div class=\"col-md-6\">\n<p><strong>Pensionistforeningen:<\/strong><\/p>\n<p><strong>Formand<br \/>\n<\/strong><span style=\"color: #000000;\">Jytte Andersen<\/span><br \/>\n<span style=\"color: #000000;\">Nordmarksvej 4<\/span><br \/>\n<span style=\"color: #000000;\">7130 Juelsminde<\/span><br \/>\n<span style=\"color: #000000;\">Tlf.: 2530 4727<\/span><\/p>\n<p><span style=\"color: #000000;\"><strong>N\u00e6stformand<\/strong><\/span><br \/>\n<span style=\"color: #000000;\">Tove Kristensen<\/span><br \/>\n<span style=\"color: #000000;\">Klydevej 5<\/span><br \/>\n<span style=\"color: #000000;\">7130 Juelsminde<\/span><br \/>\n<span style=\"color: #000000;\">Tlf.: 5136 4604<\/span><\/p>\n<p><span style=\"color: #000000;\"><strong><b>Sekret\u00e6r<\/b><\/strong><\/span><br \/>\n<span style=\"color: #000000;\">Minna Hansen<\/span><br \/>\n<span style=\"color: #000000;\">Klydevej 6, Snaptun<\/span><br \/>\n<span style=\"color: #000000;\">7130 Juelsminde<\/span><br \/>\n<span style=\"color: #000000;\">Tlf.: 51 21 85 62<\/span><\/p>\n<p><strong><b>Best.medlem<\/b><\/strong><br \/>\nJytte Graversen<br \/>\nSteng\u00e5rdsvej 10<br \/>\n7130 Juelsminde<br \/>\nTlf.: 2559 7074<\/p>\n<p><span style=\"color: #000000;\"><strong>Kasserer<br \/>\n<\/strong>Leif J\u00f8rgensen<\/span><br \/>\n<span style=\"color: #000000;\">Klydevej 10, Snaptun<\/span><br \/>\n<span style=\"color: #000000;\">7130 Juelsminde<\/span><br \/>\n<span style=\"color: #000000;\">Tlf.: 6170 3699<\/span><\/p>\n<p><span style=\"color: #000000;\"><strong><b>Best.medlem<\/b><\/strong><\/span><br \/>\n<span style=\"color: #000000;\">Palle Jensen<\/span><br \/>\n<span style=\"color: #000000;\"><span class=\"postal-place-name float-left\">Klydevej 1, Snaptun<br \/>\n<\/span><span class=\"no-break float-left\"><span class=\"postal-code\">7130<\/span> <span class=\"locality\">Juelsminde<br \/>\n<\/span><\/span>Tlf.: 20 46 52 85<\/span><br \/>\n<span style=\"color: #000000;\">Email:<\/span><\/p>\n<\/div><div class=\"col-md-6\">\n<p>.<\/p>\n<p><span style=\"color: #000000;\"><strong><b>Best.medlem<\/b><\/strong><\/span><br \/>\n<span style=\"color: #000000;\">Karsten Rasmussen<\/span><br \/>\n<span style=\"color: #000000;\">Museumsvej 11F<\/span><br \/>\n<span style=\"color: #000000;\">7130 Juelsminde<\/span><br \/>\n<span style=\"color: #000000;\">Tlf.: 2033 4322<\/span><\/p>\n<p><span style=\"color: #000000;\"><strong><b>Suppleant &#8211; 1 \u00e5r<\/b><\/strong><\/span><br \/>\n<span style=\"color: #000000;\">Peter Winther<\/span><br \/>\n<span style=\"color: #000000;\">Steng\u00e5rdsvej\u00a0<\/span><br \/>\n<span style=\"color: #000000;\">7130 Juelsminde<\/span><br \/>\n<span style=\"color: #000000;\">Tlf.:\u00a0<\/span><\/p>\n<p><span style=\"color: #000000;\"><strong><b>Suppleant &#8211; 2 \u00e5r<\/b><\/strong><\/span><br \/>\n<span style=\"color: #000000;\">Niels Henrik Nielsen<\/span><br \/>\n<span style=\"color: #000000;\">L\u00f8kkeg\u00e5rdsvej <\/span><br \/>\n<span style=\"color: #000000;\">7130 Juelsminde<\/span><br \/>\n<span style=\"color: #000000;\">Tlf.:\u00a0<\/span><\/p>\n<p><span style=\"color: #000000;\"><strong><b>Revisorer<\/b><\/strong><\/span><br \/>\nEvald Zacho &amp; Margrethe Andersen<\/p>\n<p><span style=\"color: #000000;\"><strong><b>Suppleant<\/b><\/strong><\/span><br \/>\nIna Knudsen<\/p>\n<\/div><\/div>\n<p>Ovenst\u00e5ende er valgt p\u00e5 den sidste generalforsamling.<\/p>\n<p><a href=\"https:\/\/gludby.dk\/wp\/wp-content\/uploads\/2015\/01\/edit_image.png\"><img loading=\"lazy\" decoding=\"async\" class=\"aligncenter wp-image-895 size-full\" src=\"https:\/\/gludby.dk\/wp\/wp-content\/uploads\/2015\/01\/edit_image.png\" alt=\"edit_image\" width=\"761\" height=\"379\" srcset=\"https:\/\/gludby.dk\/wp\/wp-content\/uploads\/2015\/01\/edit_image.png 761w, https:\/\/gludby.dk\/wp\/wp-content\/uploads\/2015\/01\/edit_image-300x149.png 300w\" sizes=\"auto, (max-width: 761px) 100vw, 761px\" \/><\/a><\/p>\n","protected":false},"excerpt":{"rendered":"<p>Man beh\u00f8ver ikke v\u00e6re gammel for at v\u00e6re medlem af Glud Skjold Pensionistforening. Der sker s\u00e5 mange ting i den forening. Ring og bliv medlem. Det koster kun 50,- kroner om \u00e5ret. Program 2026\/27: Dato Program Klokkeslet Onsdag 11\/2 Gule &hellip; <a href=\"https:\/\/gludby.dk\/wp\/?page_id=129\">Continued<\/a><\/p>\n","protected":false},"author":1,"featured_media":0,"parent":0,"menu_order":0,"comment_status":"open","ping_status":"open","template":"","meta":{"footnotes":""},"class_list":["post-129","page","type-page","status-publish","hentry"],"_links":{"self":[{"href":"https:\/\/gludby.dk\/wp\/index.php?rest_route=\/wp\/v2\/pages\/129","targetHints":{"allow":["GET"]}}],"collection":[{"href":"https:\/\/gludby.dk\/wp\/index.php?rest_route=\/wp\/v2\/pages"}],"about":[{"href":"https:\/\/gludby.dk\/wp\/index.php?rest_route=\/wp\/v2\/types\/page"}],"author":[{"embeddable":true,"href":"https:\/\/gludby.dk\/wp\/index.php?rest_route=\/wp\/v2\/users\/1"}],"replies":[{"embeddable":true,"href":"https:\/\/gludby.dk\/wp\/index.php?rest_route=%2Fwp%2Fv2%2Fcomments&post=129"}],"version-history":[{"count":0,"href":"https:\/\/gludby.dk\/wp\/index.php?rest_route=\/wp\/v2\/pages\/129\/revisions"}],"wp:attachment":[{"href":"https:\/\/gludby.dk\/wp\/index.php?rest_route=%2Fwp%2Fv2%2Fmedia&parent=129"}],"curies":[{"name":"wp","href":"https:\/\/api.w.org\/{rel}","templated":true}]}}