{"id":131,"date":"2015-01-15T14:50:30","date_gmt":"2015-01-15T14:50:30","guid":{"rendered":"http:\/\/gludby.dk\/wp\/?page_id=131"},"modified":"2015-10-22T07:22:30","modified_gmt":"2015-10-22T07:22:30","slug":"glud-menighedsraad","status":"publish","type":"page","link":"https:\/\/gludby.dk\/wp\/?page_id=131","title":{"rendered":"Glud Kirke"},"content":{"rendered":"\n<ul class=\"nav nav-tabs sc_tabs kt-tabs kt-sc-tabs kt-tabs-style1\"><li class=\"active\"><a href=\"#sctab78690\">Glud Sogn<\/a><\/li>\n<li class=\"\"><a href=\"#sctab78691\">Glud Menighedsr\u00e5d<\/a><\/li>\n<li class=\"\"><a href=\"#sctab78692\">Hjarn\u00f8 Menighedsr\u00e5d<\/a><\/li><\/ul> <div class=\"tab-content kt-tab-content postclass\"><div class=\"tab-pane clearfix active\" id=\"sctab78690\">\n<figure id=\"attachment_1306\" class=\"thumbnail wp-caption alignleft\" style=\"width: 300px\"><a href=\"https:\/\/gludby.dk\/wp\/wp-content\/uploads\/2015\/01\/glud-kirke.jpg\"><img loading=\"lazy\" decoding=\"async\" class=\"wp-image-1306 size-medium\" src=\"https:\/\/gludby.dk\/wp\/wp-content\/uploads\/2015\/01\/glud-kirke-300x168.jpg\" alt=\"glud kirke\" width=\"300\" height=\"168\" srcset=\"https:\/\/gludby.dk\/wp\/wp-content\/uploads\/2015\/01\/glud-kirke-300x168.jpg 300w, https:\/\/gludby.dk\/wp\/wp-content\/uploads\/2015\/01\/glud-kirke.jpg 700w\" sizes=\"auto, (max-width: 300px) 100vw, 300px\" \/><\/a><figcaption class=\"caption wp-caption-text\">Glud kirke<\/figcaption><\/figure>\n<p>Glud Kirke er hjemmeh\u00f8rende i Glud Sogn og er i pastoratf\u00e6llesskab med Hjarn\u00f8 Kirke. Glud Kirke er endvidere en del af Hedensted Provsti og Haderslev Stift. Der kan l\u00e6ses mere om hvem der sidder i menighedsr\u00e5det og hvem der er ansatte p\u00e5 sogn.dk\/glud.<\/p>\n<p>&nbsp;<\/p>\n<p>Glud Kirke s\u00f8rger for et husstandsomdelt kirkeblad, der leveres til alle adresser i Gluds sogns omr\u00e5de samt sommerhusboliger med hel\u00e5rsstatus.<\/p>\n<figure id=\"attachment_1307\" class=\"thumbnail wp-caption alignright\" style=\"width: 300px\"><a href=\"https:\/\/gludby.dk\/wp\/wp-content\/uploads\/2015\/01\/Hjarn\u00f8-kirke-2006-2.jpg\"><img loading=\"lazy\" decoding=\"async\" class=\"wp-image-1307 size-medium\" src=\"https:\/\/gludby.dk\/wp\/wp-content\/uploads\/2015\/01\/Hjarn\u00f8-kirke-2006-2-300x225.jpg\" alt=\"Hjarn\u00f8+kirke+2006+(2)\" width=\"300\" height=\"225\" srcset=\"https:\/\/gludby.dk\/wp\/wp-content\/uploads\/2015\/01\/Hjarn\u00f8-kirke-2006-2-300x225.jpg 300w, https:\/\/gludby.dk\/wp\/wp-content\/uploads\/2015\/01\/Hjarn\u00f8-kirke-2006-2.jpg 320w\" sizes=\"auto, (max-width: 300px) 100vw, 300px\" \/><\/a><figcaption class=\"caption wp-caption-text\">Hjarn\u00f8 kirke<\/figcaption><\/figure>\n<p>Glud Kirke har gudstjenester stort set hver eneste s\u00f8ndag, hvortil kommer en del kirkelige aktiviteter: fra minikonfirmandundervisning p\u00e5 3. klassetrin over Sankt Hans-arrangement for b\u00f8rn og til sogneeftermiddage for de \u00e6ldre.<\/p>\n<p>&nbsp;<\/p>\n<p>Glud menighedsr\u00e5d best\u00e5r af 6 folkevalgte personer, som har til opgave at forvalte kirkens anliggender: administrativt, \u00f8konomisk og aktivitetsm\u00e6ssigt. Dvs. alt fra regnskab over kirkeg\u00e5rde, ans\u00e6ttelser, gudstjenester og andre kirkelige aktiviteter.<\/p>\n<p>&nbsp;<\/p>\n<p>Man er til enhver tid velkommen til at rette henvendelse til b\u00e5de ansatte, menighedsr\u00e5dsmedlemmer og pr\u00e6st med det, som man m\u00e5tte have p\u00e5 hjerte.<\/p>\n<p>&nbsp;<\/p>\n<p>&nbsp;<\/p>\n<figure id=\"attachment_1334\" class=\"thumbnail wp-caption alignleft\" style=\"width: 188px\"><a href=\"https:\/\/gludby.dk\/wp\/wp-content\/uploads\/2015\/01\/Ulrik-Dige.jpg\"><img loading=\"lazy\" decoding=\"async\" class=\"wp-image-1334 size-full\" src=\"https:\/\/gludby.dk\/wp\/wp-content\/uploads\/2015\/01\/Ulrik-Dige.jpg\" alt=\"Ulrik Dige\" width=\"188\" height=\"250\" \/><\/a><figcaption class=\"caption wp-caption-text\">Hans Ulrik Dige Glud Kirkevej 13 7130 Juelsminde Tlf: 7568 3059 Email: ud@km.dk<\/figcaption><\/figure>\n<p>&nbsp;<\/p>\n<p>&nbsp;<\/p>\n<p>&nbsp;<\/p>\n<p>&nbsp;<\/p>\n<p>&nbsp;<\/p>\n<p>&nbsp;<\/p>\n<p>&nbsp;<\/p>\n<p>&nbsp;<\/p>\n<p>&nbsp;<\/p>\n<p>&nbsp;<\/p>\n<p>&nbsp;<\/p>\n<\/div>\n<div class=\"tab-pane clearfix \" id=\"sctab78691\">\n<p>&nbsp;<\/p>\n<div class=\"row\"> <div class=\"col-md-6\">\n<p>FORMAND<br \/>\nJoan Olander Rasmussen<br \/>\nS\u00f8borgvej 17, Glud<br \/>\n7130 Juelsminde<br \/>\nEmail:\u00a0<a>joan.o.rasmussen@gmail.com<\/a><br \/>\nTlf: 3033 5953<\/p>\n<p>&nbsp;<\/p>\n<p>KIRKEV\u00c6RGE<br \/>\nBent Flemming Andersen<br \/>\nP\u00f8tvej 4, \u00d8strup<br \/>\n7130 Juelsminde<br \/>\nTlf: 6160 3507<\/p>\n<p>&nbsp;<\/p>\n<p>KONTAKTPERSON<br \/>\nJette Hartvigsen<br \/>\nTernevangen 3, Snaptun<br \/>\n7130 Juelsminde<br \/>\nTlf: 2482 3691<\/p>\n<\/div><div class=\"col-md-6\">\n<p>N\u00c6STFORMAND<br \/>\nHenrik Nielsen<br \/>\nFruens Toft 10<br \/>\n7130 Juelsminde<br \/>\nEmail:<br \/>\nTlf: 2040 6045<\/p>\n<p>&nbsp;<\/p>\n<p>KASSERER<br \/>\nMads Peder Sk\u00f8tt Lorenzen<br \/>\nS\u00f8borgvej 9, Glud<br \/>\n7130 Juelsminde<br \/>\nTlf: 2025 6262<\/p>\n<p>&nbsp;<\/p>\n<p>MENIGT MEDLEM<br \/>\nLiselotte Munk Sarkkinin<br \/>\nHolmen 3, Glud<br \/>\n7130 Juelsminde<br \/>\nTlf: 2618 4158<\/p>\n<\/div><\/div>\n<\/div>\n<div class=\"tab-pane clearfix \" id=\"sctab78692\">\nL\u00e6s mere om Hjarn\u00f8 Sogn p\u00e5 disse sider:<br \/>\n<a href=\"http:\/\/sogn.dk\/hjarnoe\/\" target=\"_blank\">http:\/\/sogn.dk\/hjarnoe\/<\/a><br \/>\n<\/div><\/div>\n\n<p>&nbsp;<\/p>\n<p>&nbsp;<\/p>\n<h3><\/h3>\n","protected":false},"excerpt":{"rendered":"<p>&nbsp; &nbsp;<\/p>\n","protected":false},"author":1,"featured_media":0,"parent":0,"menu_order":0,"comment_status":"open","ping_status":"open","template":"","meta":{"footnotes":""},"class_list":["post-131","page","type-page","status-publish","hentry"],"_links":{"self":[{"href":"https:\/\/gludby.dk\/wp\/index.php?rest_route=\/wp\/v2\/pages\/131","targetHints":{"allow":["GET"]}}],"collection":[{"href":"https:\/\/gludby.dk\/wp\/index.php?rest_route=\/wp\/v2\/pages"}],"about":[{"href":"https:\/\/gludby.dk\/wp\/index.php?rest_route=\/wp\/v2\/types\/page"}],"author":[{"embeddable":true,"href":"https:\/\/gludby.dk\/wp\/index.php?rest_route=\/wp\/v2\/users\/1"}],"replies":[{"embeddable":true,"href":"https:\/\/gludby.dk\/wp\/index.php?rest_route=%2Fwp%2Fv2%2Fcomments&post=131"}],"version-history":[{"count":0,"href":"https:\/\/gludby.dk\/wp\/index.php?rest_route=\/wp\/v2\/pages\/131\/revisions"}],"wp:attachment":[{"href":"https:\/\/gludby.dk\/wp\/index.php?rest_route=%2Fwp%2Fv2%2Fmedia&parent=131"}],"curies":[{"name":"wp","href":"https:\/\/api.w.org\/{rel}","templated":true}]}}