{"id":1434,"date":"2015-10-20T08:38:15","date_gmt":"2015-10-20T08:38:15","guid":{"rendered":"http:\/\/gludby.dk\/wp\/?page_id=1434"},"modified":"2025-04-08T12:28:24","modified_gmt":"2025-04-08T12:28:24","slug":"krolf-i-glud","status":"publish","type":"page","link":"https:\/\/gludby.dk\/wp\/?page_id=1434","title":{"rendered":"Glud Krolf"},"content":{"rendered":"<p>GLUD Krolf er en popul\u00e6r fritidsinteresse i Glud.<br \/>\nKrolf i Glud blev opstartet i 2013, af Iben S\u00f8rensen og Henry Rasmussen. I dag er vi 28<br \/>\nmedlemmer. Alder mellem 50 og 90 \u00e5r.<br \/>\nKunne du t\u00e6nke dig at pr\u00f8ve at spille Krolf og deltage i det hyggelige samv\u00e6r,<br \/>\ns\u00e5 er du MEGET velkommen p\u00e5 banerne bag Glud Hallen. Vi m\u00f8des ved Glud<br \/>\nSkytteforenings klubhus.<\/p>\n<p>Mandage kl. 13.30 til ca. 15.30 og onsdage kl. 13.30 til ca. kl. 15.30.<br \/>\nDer er ingen m\u00f8detvang. Man kommer n\u00e5r man kan og har tid og lyst.<br \/>\nVi har kugler og k\u00f8ller du kan l\u00e5ne og det er ikke fysisk kr\u00e6vende.<br \/>\nDer er adgang til hallens toiletter.<br \/>\nDet \u00e5rlige kontingent er kr. 150,-. Og det er naturligvis gratis at pr\u00f8ve et par gange.<br \/>\nVi gl\u00e6der os til at se dig.<\/p>\n<p>Formand:<br \/>\nAne Marie Kraul<br \/>\n21476120<br \/>\n<span style=\"color: initial;\">amkraul@live.dk<\/span><\/p>\n<p>Kasserer:<br \/>\nRagna Vase<br \/>\n4062 4232<br \/>\n<a href=\"mailto:Vase.hosby@mail.tele.dk\">Vase.hosby@mail.tele.dk<\/a><\/p>\n<p>Du kan her l\u00e6se en artikel fra Horsens Folkeblad:<br \/>\n<a href=\"https:\/\/gludby.dk\/wp\/?p=833\" target=\"_blank\" rel=\"noopener\">Krolf hitter i Glud.<\/a><\/p>\n<p><a href=\"https:\/\/gludby.dk\/wp\/wp-content\/uploads\/2015\/10\/Krolf_i_Glud.png\"><img loading=\"lazy\" decoding=\"async\" class=\"aligncenter wp-image-1435 size-full\" src=\"https:\/\/gludby.dk\/wp\/wp-content\/uploads\/2015\/10\/Krolf_i_Glud.png\" alt=\"Krolf_i_Glud\" width=\"733\" height=\"491\" srcset=\"https:\/\/gludby.dk\/wp\/wp-content\/uploads\/2015\/10\/Krolf_i_Glud.png 733w, https:\/\/gludby.dk\/wp\/wp-content\/uploads\/2015\/10\/Krolf_i_Glud-300x201.png 300w\" sizes=\"auto, (max-width: 733px) 100vw, 733px\" \/><\/a><\/p>\n","protected":false},"excerpt":{"rendered":"<p>GLUD Krolf er en popul\u00e6r fritidsinteresse i Glud. Krolf i Glud blev opstartet i 2013, af Iben S\u00f8rensen og Henry Rasmussen. I dag er vi 28 medlemmer. Alder mellem 50 og 90 \u00e5r. Kunne du t\u00e6nke dig at pr\u00f8ve at &hellip; <a href=\"https:\/\/gludby.dk\/wp\/?page_id=1434\">Continued<\/a><\/p>\n","protected":false},"author":3,"featured_media":0,"parent":0,"menu_order":0,"comment_status":"closed","ping_status":"closed","template":"","meta":{"footnotes":""},"class_list":["post-1434","page","type-page","status-publish","hentry"],"_links":{"self":[{"href":"https:\/\/gludby.dk\/wp\/index.php?rest_route=\/wp\/v2\/pages\/1434","targetHints":{"allow":["GET"]}}],"collection":[{"href":"https:\/\/gludby.dk\/wp\/index.php?rest_route=\/wp\/v2\/pages"}],"about":[{"href":"https:\/\/gludby.dk\/wp\/index.php?rest_route=\/wp\/v2\/types\/page"}],"author":[{"embeddable":true,"href":"https:\/\/gludby.dk\/wp\/index.php?rest_route=\/wp\/v2\/users\/3"}],"replies":[{"embeddable":true,"href":"https:\/\/gludby.dk\/wp\/index.php?rest_route=%2Fwp%2Fv2%2Fcomments&post=1434"}],"version-history":[{"count":0,"href":"https:\/\/gludby.dk\/wp\/index.php?rest_route=\/wp\/v2\/pages\/1434\/revisions"}],"wp:attachment":[{"href":"https:\/\/gludby.dk\/wp\/index.php?rest_route=%2Fwp%2Fv2%2Fmedia&parent=1434"}],"curies":[{"name":"wp","href":"https:\/\/api.w.org\/{rel}","templated":true}]}}