{"id":1528,"date":"2015-10-27T12:22:07","date_gmt":"2015-10-27T12:22:07","guid":{"rendered":"http:\/\/gludby.dk\/wp\/?page_id=1528"},"modified":"2025-03-26T09:53:29","modified_gmt":"2025-03-26T09:53:29","slug":"dilettantforeningen","status":"publish","type":"page","link":"https:\/\/gludby.dk\/wp\/?page_id=1528","title":{"rendered":"Glud Revy &amp; Dilettantforening (OPL\u00d8ST)"},"content":{"rendered":"<p><strong><span style=\"color: #ff0000;\">Glud Koncert-og Dilettantforening blev desv\u00e6rre opl\u00f8st 28. november 2023.<\/span><\/strong><br \/>\n<strong><span style=\"color: #ff0000;\">Vi lader dog nedenst\u00e5ende tekst blive st\u00e5ende p\u00e5 siderne.<\/span><\/strong><\/p>\n<p>Glud Koncert-og Dilettantforening blev stiftet i 1927 og er s\u00e5 vidt vides den n\u00e6st \u00e6ldste forening af sin art i Danmark. I starten arrangerede foreningen b\u00e5de koncerter og opf\u00f8rte dilettantstykker. Midt i 50&#8217;erne\u00a0droppede man koncerterne og gik over til kun at opf\u00f8re dilettantstykker hvert \u00e5r.<\/p>\n<p>I 1987 ved foreningens 70 \u00e5rs jubil\u00e6um pr\u00f8vede vi for f\u00f8rste gang kr\u00e6fter med genren revy og det har vi holdt ved siden.<\/p>\n<p>Foreningen opf\u00f8rer nu revy hvert andet \u00e5r i ulige \u00e5rstal. Altid i marts m\u00e5ned.<\/p>\n<p>I 2017 fylder foreningen 90 \u00e5r og det skal selvf\u00f8lgelig fejres med en jubil\u00e6umsrevy. Det bliver i marts m\u00e5ned. Datoerne ligger p\u00e5 nuv\u00e6rende tidspunkt ikke fast.<\/p>\n<p>Glud Revyen har i\u00f8vrigt deres egen <a href=\"https:\/\/www.facebook.com\/groups\/1397499457212721\/?fref=ts\" target=\"_blank\" rel=\"noopener\">Facebook Gruppe.<\/a><\/p>\n<p><span style=\"text-decoration: underline;\"><strong>Foreningens sidste bestyrelse :<\/strong><\/span><\/p>\n<p><strong>Formand<\/strong><br \/>\nAnette Oehlenschlaeger Nielsen<\/p>\n<p><strong>N\u00e6stformand<\/strong><br \/>\nEllen Holdgaard<\/p>\n<p><strong>Kasserer<\/strong><br \/>\nKirsten Kristensen<\/p>\n<p><strong>Bestyrelsesmedlemmer<\/strong><br \/>\nLaila Baden, Merete Lyse, Paul Jensen og Bjarne Pedersen.<\/p>\n<figure id=\"attachment_1529\" class=\"thumbnail wp-caption aligncenter\" style=\"width: 433px\"><a href=\"https:\/\/gludby.dk\/wp\/wp-content\/uploads\/2015\/10\/glud_revy.gif\"><img loading=\"lazy\" decoding=\"async\" class=\"wp-image-1529 size-full\" src=\"https:\/\/gludby.dk\/wp\/wp-content\/uploads\/2015\/10\/glud_revy.gif\" alt=\"glud_revy\" width=\"433\" height=\"412\" \/><\/a><figcaption class=\"caption wp-caption-text\">Billedet af revyholdet her er fra 2013.<\/figcaption><\/figure>\n<p><strong>Arkiv over tidligere revyer:<\/strong><\/p>\n<p><a href=\"https:\/\/gludby.dk\/wp\/wp-content\/uploads\/2015\/01\/10257525_10200247854875660_7778385506404856844_o.jpg\" target=\"_blank\" rel=\"noopener\">&#8220;Helt fremme i st\u00f8vlerne&#8221; \u00a0&#8211; \u00a02015<\/a><\/p>\n<p><a href=\"https:\/\/gludby.dk\/wp\/wp-content\/uploads\/2015\/10\/glud_revy.gif\" target=\"_blank\" rel=\"noopener\">&#8220;S\u00e5 letter vi&#8221; \u00a0&#8211; \u00a02013<\/a><\/p>\n<p>&#8220;<a href=\"https:\/\/gludby.dk\/wp\/wp-content\/uploads\/2015\/10\/Revy2011.pdf\" target=\"_blank\" rel=\"noopener\">Pletskud&#8221; \u00a0&#8211; \u00a02011<\/a><\/p>\n<p>Jubil\u00e6umsrevy &#8211; 1997<\/p>\n<p>Revy &#8211; &#8220;Bal i den borgerlige&#8221; &#8211; 1996<\/p>\n<p>Revy &#8211; &#8220;Hvad venter vi p\u00e5&#8221; &#8211; 1994<\/p>\n<p>Revy &#8211; &#8220;Er du vild mand&#8221; &#8211; 1993<\/p>\n<p>&#8220;Byttecentralen&#8221; &#8211; 1992<\/p>\n<p>Revy &#8211; &#8220;S\u00e5 til s\u00f8s&#8221; &#8211; 1991<\/p>\n<p>Revy &#8211; 1990<\/p>\n<p>&#8220;Hendes ukendte mand&#8221; &#8211; 1989<\/p>\n<p>&#8220;Den k\u00e6kke sv\u00f8mmer&#8221; &#8211; 1988<\/p>\n<p>&#8220;Jubil\u00e6umsrevy&#8221; &#8211; 1987<\/p>\n<p>&#8220;Pas p\u00e5 malingen&#8221; &#8211; 1986<\/p>\n<p>&#8220;Tante Jutta fra Kalkutta&#8221; &#8211; 1985<\/p>\n<p>&#8220;Stamherren&#8221; &#8211; 1984<\/p>\n<p>&#8220;Flammedanserinden&#8221; &#8211; 1983<\/p>\n<p>&#8220;Regnfrakken&#8221; &#8211; 1982<\/p>\n<p>&#8220;Morskab&#8221; &#8211; 1981<\/p>\n<p>&#8220;Sct. Peter bevilger orlov&#8221; &#8211; 1980<\/p>\n<p>&#8220;N\u00e5r krybben tom&#8221; &#8211; 1979<\/p>\n<p>&#8220;S\u00f8mand pas p\u00e5&#8221; &#8211; 1978<\/p>\n<p>&#8220;Filialen i Aarhus&#8221; &#8211; 1977<\/p>\n<p>&#8220;Den nye husassistent&#8221; &#8211; 1976<\/p>\n<p>&#8220;Br\u00e6drene \u00d8stermands Huskors&#8221; &#8211; 1975<\/p>\n<p>&#8220;Musef\u00e6lden&#8221; &#8211; 1974<\/p>\n<p>&#8220;Bunbury&#8221; &#8211; 1973<\/p>\n<p>&#8220;Ferieg\u00e6sterne&#8221; &#8211; 1972<\/p>\n<p>&#8220;Min kone fra Paris&#8221; &#8211; 1971<\/p>\n<p>&#8220;Tony tegner en Hest&#8221; &#8211; 1970<\/p>\n<p>Vinter: &#8220;Du kan ikke tage det med dig&#8221; &#8211; 1968<br \/>\nSommer: &#8220;Intrigerne&#8221; &#8211; 1968<\/p>\n<p>Vinter: &#8220;Eventyr p\u00e5 Fodrejsen&#8221; &#8211; 1967<br \/>\nSommer: &#8220;Uffe hin Spage og Da baby skulle p\u00e5 hotel&#8221; &#8211; 1967<\/p>\n<p>&#8220;Hellig Trekongers Aften &#8211; Andespil&#8221; &#8211; 1965<\/p>\n<p>&#8220;Cocktail&#8221; &#8211; 1963<\/p>\n<p><em>ingen oplysning<\/em> &#8211; 1962<\/p>\n<p>&#8220;Arsenik og gamle kniplinge&#8221; &#8211; 1961<\/p>\n<p>&#8220;Den politiske Kandest\u00f8ber&#8221; &#8211; 1960<\/p>\n<p>&#8220;Genboerne&#8221; &#8211; 1959<\/p>\n<p>&#8220;Klokke kilden&#8221; &#8211; 1958<\/p>\n<p>&#8220;Min egen Dreng&#8221; &#8211; 1957<\/p>\n<p>Koncert &#8211; 1956<\/p>\n<p>&#8220;Sp\u00f8gelsestoget&#8221; &#8211; Koncert &#8211; 1955<\/p>\n<p>&#8220;F\u00f8rste Violin&#8221; &#8211; Koncert &#8211; 1954<\/p>\n<p>&#8220;Henrik og Pernille&#8221; &#8211; 1953<\/p>\n<p>&#8220;Gammeldags Aften&#8221; &#8211; Koncert &#8211; 1952<\/p>\n<p>&#8220;Br\u00f8drene \u00d8stermans Huskors&#8221; &#8211; Koncert &#8211; 1951<\/p>\n<p>&#8220;Ambrosius&#8221; &#8211; 1950<\/p>\n<p>&#8220;Oprejsningens Dag&#8221; &#8211; Koncert &#8211; 1949<\/p>\n<p>&#8220;Husker du i h\u00f8st&#8221; &#8211; Koncert &#8211; 1948<\/p>\n<p>&#8220;En s\u00f8ndag p\u00e5 Amager&#8221; &#8211; Koncert &#8211; 1946<\/p>\n<p><em>ingen oplysning<\/em> &#8211; 1945<\/p>\n<p><em>ingen oplysning<\/em>\u00a0&#8211; 1944<\/p>\n<p>&#8220;Aff\u00e6ren i M\u00f8lleby&#8221; &#8211; 1943<\/p>\n<p><em>ingen oplysning<\/em> &#8211; 1942<\/p>\n<p>&#8220;Ferieg\u00e6sterne&#8221; &#8211; 1941<\/p>\n<p><em>ingen oplysning<\/em>\u00a0&#8211; 1940<\/p>\n<p>Det er oplyst at der 1-2 gange under 2. verdenskrig ikke blev opf\u00f8rt stykker,<br \/>\nda tyskerne havde\u00a0interneret forsamlingshuset.<\/p>\n<p><em>ingen oplysning<\/em>\u00a0&#8211; 1939<\/p>\n<p><em>ingen oplysning<\/em>\u00a0&#8211; 1938<\/p>\n<p><em>ingen oplysning<\/em>\u00a0&#8211; 1937<\/p>\n<p><em>ingen oplysning<\/em>\u00a0&#8211; 1936<\/p>\n<p>&#8220;Under Hammeren og Den Tredje&#8221; &#8211; 1935<\/p>\n<p>&#8220;Ideale Magter&#8221; &#8211; 1934<\/p>\n<p>&#8220;Eventyr p\u00e5 Fodrejsen&#8221; &#8211; 1933<\/p>\n<p>&#8220;V\u00e6kkeuret&#8221; &#8211; 1927-32<\/p>\n<p>&#8220;Studeprangeren&#8221; &#8211; 1927-32<\/p>\n<p>&#8220;Asmines Bryllup&#8221; &#8211; 1927-32<\/p>\n<p>&#8220;\u00d8stergaard og Vestergaard&#8221; &#8211; 1927-32<\/p>\n","protected":false},"excerpt":{"rendered":"<p>Glud Koncert-og Dilettantforening blev desv\u00e6rre opl\u00f8st 28. november 2023. Vi lader dog nedenst\u00e5ende tekst blive st\u00e5ende p\u00e5 siderne. Glud Koncert-og Dilettantforening blev stiftet i 1927 og er s\u00e5 vidt vides den n\u00e6st \u00e6ldste forening af sin art i Danmark. I &hellip; <a href=\"https:\/\/gludby.dk\/wp\/?page_id=1528\">Continued<\/a><\/p>\n","protected":false},"author":3,"featured_media":0,"parent":0,"menu_order":0,"comment_status":"closed","ping_status":"closed","template":"","meta":{"footnotes":""},"class_list":["post-1528","page","type-page","status-publish","hentry"],"_links":{"self":[{"href":"https:\/\/gludby.dk\/wp\/index.php?rest_route=\/wp\/v2\/pages\/1528","targetHints":{"allow":["GET"]}}],"collection":[{"href":"https:\/\/gludby.dk\/wp\/index.php?rest_route=\/wp\/v2\/pages"}],"about":[{"href":"https:\/\/gludby.dk\/wp\/index.php?rest_route=\/wp\/v2\/types\/page"}],"author":[{"embeddable":true,"href":"https:\/\/gludby.dk\/wp\/index.php?rest_route=\/wp\/v2\/users\/3"}],"replies":[{"embeddable":true,"href":"https:\/\/gludby.dk\/wp\/index.php?rest_route=%2Fwp%2Fv2%2Fcomments&post=1528"}],"version-history":[{"count":0,"href":"https:\/\/gludby.dk\/wp\/index.php?rest_route=\/wp\/v2\/pages\/1528\/revisions"}],"wp:attachment":[{"href":"https:\/\/gludby.dk\/wp\/index.php?rest_route=%2Fwp%2Fv2%2Fmedia&parent=1528"}],"curies":[{"name":"wp","href":"https:\/\/api.w.org\/{rel}","templated":true}]}}