{"id":153,"date":"2015-01-15T15:30:00","date_gmt":"2015-01-15T15:30:00","guid":{"rendered":"http:\/\/gludby.dk\/wp\/?page_id=153"},"modified":"2018-04-10T05:25:55","modified_gmt":"2018-04-10T05:25:55","slug":"glud-skytteforening","status":"publish","type":"page","link":"https:\/\/gludby.dk\/wp\/?page_id=153","title":{"rendered":"Glud Skytteforening"},"content":{"rendered":"<p>&nbsp;<\/p>\n<p>Du finder os p\u00e5 f\u00f8lgende adresse: S\u00f8nderbakken i Glud, 7130 Juelsminde<\/p>\n<p>K\u00f8r ned af S\u00f8nderbakken, og lige efter du har passeret Glud Skole p\u00e5 din h\u00f8jre h\u00e5nd, st\u00e5r der et skilt til h\u00f8jre med &#8220;Skydebane&#8221;. Du finder os for enden af parkeringspladsen.<\/p>\n<p><strong>Postadresse:<\/strong> Bem\u00e6rk\u00a0at post\u00a0sendes til Jens J\u00f8rgen Jensen, Gludvej 115, 7130 Juelsminde.<\/p>\n<table border=\"0\" align=\"center\">\n<tbody>\n<tr>\n<td valign=\"middle\">\n<h4>Kom og pr\u00f8v at skyde<\/h4>\n<\/td>\n<\/tr>\n<tr>\n<td>Synes du at det vil v\u00e6re sp\u00e6ndendeat skyde, men er ikke sikker p\u00e5 at du vil v\u00e6re medlem? Alle er velkomne til at pr\u00f8ve at skyde, det koster kun almindelig tr\u00e6ningspris. S\u00e5 kan du se, om skydning er noget for dig, inden du melder dig ind. Du m\u00f8der blot op p\u00e5 vores tr\u00e6ningsaftner og l\u00e5ner et af vores gev\u00e6rer. Vores instrukt\u00f8rer hj\u00e6lper og guider dig under hele din skydning. Har du sp\u00f8rgsm\u00e5l, kan du ogs\u00e5 kontakte et af vores\u00a0<a title=\"Bestyrelse\" href=\"http:\/\/www.gludskytteforening.dk\/437189257\" target=\"_blank\" rel=\"noopener\">bestyrelsesmedlemmer<\/a>.<\/td>\n<\/tr>\n<\/tbody>\n<\/table>\n<p>&nbsp;<\/p>\n<p>Glud skytteforening har deres egen hjemmeside her:<\/p>\n<p><a href=\"http:\/\/www.gludskytteforening.dk\/\" target=\"_blank\" rel=\"noopener\">http:\/\/www.gludskytteforening.dk\/<\/a><\/p>\n","protected":false},"excerpt":{"rendered":"<p>&nbsp; Du finder os p\u00e5 f\u00f8lgende adresse: S\u00f8nderbakken i Glud, 7130 Juelsminde K\u00f8r ned af S\u00f8nderbakken, og lige efter du har passeret Glud Skole p\u00e5 din h\u00f8jre h\u00e5nd, st\u00e5r der et skilt til h\u00f8jre med &#8220;Skydebane&#8221;. Du finder os for &hellip; <a href=\"https:\/\/gludby.dk\/wp\/?page_id=153\">Continued<\/a><\/p>\n","protected":false},"author":1,"featured_media":0,"parent":0,"menu_order":0,"comment_status":"open","ping_status":"open","template":"","meta":{"footnotes":""},"class_list":["post-153","page","type-page","status-publish","hentry"],"_links":{"self":[{"href":"https:\/\/gludby.dk\/wp\/index.php?rest_route=\/wp\/v2\/pages\/153","targetHints":{"allow":["GET"]}}],"collection":[{"href":"https:\/\/gludby.dk\/wp\/index.php?rest_route=\/wp\/v2\/pages"}],"about":[{"href":"https:\/\/gludby.dk\/wp\/index.php?rest_route=\/wp\/v2\/types\/page"}],"author":[{"embeddable":true,"href":"https:\/\/gludby.dk\/wp\/index.php?rest_route=\/wp\/v2\/users\/1"}],"replies":[{"embeddable":true,"href":"https:\/\/gludby.dk\/wp\/index.php?rest_route=%2Fwp%2Fv2%2Fcomments&post=153"}],"version-history":[{"count":0,"href":"https:\/\/gludby.dk\/wp\/index.php?rest_route=\/wp\/v2\/pages\/153\/revisions"}],"wp:attachment":[{"href":"https:\/\/gludby.dk\/wp\/index.php?rest_route=%2Fwp%2Fv2%2Fmedia&parent=153"}],"curies":[{"name":"wp","href":"https:\/\/api.w.org\/{rel}","templated":true}]}}