{"id":1562,"date":"2015-10-29T18:50:33","date_gmt":"2015-10-29T18:50:33","guid":{"rendered":"http:\/\/gludby.dk\/wp\/?page_id=1562"},"modified":"2015-10-29T18:50:33","modified_gmt":"2015-10-29T18:50:33","slug":"aeldrecenteret-museumsvaenget","status":"publish","type":"page","link":"https:\/\/gludby.dk\/wp\/?page_id=1562","title":{"rendered":"\u00c6ldrecenteret Museumsv\u00e6nget"},"content":{"rendered":"<p>Lige ved siden af muset i Glud ligger der 20 dejlige \u00e6ldreboliger, med g\u00e5afstand til bud og indk\u00f8bsmuligheder.<\/p>\n<p>\u00c6ldrecenteret str\u00e6kker sig p\u00e5 adresserne Museumsv\u00e6nget 4 &#8211; 27 og best\u00e5r 20 et-plans boliger p\u00e5 66 kvardratmeter.<\/p>\n<p>\u00c6ldrecenteret har ogs\u00e5 et f\u00e6lleshus som ligger midten af alle boligerne,<br \/>\nhvor der arrangeres f\u00e6lles aktiviteter mv.<\/p>\n<p>Ejendommene administreres af\u00a0<a href=\"http:\/\/www.jab1946.dk\/index.php\/2013-12-11-12-20-15\" target=\"_blank\">Juelsmindehalv\u00f8ens Alemene Boligselskab<\/a> men visiteres igennem <a href=\"http:\/\/www.hedensted.dk\/\" target=\"_blank\">Hedensted Komune.<\/a><\/p>\n<p>&nbsp;<\/p>\n<p>&nbsp;<\/p>\n<p><center><iframe loading=\"lazy\" src=\"https:\/\/www.google.com\/maps\/embed?pb=!1m18!1m12!1m3!1d2242.1726516335702!2d9.991850315932716!3d55.807602980568056!2m3!1f0!2f0!3f0!3m2!1i1024!2i768!4f13.1!3m3!1m2!1s0x464c6023246315e1%3A0xbc4cba439e4a85d9!2sMuseumsv%C3%A6nget%2C+8700+Horsens!5e0!3m2!1sda!2sdk!4v1446144473006\" width=\"600\" height=\"450\" frameborder=\"0\" style=\"border:0\" allowfullscreen><\/iframe><\/center><\/p>\n","protected":false},"excerpt":{"rendered":"<p>Lige ved siden af muset i Glud ligger der 20 dejlige \u00e6ldreboliger, med g\u00e5afstand til bud og indk\u00f8bsmuligheder. \u00c6ldrecenteret str\u00e6kker sig p\u00e5 adresserne Museumsv\u00e6nget 4 &#8211; 27 og best\u00e5r 20 et-plans boliger p\u00e5 66 kvardratmeter. \u00c6ldrecenteret har ogs\u00e5 et f\u00e6lleshus &hellip; <a href=\"https:\/\/gludby.dk\/wp\/?page_id=1562\">Continued<\/a><\/p>\n","protected":false},"author":3,"featured_media":0,"parent":0,"menu_order":0,"comment_status":"closed","ping_status":"closed","template":"","meta":{"footnotes":""},"class_list":["post-1562","page","type-page","status-publish","hentry"],"_links":{"self":[{"href":"https:\/\/gludby.dk\/wp\/index.php?rest_route=\/wp\/v2\/pages\/1562","targetHints":{"allow":["GET"]}}],"collection":[{"href":"https:\/\/gludby.dk\/wp\/index.php?rest_route=\/wp\/v2\/pages"}],"about":[{"href":"https:\/\/gludby.dk\/wp\/index.php?rest_route=\/wp\/v2\/types\/page"}],"author":[{"embeddable":true,"href":"https:\/\/gludby.dk\/wp\/index.php?rest_route=\/wp\/v2\/users\/3"}],"replies":[{"embeddable":true,"href":"https:\/\/gludby.dk\/wp\/index.php?rest_route=%2Fwp%2Fv2%2Fcomments&post=1562"}],"version-history":[{"count":0,"href":"https:\/\/gludby.dk\/wp\/index.php?rest_route=\/wp\/v2\/pages\/1562\/revisions"}],"wp:attachment":[{"href":"https:\/\/gludby.dk\/wp\/index.php?rest_route=%2Fwp%2Fv2%2Fmedia&parent=1562"}],"curies":[{"name":"wp","href":"https:\/\/api.w.org\/{rel}","templated":true}]}}