{"id":177,"date":"2015-01-15T16:00:13","date_gmt":"2015-01-15T16:00:13","guid":{"rendered":"http:\/\/gludby.dk\/wp\/?page_id=177"},"modified":"2020-04-04T19:34:08","modified_gmt":"2020-04-04T19:34:08","slug":"avisindsamling","status":"publish","type":"page","link":"https:\/\/gludby.dk\/wp\/?page_id=177","title":{"rendered":"Avisindsamling"},"content":{"rendered":"<p>Med avisindsamling st\u00f8tter du &#8220;Skjolds Venner&#8221;<\/p>\n<p>Husk avisskuret ved Glud Hallen er<br \/>\n\u00e5bent hver l\u00f8rdag fra 9-15<\/p>\n<p><a href=\"https:\/\/gludby.dk\/wp\/?p=4080\"><b>Se indsamling for 2020 her.<\/b><\/a><\/p>\n<p>Det er ikke tilladt at aflevere brugte pizza bakker og lign. med madrester da det tiltr\u00e6kker skadedyr som rotter og mus.<\/p>\n<p>P\u00e5 afhentningsdagen skal papir, som \u00f8nskes afhentet s\u00e6ttes ud til vejen inden kl. 10.00.<br \/>\nAviserne skal v\u00e6re bundtet med snor, eller samlet p\u00e5 anden m\u00e5de, f.eks. i papkasser eller plastposer, s\u00e5 det er nemt for indsamlerne,<br \/>\nat f\u00e5 dem op i vognen.<br \/>\nHusk ogs\u00e5 p\u00e5 at vi skal kunne l\u00f8fte kasserne.<\/p>\n<p>Avisindsamlingen finder sted fra kl. 10 &#8211; 12<\/p>\n<p>Har du en ledig stund &#8211; kan vi altid bruge en ekstra h\u00e5nd.<br \/>\nEndvidere har vores avisskur for enden af Gludhallen \u00e5ben<br \/>\nhver l\u00f8rdag fra 9 \u2013 15.<\/p>\n<p><span style=\"text-decoration: underline;\">Husk aviser fra den bl\u00e5 avis-container ikke st\u00f8tter klubben.<\/span><\/p>\n<p>Kontaktperson: Danny M\u00f8ller p\u00e5 tlf. 20 12 32 70<\/p>\n<p><a href=\"https:\/\/gludby.dk\/wp\/wp-content\/uploads\/2015\/01\/IMG_2756.jpg\"><img loading=\"lazy\" decoding=\"async\" class=\"alignnone wp-image-178 size-large\" src=\"https:\/\/gludby.dk\/wp\/wp-content\/uploads\/2015\/01\/IMG_2756-1024x683.jpg\" alt=\"IMG_2756\" width=\"940\" height=\"627\" srcset=\"https:\/\/gludby.dk\/wp\/wp-content\/uploads\/2015\/01\/IMG_2756-1024x683.jpg 1024w, https:\/\/gludby.dk\/wp\/wp-content\/uploads\/2015\/01\/IMG_2756-300x200.jpg 300w\" sizes=\"auto, (max-width: 940px) 100vw, 940px\" \/><\/a><\/p>\n<div class=\"inpostbox\">L\u00e6s mere om avisindsamling p\u00e5 Skjolds Venners hjemmeside<b><\/b><br \/>\n<a href=\"http:\/\/www.snaptunhavnefest.dk\" target=\"_blank\" rel=\"noopener noreferrer\">Snaptunhavnefest.dk<\/a><\/div>\n","protected":false},"excerpt":{"rendered":"<p>Med avisindsamling st\u00f8tter du &#8220;Skjolds Venner&#8221; Husk avisskuret ved Glud Hallen er \u00e5bent hver l\u00f8rdag fra 9-15 Se indsamling for 2020 her. Det er ikke tilladt at aflevere brugte pizza bakker og lign. med madrester da det tiltr\u00e6kker skadedyr som &hellip; <a href=\"https:\/\/gludby.dk\/wp\/?page_id=177\">Continued<\/a><\/p>\n","protected":false},"author":1,"featured_media":178,"parent":0,"menu_order":0,"comment_status":"open","ping_status":"open","template":"","meta":{"footnotes":""},"class_list":["post-177","page","type-page","status-publish","has-post-thumbnail","hentry"],"_links":{"self":[{"href":"https:\/\/gludby.dk\/wp\/index.php?rest_route=\/wp\/v2\/pages\/177","targetHints":{"allow":["GET"]}}],"collection":[{"href":"https:\/\/gludby.dk\/wp\/index.php?rest_route=\/wp\/v2\/pages"}],"about":[{"href":"https:\/\/gludby.dk\/wp\/index.php?rest_route=\/wp\/v2\/types\/page"}],"author":[{"embeddable":true,"href":"https:\/\/gludby.dk\/wp\/index.php?rest_route=\/wp\/v2\/users\/1"}],"replies":[{"embeddable":true,"href":"https:\/\/gludby.dk\/wp\/index.php?rest_route=%2Fwp%2Fv2%2Fcomments&post=177"}],"version-history":[{"count":0,"href":"https:\/\/gludby.dk\/wp\/index.php?rest_route=\/wp\/v2\/pages\/177\/revisions"}],"wp:featuredmedia":[{"embeddable":true,"href":"https:\/\/gludby.dk\/wp\/index.php?rest_route=\/wp\/v2\/media\/178"}],"wp:attachment":[{"href":"https:\/\/gludby.dk\/wp\/index.php?rest_route=%2Fwp%2Fv2%2Fmedia&parent=177"}],"curies":[{"name":"wp","href":"https:\/\/api.w.org\/{rel}","templated":true}]}}