{"id":1853,"date":"2016-01-14T13:23:44","date_gmt":"2016-01-14T13:23:44","guid":{"rendered":"http:\/\/gludby.dk\/wp\/?page_id=1853"},"modified":"2016-01-14T13:28:09","modified_gmt":"2016-01-14T13:28:09","slug":"vedtaegter","status":"publish","type":"page","link":"https:\/\/gludby.dk\/wp\/?page_id=1853","title":{"rendered":"Vedt\u00e6gter"},"content":{"rendered":"<p>Herunder finder du vedt\u00e6gterne for Glud og omegns Borgerforening og lokalr\u00e5d.<\/p>\n<p>&nbsp;<\/p>\n<p><strong>\u00a71.<\/strong><br \/>\nForeningens navn er Glud &amp; Omegns Borgerforening.<\/p>\n<p><strong>\u00a72.<\/strong><br \/>\nForeningens form\u00e5l er at samle beboere i Glud og Omegn i en ikke partipolitisk forening for at varetage kulturelle og erhvervsm\u00e6ssige interesser og selskabelige form\u00e5l og at v\u00e6re kontaktorgan for tilflyttere, og andre.<br \/>\nForeningen skal endvidere kunne varetage borgernes interesser ved henvendelse til s\u00e5vel offentlige myndigheder og institutioner.<\/p>\n<p><strong>\u00a73.<\/strong><br \/>\nSom medlem kan optages enhver der er fyldt 18 \u00e5r og bor i eller efter bestyrelsens sk\u00f8n har tilknytning til omr\u00e5det<\/p>\n<p><strong>\u00a74.<\/strong><br \/>\nAdgang til foreningens sammenkomster har medlemmerne.<\/p>\n<p><strong>\u00a75.<\/strong><br \/>\nForeningens regnskabs\u00e5r er 1\/1 til 31\/12.<\/p>\n<p><strong>\u00a76.<\/strong><br \/>\nOrdin\u00e6r generalforsamling afholdes 1 gang, hvert\u00a0kalender\u00e5r inden 1. april. Der indkaldes til denne med\u00a014 dages varsel ved avertering i de lokale blade.<\/p>\n<p><strong>\u00a77.<\/strong><br \/>\nDagsorden for ordin\u00e6r generalforsamling er:<\/p>\n<ul>\n<li>Dagsorden for ordin\u00e6r generalforsamling er<\/li>\n<li>Beretning<\/li>\n<li>Regnskab<\/li>\n<li>Indkomne forslag<\/li>\n<li>Valg<\/li>\n<li>Eventuelt<\/li>\n<\/ul>\n<p><strong>\u00a78.<\/strong><br \/>\nDer indkaldes ved bestyrelsens foranstaltning til ekstraordin\u00e6r\u00a0generalforsamling, n\u00e5r mindst 10 af medlemmerne skriftlig\u00a0forlanger det, eller n\u00e5r bestyrelsen beslutter det.<\/p>\n<p><strong>\u00a79.<\/strong><br \/>\nVed stemmelighed efter 2 afstemninger p\u00e5 en generalforsamling er formandens stemme afg\u00f8rende.<\/p>\n<p><strong>\u00a710.<\/strong><br \/>\nForeningens bestyrelse best\u00e5r af 5 medlemmer, der efter\u00a0hver generalforsamling konstituerer sig selv med formand,\u00a0n\u00e6stformand, kasserer, sekret\u00e6r og bestyrelsesmedlem.\u00a0Alle bestyrelsesmedlemmer v\u00e6lges for 2 \u00e5r, idet der i\u00a0ulige \u00e5r afg\u00e5r 3 medlemmer og lige \u00e5r afg\u00e5r 2 medlemmer.<\/p>\n<p>F\u00f8rste gang efter 1 \u00e5rs periode afg\u00e5r bestyrelsesmedlemmer\u00a0efter lodtr\u00e6kning.<\/p>\n<p>Der v\u00e6lges desuden 2 suppleanter til bestyrelsen,\u00a0som ved lodtr\u00e6kning f\u00f8rste gang afg\u00e5r efter 1 \u00e5r.<\/p>\n<p>2 revisorer for en 2 \u00e5rig periode.<\/p>\n<p>1 revisorsuppleant for en 2 \u00e5rig periode.<\/p>\n<p><strong>\u00a711.<\/strong><br \/>\nS\u00e5 vidt mulig skal hele omr\u00e5det v\u00e6re repr\u00e6senteret.<\/p>\n<p><strong>\u00a712.<\/strong><br \/>\nBestyrelsesmedlemmer s\u00e5vel som supleanter og revisorer\u00a0v\u00e6lges blandt foreningens samtligemedlemmer, og disse er alle\u00a0forpligtet til at modtage valg. Dog kan man ikke forpligte et\u00a0medlem til genvalg f\u00f8r 3 \u00e5r efter afgang fra en post.<\/p>\n<p><strong>\u00a713.<\/strong><br \/>\nDet \u00e5rlige kontingent fasts\u00e6ttes af bestyrelsen. Kontingentet\u00a0for et kalender\u00e5r skal v\u00e6re betalt inden 1. februar.<\/p>\n<p><strong>\u00a714.<\/strong><br \/>\n\u00c6ndring i vedt\u00e6gterne kan kun ske ved vedtagelse p\u00e5 2 hinanden\u00a0f\u00f8lgende generalforsamlinger med mindst 14 dages mellemrum\u00a0begge gange ved simpelt flertal.<\/p>\n<p><strong>\u00a715.<\/strong><br \/>\nForeningens oph\u00e6velse kan ske ved vedtagelse p\u00e5 2 hinanden\u00a0f\u00f8lgende generalforsamlinger med mindst 14 dages mellemrum\u00a0begge gange ved simpel flertal. Ved foreningens oph\u00e6velse\u00a0fasts\u00e6tter den sidste generalforsamling, hvortil foreningens\u00a0midler skal anvendes.<\/p>\n<p><strong>\u00a716.<\/strong><br \/>\nS\u00e5ledes vedtaget p\u00e5 generalforsamling i Lilleskovens\u00a0selskabsforretning den 18. marts 1996.<\/p>\n<p>&nbsp;<\/p>\n<p><img loading=\"lazy\" decoding=\"async\" class=\"aligncenter size-large wp-image-563\" src=\"https:\/\/gludby.dk\/wp\/wp-content\/uploads\/2015\/01\/paragraf_0-1024x576.jpg\" alt=\"paragraf_0\" width=\"940\" height=\"529\" srcset=\"https:\/\/gludby.dk\/wp\/wp-content\/uploads\/2015\/01\/paragraf_0.jpg 1024w, https:\/\/gludby.dk\/wp\/wp-content\/uploads\/2015\/01\/paragraf_0-300x169.jpg 300w\" sizes=\"auto, (max-width: 940px) 100vw, 940px\" \/><\/p>\n<p>&nbsp;<\/p>\n<p><em>Ovenst\u00e5ende vedt\u00e6gter er indscannet fra en \u00e6ldre brochure.<\/em><br \/>\n<em>Originalen\u00a0kan du se her her:\u00a0<a href=\"https:\/\/gludby.dk\/wp\/wp-content\/uploads\/2016\/01\/Vedt%C3%A6gter.pdf\" target=\"_blank\">Vedt\u00e6gter\u00a0anno 1996<\/a>.<\/em><\/p>\n","protected":false},"excerpt":{"rendered":"<p>Herunder finder du vedt\u00e6gterne for Glud og omegns Borgerforening og lokalr\u00e5d. &nbsp; \u00a71. Foreningens navn er Glud &amp; Omegns Borgerforening. \u00a72. Foreningens form\u00e5l er at samle beboere i Glud og Omegn i en ikke partipolitisk forening for at varetage kulturelle &hellip; <a href=\"https:\/\/gludby.dk\/wp\/?page_id=1853\">Continued<\/a><\/p>\n","protected":false},"author":3,"featured_media":0,"parent":0,"menu_order":0,"comment_status":"closed","ping_status":"closed","template":"","meta":{"footnotes":""},"class_list":["post-1853","page","type-page","status-publish","hentry"],"_links":{"self":[{"href":"https:\/\/gludby.dk\/wp\/index.php?rest_route=\/wp\/v2\/pages\/1853","targetHints":{"allow":["GET"]}}],"collection":[{"href":"https:\/\/gludby.dk\/wp\/index.php?rest_route=\/wp\/v2\/pages"}],"about":[{"href":"https:\/\/gludby.dk\/wp\/index.php?rest_route=\/wp\/v2\/types\/page"}],"author":[{"embeddable":true,"href":"https:\/\/gludby.dk\/wp\/index.php?rest_route=\/wp\/v2\/users\/3"}],"replies":[{"embeddable":true,"href":"https:\/\/gludby.dk\/wp\/index.php?rest_route=%2Fwp%2Fv2%2Fcomments&post=1853"}],"version-history":[{"count":0,"href":"https:\/\/gludby.dk\/wp\/index.php?rest_route=\/wp\/v2\/pages\/1853\/revisions"}],"wp:attachment":[{"href":"https:\/\/gludby.dk\/wp\/index.php?rest_route=%2Fwp%2Fv2%2Fmedia&parent=1853"}],"curies":[{"name":"wp","href":"https:\/\/api.w.org\/{rel}","templated":true}]}}