{"id":186,"date":"2015-01-15T16:17:46","date_gmt":"2015-01-15T16:17:46","guid":{"rendered":"http:\/\/gludby.dk\/wp\/?page_id=186"},"modified":"2015-01-18T09:28:41","modified_gmt":"2015-01-18T09:28:41","slug":"affaldstoemning","status":"publish","type":"page","link":"https:\/\/gludby.dk\/wp\/?page_id=186","title":{"rendered":"Renovation i Glud"},"content":{"rendered":"<p>Hvis du bor inde i byen Glud, s\u00e5 er den normale t\u00f8mningsdag fredag, dog med enkelte undtagelser mv.<\/p>\n<p>Du kan her s\u00f8ge p\u00e5 din pr\u00e6cise adresse og derved f\u00e5 en t\u00f8mningskalender for hele \u00e5ret.<br \/>\n<a href=\"http:\/\/www.seerupit.dk\/hedensted\/\" target=\"_blank\">Sl\u00e5 din adresse op her.<\/a><\/p>\n<p>L\u00e6s mere om priser, kompostbeholdere mv. p\u00e5 Hedensted kommunes hjemmeside.<br \/>\n<a href=\"http:\/\/www.hedensted.dk\/borger\/bolig,-byggeri-og-flytning\/affald-og-genbrug\/dagrenovation\" target=\"_blank\">Hedensted Kommune<\/a><\/p>\n<p>&nbsp;<\/p>\n<p><a href=\"https:\/\/gludby.dk\/wp\/wp-content\/uploads\/2015\/01\/66fca4c7b9d1ec818be4666af5f199a1.jpg\"><img loading=\"lazy\" decoding=\"async\" class=\"alignnone wp-image-190 size-full\" src=\"https:\/\/gludby.dk\/wp\/wp-content\/uploads\/2015\/01\/66fca4c7b9d1ec818be4666af5f199a1.jpg\" alt=\"66fca4c7b9d1ec818be4666af5f199a1\" width=\"800\" height=\"600\" srcset=\"https:\/\/gludby.dk\/wp\/wp-content\/uploads\/2015\/01\/66fca4c7b9d1ec818be4666af5f199a1.jpg 800w, https:\/\/gludby.dk\/wp\/wp-content\/uploads\/2015\/01\/66fca4c7b9d1ec818be4666af5f199a1-300x225.jpg 300w\" sizes=\"auto, (max-width: 800px) 100vw, 800px\" \/><\/a><\/p>\n<p>&nbsp;<\/p>\n<p>&nbsp;<br \/>\n<iframe loading=\"lazy\" src=\"http:\/\/www.seerupit.dk\/hedensted\/main.php\" width=\"800\" height=\"200\"><\/iframe><\/p>\n","protected":false},"excerpt":{"rendered":"<p>Hvis du bor inde i byen Glud, s\u00e5 er den normale t\u00f8mningsdag fredag, dog med enkelte undtagelser mv. Du kan her s\u00f8ge p\u00e5 din pr\u00e6cise adresse og derved f\u00e5 en t\u00f8mningskalender for hele \u00e5ret. Sl\u00e5 din adresse op her. L\u00e6s &hellip; <a href=\"https:\/\/gludby.dk\/wp\/?page_id=186\">Continued<\/a><\/p>\n","protected":false},"author":1,"featured_media":0,"parent":0,"menu_order":0,"comment_status":"open","ping_status":"open","template":"","meta":{"footnotes":""},"class_list":["post-186","page","type-page","status-publish","hentry"],"_links":{"self":[{"href":"https:\/\/gludby.dk\/wp\/index.php?rest_route=\/wp\/v2\/pages\/186","targetHints":{"allow":["GET"]}}],"collection":[{"href":"https:\/\/gludby.dk\/wp\/index.php?rest_route=\/wp\/v2\/pages"}],"about":[{"href":"https:\/\/gludby.dk\/wp\/index.php?rest_route=\/wp\/v2\/types\/page"}],"author":[{"embeddable":true,"href":"https:\/\/gludby.dk\/wp\/index.php?rest_route=\/wp\/v2\/users\/1"}],"replies":[{"embeddable":true,"href":"https:\/\/gludby.dk\/wp\/index.php?rest_route=%2Fwp%2Fv2%2Fcomments&post=186"}],"version-history":[{"count":0,"href":"https:\/\/gludby.dk\/wp\/index.php?rest_route=\/wp\/v2\/pages\/186\/revisions"}],"wp:attachment":[{"href":"https:\/\/gludby.dk\/wp\/index.php?rest_route=%2Fwp%2Fv2%2Fmedia&parent=186"}],"curies":[{"name":"wp","href":"https:\/\/api.w.org\/{rel}","templated":true}]}}