{"id":2070,"date":"2016-02-10T21:17:44","date_gmt":"2016-02-10T21:17:44","guid":{"rendered":"http:\/\/gludby.dk\/wp\/?page_id=2070"},"modified":"2025-10-19T09:23:35","modified_gmt":"2025-10-19T09:23:35","slug":"medlemsskab","status":"publish","type":"page","link":"https:\/\/gludby.dk\/wp\/?page_id=2070","title":{"rendered":"St\u00f8t borgerforeningen"},"content":{"rendered":"\n<p>Herunder kan du tilmelde dig Glud Borgerforening &amp; lokalr\u00e5d.<\/p>\n\n\n\n<p>Vil du l\u00e6se mere om hvem vi er, og hvad vi arbejder for, s\u00e5 klik <a href=\"https:\/\/gludby.dk\/wp\/?page_id=127\" target=\"_blank\" rel=\"noopener\">her<\/a>.<\/p>\n\n\n\n<p>Du kan tilmelde dig ved at udfylde formularen herunder og derefter trykke &#8220;send&#8221;.<br>Du v\u00e6lger selv om du vil betale med girokort, mobilepay eller bankoverf\u00f8rsel.<\/p>\n\n\n\n<p><strong><em>Prisen for medlemsskab er kr. 100,- \u00e5rligt pr. husstand.<\/em><\/strong><\/p>\n\n\n\n<p>Hvis du har firma kan du oprette reklamer p\u00e5 gludby.dk &#8211; <a href=\"https:\/\/gludby.dk\/wp\/?page_id=3653\">Se mere under Erhvervsabonnement<\/a><\/p>\n\n\n\n<hr class=\"wp-block-separator has-alpha-channel-opacity\"\/>\n\n\n\n<p>&nbsp;&nbsp;<\/p>\n\n\n\n<iframe loading=\"lazy\" src=\"https:\/\/docs.google.com\/forms\/d\/e\/1FAIpQLSduf1Mm3yF0HDrkr9usMOwSZCL6WjiY74ifHNgjGbSXwpu6fg\/viewform?embedded=true\" width=\"640\" height=\"1228\" frameborder=\"0\" marginheight=\"0\" marginwidth=\"0\">Indl\u00e6ser\u2026<\/iframe>\n\n\n\n<p><\/p>\n","protected":false},"excerpt":{"rendered":"<p>Herunder kan du tilmelde dig Glud Borgerforening &amp; lokalr\u00e5d. Vil du l\u00e6se mere om hvem vi er, og hvad vi arbejder for, s\u00e5 klik her. Du kan tilmelde dig ved at udfylde formularen herunder og derefter trykke &#8220;send&#8221;.Du v\u00e6lger selv &hellip; <a href=\"https:\/\/gludby.dk\/wp\/?page_id=2070\">Continued<\/a><\/p>\n","protected":false},"author":3,"featured_media":0,"parent":0,"menu_order":0,"comment_status":"closed","ping_status":"closed","template":"","meta":{"footnotes":""},"class_list":["post-2070","page","type-page","status-publish","hentry"],"_links":{"self":[{"href":"https:\/\/gludby.dk\/wp\/index.php?rest_route=\/wp\/v2\/pages\/2070","targetHints":{"allow":["GET"]}}],"collection":[{"href":"https:\/\/gludby.dk\/wp\/index.php?rest_route=\/wp\/v2\/pages"}],"about":[{"href":"https:\/\/gludby.dk\/wp\/index.php?rest_route=\/wp\/v2\/types\/page"}],"author":[{"embeddable":true,"href":"https:\/\/gludby.dk\/wp\/index.php?rest_route=\/wp\/v2\/users\/3"}],"replies":[{"embeddable":true,"href":"https:\/\/gludby.dk\/wp\/index.php?rest_route=%2Fwp%2Fv2%2Fcomments&post=2070"}],"version-history":[{"count":0,"href":"https:\/\/gludby.dk\/wp\/index.php?rest_route=\/wp\/v2\/pages\/2070\/revisions"}],"wp:attachment":[{"href":"https:\/\/gludby.dk\/wp\/index.php?rest_route=%2Fwp%2Fv2%2Fmedia&parent=2070"}],"curies":[{"name":"wp","href":"https:\/\/api.w.org\/{rel}","templated":true}]}}