{"id":2350,"date":"2016-04-06T22:31:42","date_gmt":"2016-04-06T22:31:42","guid":{"rendered":"http:\/\/gludby.dk\/wp\/?page_id=2350"},"modified":"2016-04-28T18:28:32","modified_gmt":"2016-04-28T18:28:32","slug":"tilmelding-borgerbudget-borgermoede","status":"publish","type":"page","link":"https:\/\/gludby.dk\/wp\/?page_id=2350","title":{"rendered":"Tilmelding Borgerbudget #2"},"content":{"rendered":"<p>Herunder kan du gratis tilmelde op til 4 personer til at deltage den 12. maj<\/p>\n<p>M\u00f8det finder sted i B\u00f8rnehuset Giraffen. Du kan ogs\u00e5 tilmelde dig via kuglepen ved brugsens gavebord.<\/p>\n<p>&nbsp;<\/p>\n<p><strong>PROGRAM:<br \/>\n<\/strong>Hver enkelt &#8220;tovholder&#8221; skal kunne pr\u00e6sentere sit projekt p\u00e5 2-5 minutter.<br \/>\nGiraffen giver aftensmad!<strong><br \/>\n<\/strong>Mere pr\u00e6cis kommer senere&#8230;<\/p>\n<p>&nbsp;<\/p>\n<p><strong>TILMELDING:<\/strong><\/p>\n\n<div class=\"wpcf7 no-js\" id=\"wpcf7-f2346-o1\" lang=\"da-DK\" dir=\"ltr\">\n<div class=\"screen-reader-response\"><p role=\"status\" aria-live=\"polite\" aria-atomic=\"true\"><\/p> <ul><\/ul><\/div>\n<form action=\"\/wp\/index.php?rest_route=%2Fwp%2Fv2%2Fpages%2F2350#wpcf7-f2346-o1\" method=\"post\" class=\"wpcf7-form init\" aria-label=\"Kontaktformular\" novalidate=\"novalidate\" data-status=\"init\">\n<div style=\"display: none;\">\n<input type=\"hidden\" name=\"_wpcf7\" value=\"2346\" \/>\n<input type=\"hidden\" name=\"_wpcf7_version\" value=\"5.8.7\" \/>\n<input type=\"hidden\" name=\"_wpcf7_locale\" value=\"da_DK\" \/>\n<input type=\"hidden\" name=\"_wpcf7_unit_tag\" value=\"wpcf7-f2346-o1\" \/>\n<input type=\"hidden\" name=\"_wpcf7_container_post\" value=\"0\" \/>\n<input type=\"hidden\" name=\"_wpcf7_posted_data_hash\" value=\"\" \/>\n<\/div>\n<p>Dit navn (skal udfyldes)\n<\/p>\n<p><span class=\"wpcf7-form-control-wrap\" data-name=\"your-name\"><input size=\"40\" class=\"wpcf7-form-control wpcf7-text wpcf7-validates-as-required\" aria-required=\"true\" aria-invalid=\"false\" value=\"\" type=\"text\" name=\"your-name\" \/><\/span>\n<\/p>\n<p>Adresse (skal udfyldes)\n<\/p>\n<p><span class=\"wpcf7-form-control-wrap\" data-name=\"text-244\"><input size=\"40\" class=\"wpcf7-form-control wpcf7-text wpcf7-validates-as-required\" aria-required=\"true\" aria-invalid=\"false\" value=\"\" type=\"text\" name=\"text-244\" \/><\/span>\n<\/p>\n<p>Telefon (skal udfyldes)\n<\/p>\n<p><span class=\"wpcf7-form-control-wrap\" data-name=\"tel-279\"><input size=\"40\" class=\"wpcf7-form-control wpcf7-tel wpcf7-validates-as-required wpcf7-text wpcf7-validates-as-tel\" aria-required=\"true\" aria-invalid=\"false\" value=\"\" type=\"tel\" name=\"tel-279\" \/><\/span>\n<\/p>\n<p>Din e-mail (valgfrit)\n<\/p>\n<p><span class=\"wpcf7-form-control-wrap\" data-name=\"your-email\"><input size=\"40\" class=\"wpcf7-form-control wpcf7-email wpcf7-text wpcf7-validates-as-email\" aria-invalid=\"false\" value=\"\" type=\"email\" name=\"your-email\" \/><\/span>\n<\/p>\n<p>Antal personer (skal udfyldes)\n<\/p>\n<p><span class=\"wpcf7-form-control-wrap\" data-name=\"number-133\"><input class=\"wpcf7-form-control wpcf7-number wpcf7-validates-as-required wpcf7-validates-as-number\" min=\"1\" max=\"4\" aria-required=\"true\" aria-invalid=\"false\" value=\"1\" type=\"number\" name=\"number-133\" \/><\/span>\n<\/p>\n<p>Evt. meddelelse\n<\/p>\n<p><span class=\"wpcf7-form-control-wrap\" data-name=\"your-message\"><textarea cols=\"40\" rows=\"10\" class=\"wpcf7-form-control wpcf7-textarea\" aria-invalid=\"false\" name=\"your-message\"><\/textarea><\/span>\n<\/p>\n<p><input class=\"wpcf7-form-control wpcf7-submit has-spinner\" type=\"submit\" value=\"Send\" \/>\n<\/p><p style=\"display: none !important;\" class=\"akismet-fields-container\" data-prefix=\"_wpcf7_ak_\"><label>&#916;<textarea name=\"_wpcf7_ak_hp_textarea\" cols=\"45\" rows=\"8\" maxlength=\"100\"><\/textarea><\/label><input type=\"hidden\" id=\"ak_js_1\" name=\"_wpcf7_ak_js\" value=\"18\"\/><script>document.getElementById( \"ak_js_1\" ).setAttribute( \"value\", ( new Date() ).getTime() );<\/script><\/p><div class=\"wpcf7-response-output\" aria-hidden=\"true\"><\/div>\n<\/form>\n<\/div>\n\n","protected":false},"excerpt":{"rendered":"<p>Herunder kan du gratis tilmelde op til 4 personer til at deltage den 12. maj M\u00f8det finder sted i B\u00f8rnehuset Giraffen. Du kan ogs\u00e5 tilmelde dig via kuglepen ved brugsens gavebord. &nbsp; PROGRAM: Hver enkelt &#8220;tovholder&#8221; skal kunne pr\u00e6sentere sit &hellip; <a href=\"https:\/\/gludby.dk\/wp\/?page_id=2350\">Continued<\/a><\/p>\n","protected":false},"author":3,"featured_media":0,"parent":0,"menu_order":0,"comment_status":"closed","ping_status":"closed","template":"","meta":{"footnotes":""},"class_list":["post-2350","page","type-page","status-publish","hentry"],"_links":{"self":[{"href":"https:\/\/gludby.dk\/wp\/index.php?rest_route=\/wp\/v2\/pages\/2350","targetHints":{"allow":["GET"]}}],"collection":[{"href":"https:\/\/gludby.dk\/wp\/index.php?rest_route=\/wp\/v2\/pages"}],"about":[{"href":"https:\/\/gludby.dk\/wp\/index.php?rest_route=\/wp\/v2\/types\/page"}],"author":[{"embeddable":true,"href":"https:\/\/gludby.dk\/wp\/index.php?rest_route=\/wp\/v2\/users\/3"}],"replies":[{"embeddable":true,"href":"https:\/\/gludby.dk\/wp\/index.php?rest_route=%2Fwp%2Fv2%2Fcomments&post=2350"}],"version-history":[{"count":0,"href":"https:\/\/gludby.dk\/wp\/index.php?rest_route=\/wp\/v2\/pages\/2350\/revisions"}],"wp:attachment":[{"href":"https:\/\/gludby.dk\/wp\/index.php?rest_route=%2Fwp%2Fv2%2Fmedia&parent=2350"}],"curies":[{"name":"wp","href":"https:\/\/api.w.org\/{rel}","templated":true}]}}