{"id":2369,"date":"2016-04-10T19:21:53","date_gmt":"2016-04-10T19:21:53","guid":{"rendered":"http:\/\/gludby.dk\/wp\/?page_id=2369"},"modified":"2018-06-30T10:08:17","modified_gmt":"2018-06-30T10:08:17","slug":"glud-bibliotekskreds","status":"publish","type":"page","link":"https:\/\/gludby.dk\/wp\/?page_id=2369","title":{"rendered":"Glud Bibliotekskreds (Opl\u00f8st)"},"content":{"rendered":"<p><span style=\"color: #ff0000;\"><strong>Det er desv\u00e6rre med stor beklagelse at vi pr. 30\/6-2018 har modtaget beskeden om at Glud Bibliotekskreds lukker ned pr. dags dato.<\/strong><\/span><\/p>\n<p><span style=\"color: #ff0000;\"><strong>Bibliotekskredsen n\u00e5ede at eksistere i 63 \u00e5r, men som de selv forklarer, s\u00e5 er de ved at v\u00e6re for gamle,<\/strong><\/span><br \/>\n<span style=\"color: #ff0000;\"><strong>og der kommer ikke nye til, som kan l\u00f8fte opgaven videre.<\/strong><\/span><\/p>\n<p><strong><span style=\"color: #ff0000;\">Vi lader indholdet herunder st\u00e5 til minde om kredsen indtil videre.<\/span><\/strong><\/p>\n<p>&nbsp;<\/p>\n<p style=\"text-align: center;\">&#8212;&#8212;&#8212;&#8212;&#8212;&#8212;&#8212;&#8212;&#8212;&#8212;&#8212;&#8212;&#8212;&#8212;&#8212;&#8212;&#8212;&#8212;&#8212;&#8212;&#8212;&#8212;&#8212;&#8212;&#8212;&#8212;&#8212;&#8212;<\/p>\n<p>&nbsp;<\/p>\n<p>Glud bibliotekskreds begyndte i et privat hjem i 1954, senere fik man et lokale p\u00e5 skolen, hvor vi har v\u00e6ret siden.\u00a0Vi er 3 damer der laver et program for de 10 gange vi m\u00f8des.<br \/>\nVi m\u00f8des hver anden tirsdag &#8211; 5 gange f\u00f8r jul og 5 gange efter jul.<\/p>\n<p>I 2015 fejrede l\u00e6seklubben sit 60 \u00e5rs jubil\u00e6um, hvor billedet er fra herunder.<\/p>\n<p>Emnerne er:<\/p>\n<ul>\n<li>B\u00f8ger<\/li>\n<li>Rejseoplevelser<\/li>\n<li>Egnsbeskrivelser<\/li>\n<li>Sang mm.<\/li>\n<\/ul>\n<p>&nbsp;<\/p>\n<p>S\u00e6sonen starter f\u00f8rste tirsdag efter efter\u00e5rsferien.\u00a0Hvis du vil vide mere eller \u00f8nsker at deltage i &#8220;tirsdagsklubben&#8221; er du velkommen til at kontakte en af undertegnede her.<\/p>\n<p>&nbsp;<\/p>\n<p>&nbsp;<\/p>\n<div class=\"row\"> <div class=\"col-md-4\">\n<p>Birgit M\u00f8ller<br \/>\nGludvej 109<br \/>\nTlf: 7568 3027<\/p>\n<\/div><div class=\"col-md-4\">\n<p>Gunda Lind<br \/>\nTofteparken 15<br \/>\nTlf: 7568 3534<\/p>\n<\/div><div class=\"col-md-4\">\n<p>Karen M. Nielsen<br \/>\nMuseumsvej 34<br \/>\nTlf: 7568 3021<\/p>\n<\/div><\/div>\n<p>&nbsp;<\/p>\n<figure id=\"attachment_2370\" class=\"thumbnail wp-caption aligncenter\" style=\"width: 988px\"><a href=\"https:\/\/gludby.dk\/wp\/wp-content\/uploads\/2016\/04\/Glud-Bibliotekskreds.png\" rel=\"attachment wp-att-2370\"><img loading=\"lazy\" decoding=\"async\" class=\"wp-image-2370 size-full\" src=\"https:\/\/gludby.dk\/wp\/wp-content\/uploads\/2016\/04\/Glud-Bibliotekskreds.png\" alt=\"Billedet er fra 60 \u00e5rs jubil\u00e6et med kaffe og kage.\" width=\"988\" height=\"552\" srcset=\"https:\/\/gludby.dk\/wp\/wp-content\/uploads\/2016\/04\/Glud-Bibliotekskreds.png 988w, https:\/\/gludby.dk\/wp\/wp-content\/uploads\/2016\/04\/Glud-Bibliotekskreds-300x168.png 300w, https:\/\/gludby.dk\/wp\/wp-content\/uploads\/2016\/04\/Glud-Bibliotekskreds-768x429.png 768w\" sizes=\"auto, (max-width: 988px) 100vw, 988px\" \/><\/a><figcaption class=\"caption wp-caption-text\">Billedet er fra 60 \u00e5rs jubil\u00e6et med kaffe og kage. Foto: Morten Pape<\/figcaption><\/figure>\n<p>&nbsp;<\/p>\n<p>Horsens Folkeblad skrev en artikel den 9. nov. 2015 i anledning af 60 \u00e5rs jubil\u00e6et.<br \/>\n<a href=\"http:\/\/hsfo.dk\/article\/20151109\/ARTIKLER\/151109793\" target=\"_blank\" rel=\"noopener\">Den kan du l\u00e6se her.<\/a><\/p>\n","protected":false},"excerpt":{"rendered":"<p>Det er desv\u00e6rre med stor beklagelse at vi pr. 30\/6-2018 har modtaget beskeden om at Glud Bibliotekskreds lukker ned pr. dags dato. Bibliotekskredsen n\u00e5ede at eksistere i 63 \u00e5r, men som de selv forklarer, s\u00e5 er de ved at v\u00e6re &hellip; <a href=\"https:\/\/gludby.dk\/wp\/?page_id=2369\">Continued<\/a><\/p>\n","protected":false},"author":3,"featured_media":0,"parent":0,"menu_order":0,"comment_status":"closed","ping_status":"closed","template":"","meta":{"footnotes":""},"class_list":["post-2369","page","type-page","status-publish","hentry"],"_links":{"self":[{"href":"https:\/\/gludby.dk\/wp\/index.php?rest_route=\/wp\/v2\/pages\/2369","targetHints":{"allow":["GET"]}}],"collection":[{"href":"https:\/\/gludby.dk\/wp\/index.php?rest_route=\/wp\/v2\/pages"}],"about":[{"href":"https:\/\/gludby.dk\/wp\/index.php?rest_route=\/wp\/v2\/types\/page"}],"author":[{"embeddable":true,"href":"https:\/\/gludby.dk\/wp\/index.php?rest_route=\/wp\/v2\/users\/3"}],"replies":[{"embeddable":true,"href":"https:\/\/gludby.dk\/wp\/index.php?rest_route=%2Fwp%2Fv2%2Fcomments&post=2369"}],"version-history":[{"count":0,"href":"https:\/\/gludby.dk\/wp\/index.php?rest_route=\/wp\/v2\/pages\/2369\/revisions"}],"wp:attachment":[{"href":"https:\/\/gludby.dk\/wp\/index.php?rest_route=%2Fwp%2Fv2%2Fmedia&parent=2369"}],"curies":[{"name":"wp","href":"https:\/\/api.w.org\/{rel}","templated":true}]}}