{"id":289,"date":"2015-01-15T19:43:30","date_gmt":"2015-01-15T19:43:30","guid":{"rendered":"http:\/\/gludby.dk\/wp\/?page_id=289"},"modified":"2015-09-26T09:20:51","modified_gmt":"2015-09-26T09:20:51","slug":"hjertestarter-i-brugsen","status":"publish","type":"page","link":"https:\/\/gludby.dk\/wp\/?page_id=289","title":{"rendered":"Hjertestarter i omr\u00e5det"},"content":{"rendered":"<p>Der findes op til flere hjertestartere i omr\u00e5det og du kan selv klikke ind p\u00e5 kortet herunder for at finde mere information.<\/p>\n<p>Link til <a href=\"http:\/\/Der findes op til flere hjertestartere i omr\u00e5det\" target=\"_blank\">www.hjertestarter.dk<\/a><\/p>\n<p>Herunder er der listet nogle af de n\u00e6rmeste op, men g\u00f8r dig selv den tjeneste at klikke ind p\u00e5 de enkelte,<br \/>\nhvor du kan se mere pr\u00e6cis information med billeder og placering.<\/p>\n<p>&nbsp;<\/p>\n<ul>\n<li>Glud Brugs har en hjertestarter h\u00e6ngende p\u00e5 v\u00e6ggen udenfor ved indgangen.<\/li>\n<li>Glud Hallen har ligeledes en h\u00e6ngende indenfor.<\/li>\n<li>Hjarn\u00f8 Havbrug (Snaptunvej 57B)<\/li>\n<li>Snaptun Lystb\u00e5dehavn, Snaptun strandvej 15<\/li>\n<li>Vibevej 2, Snaptun<\/li>\n<li>Forsamlingshuset Hjarn\u00f8 (Hovedvejen 4C)<\/li>\n<\/ul>\n<p>&nbsp;<\/p>\n<blockquote><p>Den kan redde liv!<\/p><\/blockquote>\n<p>&nbsp;<\/p>\n<p><a href=\"https:\/\/gludby.dk\/wp\/wp-content\/uploads\/2015\/01\/hjertestarter_logo.jpg\"><img loading=\"lazy\" decoding=\"async\" class=\"aligncenter size-medium wp-image-290\" src=\"https:\/\/gludby.dk\/wp\/wp-content\/uploads\/2015\/01\/hjertestarter_logo-220x300.jpg\" alt=\"hjertestarter_logo\" width=\"220\" height=\"300\" srcset=\"https:\/\/gludby.dk\/wp\/wp-content\/uploads\/2015\/01\/hjertestarter_logo-220x300.jpg 220w, https:\/\/gludby.dk\/wp\/wp-content\/uploads\/2015\/01\/hjertestarter_logo.jpg 338w\" sizes=\"auto, (max-width: 220px) 100vw, 220px\" \/><\/a><\/p>\n","protected":false},"excerpt":{"rendered":"<p>Der findes op til flere hjertestartere i omr\u00e5det og du kan selv klikke ind p\u00e5 kortet herunder for at finde mere information. Link til www.hjertestarter.dk Herunder er der listet nogle af de n\u00e6rmeste op, men g\u00f8r dig selv den tjeneste &hellip; <a href=\"https:\/\/gludby.dk\/wp\/?page_id=289\">Continued<\/a><\/p>\n","protected":false},"author":1,"featured_media":0,"parent":0,"menu_order":0,"comment_status":"open","ping_status":"open","template":"","meta":{"footnotes":""},"class_list":["post-289","page","type-page","status-publish","hentry"],"_links":{"self":[{"href":"https:\/\/gludby.dk\/wp\/index.php?rest_route=\/wp\/v2\/pages\/289","targetHints":{"allow":["GET"]}}],"collection":[{"href":"https:\/\/gludby.dk\/wp\/index.php?rest_route=\/wp\/v2\/pages"}],"about":[{"href":"https:\/\/gludby.dk\/wp\/index.php?rest_route=\/wp\/v2\/types\/page"}],"author":[{"embeddable":true,"href":"https:\/\/gludby.dk\/wp\/index.php?rest_route=\/wp\/v2\/users\/1"}],"replies":[{"embeddable":true,"href":"https:\/\/gludby.dk\/wp\/index.php?rest_route=%2Fwp%2Fv2%2Fcomments&post=289"}],"version-history":[{"count":0,"href":"https:\/\/gludby.dk\/wp\/index.php?rest_route=\/wp\/v2\/pages\/289\/revisions"}],"wp:attachment":[{"href":"https:\/\/gludby.dk\/wp\/index.php?rest_route=%2Fwp%2Fv2%2Fmedia&parent=289"}],"curies":[{"name":"wp","href":"https:\/\/api.w.org\/{rel}","templated":true}]}}