{"id":310,"date":"2015-01-15T20:10:20","date_gmt":"2015-01-15T20:10:20","guid":{"rendered":"http:\/\/gludby.dk\/wp\/?page_id=310"},"modified":"2015-01-15T20:36:39","modified_gmt":"2015-01-15T20:36:39","slug":"spejderne-i-glud","status":"publish","type":"page","link":"https:\/\/gludby.dk\/wp\/?page_id=310","title":{"rendered":"Spejderne i Glud"},"content":{"rendered":"<p>KFUM-Spejderne Glud-Snaptun<\/p>\n<p>Grupper\u00e5dsfmd.: S\u00f8ren Stenkj\u00e6r Pedersen<br \/>\nGlud Kirkevej 4<br \/>\n7130 JUELSMINDE<br \/>\nTlf.: 75 68 21 69<\/p>\n<p>Find dem her p\u00e5 Facebook:<\/p>\n<p><a title=\"St\u00f8tteforeningen for KFUM Spejderne i Glud\/Snaptun\" href=\"https:\/\/www.facebook.com\/groups\/291675927610353\" target=\"_blank\">KFUM Spejderne &#8220;Engbofolket&#8221; Glud\/Snaptun<br \/>\nSt\u00f8tteforeningen for KFUM Spejderne i Glud\/Snaptun<\/a><\/p>\n","protected":false},"excerpt":{"rendered":"<p>KFUM-Spejderne Glud-Snaptun Grupper\u00e5dsfmd.: S\u00f8ren Stenkj\u00e6r Pedersen Glud Kirkevej 4 7130 JUELSMINDE Tlf.: 75 68 21 69 Find dem her p\u00e5 Facebook: KFUM Spejderne &#8220;Engbofolket&#8221; Glud\/Snaptun St\u00f8tteforeningen for KFUM Spejderne i Glud\/Snaptun<\/p>\n","protected":false},"author":1,"featured_media":0,"parent":0,"menu_order":0,"comment_status":"open","ping_status":"open","template":"","meta":{"footnotes":""},"class_list":["post-310","page","type-page","status-publish","hentry"],"_links":{"self":[{"href":"https:\/\/gludby.dk\/wp\/index.php?rest_route=\/wp\/v2\/pages\/310","targetHints":{"allow":["GET"]}}],"collection":[{"href":"https:\/\/gludby.dk\/wp\/index.php?rest_route=\/wp\/v2\/pages"}],"about":[{"href":"https:\/\/gludby.dk\/wp\/index.php?rest_route=\/wp\/v2\/types\/page"}],"author":[{"embeddable":true,"href":"https:\/\/gludby.dk\/wp\/index.php?rest_route=\/wp\/v2\/users\/1"}],"replies":[{"embeddable":true,"href":"https:\/\/gludby.dk\/wp\/index.php?rest_route=%2Fwp%2Fv2%2Fcomments&post=310"}],"version-history":[{"count":0,"href":"https:\/\/gludby.dk\/wp\/index.php?rest_route=\/wp\/v2\/pages\/310\/revisions"}],"wp:attachment":[{"href":"https:\/\/gludby.dk\/wp\/index.php?rest_route=%2Fwp%2Fv2%2Fmedia&parent=310"}],"curies":[{"name":"wp","href":"https:\/\/api.w.org\/{rel}","templated":true}]}}