{"id":347,"date":"2015-01-19T12:26:02","date_gmt":"2015-01-19T12:26:02","guid":{"rendered":"http:\/\/gludby.dk\/wp\/?page_id=347"},"modified":"2015-01-19T12:26:02","modified_gmt":"2015-01-19T12:26:02","slug":"familien-gluud","status":"publish","type":"page","link":"https:\/\/gludby.dk\/wp\/?page_id=347","title":{"rendered":"Familien Gluud"},"content":{"rendered":"<p>&nbsp;<\/p>\n<p>Der findes selvf\u00f8lgelig mange historier omkring Gluds historie tilbage i tiden. Jeg har fundet denne som jeg lige vil l\u00f8fte sl\u00f8rret for, og hvis man vil vide mere,<br \/>\ns\u00e5 kan man selv forske videre eller erhverve sig bogen.<\/p>\n<p>Al tekst og billeder kommer fra hjemmesiden www.arneglud.dk eller dialog med familen.<\/p>\n<p>&nbsp;<\/p>\n<blockquote><p>En\u00a0 bondes\u00f8n fra landsbyen GLUD ved Horsens blev udskrevet til<br \/>\nden Kongelige Livgarde til Hest, og tjente fra 1799-1809.<br \/>\nSenere blev han rebslager i Maribo.<br \/>\nTo s\u00f8nner videref\u00f8rte rebslageriet. En s\u00f8n udvandrede til Bremen<\/p><\/blockquote>\n<figure id=\"attachment_348\" class=\"thumbnail wp-caption alignleft\" style=\"width: 300px\"><a href=\"https:\/\/gludby.dk\/wp\/wp-content\/uploads\/2015\/01\/Garveri-luftbillede.jpg\"><img loading=\"lazy\" decoding=\"async\" class=\"wp-image-348 size-medium\" src=\"https:\/\/gludby.dk\/wp\/wp-content\/uploads\/2015\/01\/Garveri-luftbillede-300x244.jpg\" alt=\"Garveri-luftbillede\" width=\"300\" height=\"244\" srcset=\"https:\/\/gludby.dk\/wp\/wp-content\/uploads\/2015\/01\/Garveri-luftbillede-300x244.jpg 300w, https:\/\/gludby.dk\/wp\/wp-content\/uploads\/2015\/01\/Garveri-luftbillede.jpg 780w\" sizes=\"auto, (max-width: 300px) 100vw, 300px\" \/><\/a><figcaption class=\"caption wp-caption-text\">Garveri<\/figcaption><\/figure>\n<p>En s\u00f8n blev garver og l\u00e6derhandler i K\u00f8benhavn, og hans s\u00f8nner<br \/>\nvideref\u00f8rte forretningerne. Bogen omhandler hovedsageligt disse familier,<br \/>\nog deres b\u00f8rn. Der er mange samtidige fotografier, og selskabssange.<\/p>\n<p>Bogen kan downloades p\u00e5 www.arneglud.dk<\/p>\n<p>&nbsp;<\/p>\n<p>&nbsp;<\/p>\n<p>&nbsp;<\/p>\n<p>&nbsp;<\/p>\n<p>&nbsp;<\/p>\n<p>&nbsp;<\/p>\n<p>&nbsp;<\/p>\n<p>&#8220;Hans Christensen Gluud&#8221; kom fra landbyen Glud, da han skulle ind som soldat udtalte han bynavnet s\u00e5 langsomt at den formodentlige tyske skriver h\u00f8rte det med to U&#8217;er.<\/p>\n<p>Det blev derved indskrevet i l\u00e6gsrullen.<\/p>\n<figure id=\"attachment_350\" class=\"thumbnail wp-caption alignright\" style=\"width: 300px\"><a href=\"https:\/\/gludby.dk\/wp\/wp-content\/uploads\/2015\/01\/glud-kort.jpg\"><img loading=\"lazy\" decoding=\"async\" class=\"wp-image-350 size-medium\" src=\"https:\/\/gludby.dk\/wp\/wp-content\/uploads\/2015\/01\/glud-kort-300x207.jpg\" alt=\"glud-kort\" width=\"300\" height=\"207\" srcset=\"https:\/\/gludby.dk\/wp\/wp-content\/uploads\/2015\/01\/glud-kort-300x207.jpg 300w, https:\/\/gludby.dk\/wp\/wp-content\/uploads\/2015\/01\/glud-kort.jpg 780w\" sizes=\"auto, (max-width: 300px) 100vw, 300px\" \/><\/a><figcaption class=\"caption wp-caption-text\">Gammelt postkort fra Glud fra Glud Museum.<\/figcaption><\/figure>\n<p>&nbsp;<\/p>\n<p>Det almindeligt at man i slutningen af 1700-tallet at man fik bynavnet som sl\u00e6gtsnavn, p\u00e5 den m\u00e5de vidste officerene ogs\u00e5 hvem der kendte omr\u00e5det omkring Glud.<\/p>\n<p>Han blev s\u00e5 valgt ind til &#8220;Livgarden til hest&#8221; og l\u00e5 i K\u00f8benhavn, og s\u00e5 vidt vides vendte han aldrig tilbage til Glud. Efter livgarden blev han v\u00e6rtshusholder, for derefter at blive Consumbetjent i Maribo.<\/p>\n<p>En anden gren af familen flyttede til Bremen.<\/p>\n<p>&nbsp;<\/p>\n<p>&nbsp;<\/p>\n<p>&nbsp;<\/p>\n<p><a href=\"https:\/\/gludby.dk\/wp\/wp-content\/uploads\/2015\/01\/Glud-byskilt2.jpg\"><img loading=\"lazy\" decoding=\"async\" class=\" size-medium wp-image-349 alignleft\" src=\"https:\/\/gludby.dk\/wp\/wp-content\/uploads\/2015\/01\/Glud-byskilt2-300x196.jpg\" alt=\"Glud-byskilt2\" width=\"300\" height=\"196\" srcset=\"https:\/\/gludby.dk\/wp\/wp-content\/uploads\/2015\/01\/Glud-byskilt2-300x196.jpg 300w, https:\/\/gludby.dk\/wp\/wp-content\/uploads\/2015\/01\/Glud-byskilt2.jpg 780w\" sizes=\"auto, (max-width: 300px) 100vw, 300px\" \/><\/a>Bes\u00f8g i landsbyen Glud i 1978, i midten Arne Glud og Frida Meyer (datter af garver Fritz W. Gluud),<br \/>\ntv. Helmuth Hoppe (fra sl\u00e6gten i Bremen) samt th. Ulrich Hoppe.<\/p>\n<p>&nbsp;<\/p>\n","protected":false},"excerpt":{"rendered":"<p>&nbsp; Der findes selvf\u00f8lgelig mange historier omkring Gluds historie tilbage i tiden. Jeg har fundet denne som jeg lige vil l\u00f8fte sl\u00f8rret for, og hvis man vil vide mere, s\u00e5 kan man selv forske videre eller erhverve sig bogen. Al &hellip; <a href=\"https:\/\/gludby.dk\/wp\/?page_id=347\">Continued<\/a><\/p>\n","protected":false},"author":1,"featured_media":0,"parent":0,"menu_order":0,"comment_status":"open","ping_status":"open","template":"","meta":{"footnotes":""},"class_list":["post-347","page","type-page","status-publish","hentry"],"_links":{"self":[{"href":"https:\/\/gludby.dk\/wp\/index.php?rest_route=\/wp\/v2\/pages\/347","targetHints":{"allow":["GET"]}}],"collection":[{"href":"https:\/\/gludby.dk\/wp\/index.php?rest_route=\/wp\/v2\/pages"}],"about":[{"href":"https:\/\/gludby.dk\/wp\/index.php?rest_route=\/wp\/v2\/types\/page"}],"author":[{"embeddable":true,"href":"https:\/\/gludby.dk\/wp\/index.php?rest_route=\/wp\/v2\/users\/1"}],"replies":[{"embeddable":true,"href":"https:\/\/gludby.dk\/wp\/index.php?rest_route=%2Fwp%2Fv2%2Fcomments&post=347"}],"version-history":[{"count":0,"href":"https:\/\/gludby.dk\/wp\/index.php?rest_route=\/wp\/v2\/pages\/347\/revisions"}],"wp:attachment":[{"href":"https:\/\/gludby.dk\/wp\/index.php?rest_route=%2Fwp%2Fv2%2Fmedia&parent=347"}],"curies":[{"name":"wp","href":"https:\/\/api.w.org\/{rel}","templated":true}]}}