{"id":3653,"date":"2018-03-22T18:21:01","date_gmt":"2018-03-22T18:21:01","guid":{"rendered":"http:\/\/gludby.dk\/wp\/?page_id=3653"},"modified":"2018-03-22T18:33:34","modified_gmt":"2018-03-22T18:33:34","slug":"erhvervsabonnement","status":"publish","type":"page","link":"https:\/\/gludby.dk\/wp\/?page_id=3653","title":{"rendered":"Erhvervsabonnement"},"content":{"rendered":"<p>I 2016 besluttede vi at oprette muligheden for erhvervsabonnement.<\/p>\n<p>Det betyder at man som virksomhedsejer kan f\u00e5 sin reklame p\u00e5 GLUDBY.DK som dagligt ses af flere hundrede personer,<br \/>\ndog afh\u00e6nger det lidt af hvor mange arrangementer finder sted i perioder.<br \/>\nVores system er oprettet s\u00e5dan at selvom annonceringen af begivenheder med videre finder sted p\u00e5 vores Facebook-side,<br \/>\ns\u00e5 vil kunden stadig blive ledt hen p\u00e5 gludby.dk og se din reklame.<\/p>\n<p>Prisen er f\u00f8rste omgang kr. 750,- om \u00e5ret.<\/p>\n<p>For dette for du din reklame p\u00e5 hjemmesiden og mindst \u00e9n gang i husstanddomdelt folder.<\/p>\n<p>Kontakt Glud og Omegns Borgerforening for mere information p\u00e5: indhold@gludby.dk<\/p>\n<p>&nbsp;<\/p>\n<p><a href=\"https:\/\/gludby.dk\/wp\/?attachment_id=3652\" rel=\"attachment wp-att-3652\"><img loading=\"lazy\" decoding=\"async\" class=\"aligncenter size-large wp-image-3652\" src=\"https:\/\/gludby.dk\/wp\/wp-content\/uploads\/2018\/03\/Reklame-p\u00e5-gludby-1024x394.png\" alt=\"\" width=\"1024\" height=\"394\" srcset=\"https:\/\/gludby.dk\/wp\/wp-content\/uploads\/2018\/03\/Reklame-p\u00e5-gludby-1024x394.png 1024w, https:\/\/gludby.dk\/wp\/wp-content\/uploads\/2018\/03\/Reklame-p\u00e5-gludby-300x115.png 300w, https:\/\/gludby.dk\/wp\/wp-content\/uploads\/2018\/03\/Reklame-p\u00e5-gludby-768x295.png 768w, https:\/\/gludby.dk\/wp\/wp-content\/uploads\/2018\/03\/Reklame-p\u00e5-gludby.png 1170w\" sizes=\"auto, (max-width: 1024px) 100vw, 1024px\" \/><\/a><\/p>\n","protected":false},"excerpt":{"rendered":"<p>I 2016 besluttede vi at oprette muligheden for erhvervsabonnement. Det betyder at man som virksomhedsejer kan f\u00e5 sin reklame p\u00e5 GLUDBY.DK som dagligt ses af flere hundrede personer, dog afh\u00e6nger det lidt af hvor mange arrangementer finder sted i perioder. &hellip; <a href=\"https:\/\/gludby.dk\/wp\/?page_id=3653\">Continued<\/a><\/p>\n","protected":false},"author":3,"featured_media":3652,"parent":0,"menu_order":0,"comment_status":"closed","ping_status":"closed","template":"","meta":{"footnotes":""},"class_list":["post-3653","page","type-page","status-publish","has-post-thumbnail","hentry"],"_links":{"self":[{"href":"https:\/\/gludby.dk\/wp\/index.php?rest_route=\/wp\/v2\/pages\/3653","targetHints":{"allow":["GET"]}}],"collection":[{"href":"https:\/\/gludby.dk\/wp\/index.php?rest_route=\/wp\/v2\/pages"}],"about":[{"href":"https:\/\/gludby.dk\/wp\/index.php?rest_route=\/wp\/v2\/types\/page"}],"author":[{"embeddable":true,"href":"https:\/\/gludby.dk\/wp\/index.php?rest_route=\/wp\/v2\/users\/3"}],"replies":[{"embeddable":true,"href":"https:\/\/gludby.dk\/wp\/index.php?rest_route=%2Fwp%2Fv2%2Fcomments&post=3653"}],"version-history":[{"count":0,"href":"https:\/\/gludby.dk\/wp\/index.php?rest_route=\/wp\/v2\/pages\/3653\/revisions"}],"wp:featuredmedia":[{"embeddable":true,"href":"https:\/\/gludby.dk\/wp\/index.php?rest_route=\/wp\/v2\/media\/3652"}],"wp:attachment":[{"href":"https:\/\/gludby.dk\/wp\/index.php?rest_route=%2Fwp%2Fv2%2Fmedia&parent=3653"}],"curies":[{"name":"wp","href":"https:\/\/api.w.org\/{rel}","templated":true}]}}