{"id":390,"date":"2015-01-21T09:56:52","date_gmt":"2015-01-21T09:56:52","guid":{"rendered":"http:\/\/gludby.dk\/wp\/?page_id=390"},"modified":"2015-01-21T10:20:08","modified_gmt":"2015-01-21T10:20:08","slug":"lokal-historie","status":"publish","type":"page","link":"https:\/\/gludby.dk\/wp\/?page_id=390","title":{"rendered":"Lokal Historie"},"content":{"rendered":"<p>Der findes ikke et medie som kommer bredere ud end Facebook.<\/p>\n<p>Der findes en r\u00e6kke forskellige sider omkring lokalhistorien fra Glud og omegn,<br \/>\nog flere d\u00e6kkere endnu bredere som f.eks. Bjerre Herred.<\/p>\n<p>De har n\u00e6sten alle det til f\u00e6lles at en person ofte er tilflytter fra et omr\u00e5de til et andet.<br \/>\nP\u00e5 den m\u00e5de vandrer lokale billeder fra sogn til sogn.<\/p>\n<p>Men kig med p\u00e5 de mange billeder eller forsyn selv med billeder p\u00e5 siderne herunder.<\/p>\n<p>&nbsp;<\/p>\n<p><a href=\"https:\/\/gludby.dk\/wp\/wp-content\/uploads\/2015\/01\/lokalarkiv.png\"><img loading=\"lazy\" decoding=\"async\" class=\" size-medium wp-image-393 alignleft\" src=\"https:\/\/gludby.dk\/wp\/wp-content\/uploads\/2015\/01\/lokalarkiv-300x126.png\" alt=\"lokalarkiv\" width=\"300\" height=\"126\" srcset=\"https:\/\/gludby.dk\/wp\/wp-content\/uploads\/2015\/01\/lokalarkiv-300x126.png 300w, https:\/\/gludby.dk\/wp\/wp-content\/uploads\/2015\/01\/lokalarkiv.png 851w\" sizes=\"auto, (max-width: 300px) 100vw, 300px\" \/><\/a>Denne Facebook-side er fra Lokalarkivet:<b><\/b><br \/>\n<a href=\"https:\/\/www.facebook.com\/GludRaarupSkjoldogHjarnoeLokalarkiv?fref=ts\" target=\"_blank\">Glud, R\u00e5rup, Skjold og Hjarn\u00f8 Lokalarkiv<\/a><\/p>\n<p>&nbsp;<\/p>\n<p>&nbsp;<\/p>\n<p>&nbsp;<\/p>\n<p>&nbsp;<\/p>\n<p><a href=\"https:\/\/gludby.dk\/wp\/wp-content\/uploads\/2015\/01\/glud-og-omegn.png\"><img loading=\"lazy\" decoding=\"async\" class=\" size-medium wp-image-400 alignleft\" src=\"https:\/\/gludby.dk\/wp\/wp-content\/uploads\/2015\/01\/glud-og-omegn-300x112.png\" alt=\"glud og omegn\" width=\"300\" height=\"112\" srcset=\"https:\/\/gludby.dk\/wp\/wp-content\/uploads\/2015\/01\/glud-og-omegn-300x112.png 300w, https:\/\/gludby.dk\/wp\/wp-content\/uploads\/2015\/01\/glud-og-omegn.png 781w\" sizes=\"auto, (max-width: 300px) 100vw, 300px\" \/><\/a>Denne Facebook-gruppe er privat, hvor forskellige brugere uploader billeder.<br \/>\n<a href=\"https:\/\/www.facebook.com\/groups\/1442018626027082\/?fref=ts\" target=\"_blank\">Glud og Omegn<\/a><\/p>\n<p>&nbsp;<\/p>\n<p>&nbsp;<\/p>\n<p>&nbsp;<\/p>\n<p>&nbsp;<\/p>\n<p><a href=\"https:\/\/gludby.dk\/wp\/wp-content\/uploads\/2015\/01\/Juelsminde-og-omegn.png\"><img loading=\"lazy\" decoding=\"async\" class=\" size-medium wp-image-402 alignleft\" src=\"https:\/\/gludby.dk\/wp\/wp-content\/uploads\/2015\/01\/Juelsminde-og-omegn-300x113.png\" alt=\"Juelsminde og omegn\" width=\"300\" height=\"113\" srcset=\"https:\/\/gludby.dk\/wp\/wp-content\/uploads\/2015\/01\/Juelsminde-og-omegn-300x113.png 300w, https:\/\/gludby.dk\/wp\/wp-content\/uploads\/2015\/01\/Juelsminde-og-omegn.png 783w\" sizes=\"auto, (max-width: 300px) 100vw, 300px\" \/><\/a>Denne Facebook-gruppe d\u00e6kker hele Juelsminde halv\u00f8en.<br \/>\n<a href=\"https:\/\/www.facebook.com\/groups\/37113029441\/?fref=ts\" target=\"_blank\">Juelsminde og omegn.<\/a><\/p>\n<p>&nbsp;<\/p>\n<p>&nbsp;<\/p>\n<p>&nbsp;<\/p>\n<p>&nbsp;<br \/>\n&nbsp;<\/p>\n<p><a href=\"https:\/\/gludby.dk\/wp\/wp-content\/uploads\/2015\/01\/Hornsyld-og-omegen.png\"><img loading=\"lazy\" decoding=\"async\" class=\" size-medium wp-image-404 alignleft\" src=\"https:\/\/gludby.dk\/wp\/wp-content\/uploads\/2015\/01\/Hornsyld-og-omegen-300x112.png\" alt=\"Hornsyld og omegen\" width=\"300\" height=\"112\" srcset=\"https:\/\/gludby.dk\/wp\/wp-content\/uploads\/2015\/01\/Hornsyld-og-omegen-300x112.png 300w, https:\/\/gludby.dk\/wp\/wp-content\/uploads\/2015\/01\/Hornsyld-og-omegen.png 785w\" sizes=\"auto, (max-width: 300px) 100vw, 300px\" \/><\/a>Denne Facebook-gruppe viser historier og gamle billeder fra Hornsyld og omegn.<br \/>\n<a href=\"https:\/\/www.facebook.com\/groups\/405638242853805\/?fref=ts\" target=\"_blank\">Hornsyld og Omegn.<\/a><\/p>\n","protected":false},"excerpt":{"rendered":"<p>Der findes ikke et medie som kommer bredere ud end Facebook. Der findes en r\u00e6kke forskellige sider omkring lokalhistorien fra Glud og omegn, og flere d\u00e6kkere endnu bredere som f.eks. Bjerre Herred. De har n\u00e6sten alle det til f\u00e6lles at &hellip; <a href=\"https:\/\/gludby.dk\/wp\/?page_id=390\">Continued<\/a><\/p>\n","protected":false},"author":1,"featured_media":0,"parent":0,"menu_order":0,"comment_status":"open","ping_status":"open","template":"","meta":{"footnotes":""},"class_list":["post-390","page","type-page","status-publish","hentry"],"_links":{"self":[{"href":"https:\/\/gludby.dk\/wp\/index.php?rest_route=\/wp\/v2\/pages\/390","targetHints":{"allow":["GET"]}}],"collection":[{"href":"https:\/\/gludby.dk\/wp\/index.php?rest_route=\/wp\/v2\/pages"}],"about":[{"href":"https:\/\/gludby.dk\/wp\/index.php?rest_route=\/wp\/v2\/types\/page"}],"author":[{"embeddable":true,"href":"https:\/\/gludby.dk\/wp\/index.php?rest_route=\/wp\/v2\/users\/1"}],"replies":[{"embeddable":true,"href":"https:\/\/gludby.dk\/wp\/index.php?rest_route=%2Fwp%2Fv2%2Fcomments&post=390"}],"version-history":[{"count":0,"href":"https:\/\/gludby.dk\/wp\/index.php?rest_route=\/wp\/v2\/pages\/390\/revisions"}],"wp:attachment":[{"href":"https:\/\/gludby.dk\/wp\/index.php?rest_route=%2Fwp%2Fv2%2Fmedia&parent=390"}],"curies":[{"name":"wp","href":"https:\/\/api.w.org\/{rel}","templated":true}]}}