{"id":421,"date":"2015-01-21T10:53:43","date_gmt":"2015-01-21T10:53:43","guid":{"rendered":"http:\/\/gludby.dk\/wp\/?page_id=421"},"modified":"2018-10-01T04:19:04","modified_gmt":"2018-10-01T04:19:04","slug":"dagplejer-boernehaver","status":"publish","type":"page","link":"https:\/\/gludby.dk\/wp\/?page_id=421","title":{"rendered":"Dagplejer &#038; B\u00f8rnehaver"},"content":{"rendered":"<p>Omr\u00e5det tilbyder op til flere b\u00f8rnehaver, vuggestuer og dagplejer.<\/p>\n<p>&nbsp;<\/p>\n<div class=\"row\"> <div class=\"col-md-4\">\n<p><img loading=\"lazy\" decoding=\"async\" class=\"aligncenter wp-image-3813 size-medium\" src=\"https:\/\/gludby.dk\/wp\/wp-content\/uploads\/2018\/10\/image1-300x203.png\" alt=\"\" width=\"300\" height=\"203\" srcset=\"https:\/\/gludby.dk\/wp\/wp-content\/uploads\/2018\/10\/image1-300x203.png 300w, https:\/\/gludby.dk\/wp\/wp-content\/uploads\/2018\/10\/image1.png 640w\" sizes=\"auto, (max-width: 300px) 100vw, 300px\" \/><\/p>\n<\/div><div class=\"col-md-4\">\n<p><strong>B\u00f8rnehuset Giraffen i Glud<\/strong><br \/>\nS\u00f8nderbakken 25A, Glud<br \/>\n7130 Juelsminde<br \/>\nTlf.: 79 91 83 85\u00a0eller 21 54 70 03, s\u00e5 f\u00e5r du leder Kirsten Kjems<br \/>\nMailadresse: <a href=\"mailto:Kirsten.kjems@hedensted.dk\" target=\"_blank\" rel=\"noopener\">Kirsten.kjems@hedensted.dk<\/a><br \/>\nLink: <a href=\"http:\/\/www.facebook.com\/GiraffenGlud\" target=\"_blank\" rel=\"noopener\">www.facebook.com\/GiraffenGlud<\/a><\/p>\n<\/div><div class=\"col-md-4\">\n<p>\u00c5bningstider:<br \/>\nMandag til torsdag: 6.15-17.00<br \/>\nFredag:6.15-15.45.<\/p>\n<\/div><\/div>\n<p>&nbsp;<\/p>\n<hr \/>\n<p>&nbsp;<\/p>\n<div class=\"row\"> <div class=\"col-md-4\">\n<p><a href=\"https:\/\/gludby.dk\/wp\/wp-content\/uploads\/2015\/01\/skjold.png\"><img loading=\"lazy\" decoding=\"async\" class=\"aligncenter size-thumbnail wp-image-1092\" src=\"https:\/\/gludby.dk\/wp\/wp-content\/uploads\/2015\/01\/skjold-150x150.png\" alt=\"skjold\" width=\"150\" height=\"150\" \/><\/a><\/p>\n<\/div><div class=\"col-md-4\">\n<p><strong>Idr\u00e6tsb\u00f8rnehaven Skjold &#8211; vuggestue &amp; b\u00f8rnehaveb\u00f8rn<br \/>\n<\/strong>Skolevej 6<br \/>\n7130 Juelsminde<br \/>\nTlf.: 75 68 24 29<br \/>\nMail:\u00a0<a href=\"mailto:idraetsbornehaven.skjold@hedensted.dk\">idraetsbornehaven.skjold@hedensted.dk<\/a><a href=\"mailto:idraetsbornehaven.skjold@hedensted.dk\" target=\"_blank\" rel=\"noopener\" data-cke-saved-href=\"mailto:skjold@hedensted.dk\"><br \/>\n<\/a>Web: <a href=\"http:\/\/www.idraetsbornehavenskjold.dk\/\" target=\"_blank\" rel=\"noopener\">http:\/\/www.idraetsbornehavenskjold.dk\/<\/a><\/p>\n<\/div><div class=\"col-md-4\">\n<p>\u00c5bningstider:<br \/>\nMandag \u2013 torsdag: 6.10 \u2013 17.00<br \/>\nFredag: 6.10 \u2013 16.00<\/p>\n<\/div><\/div>\n<p>&nbsp;<\/p>\n<hr \/>\n<p>&nbsp;<\/p>\n<div class=\"row\"> <div class=\"col-md-4\">\n<p><a href=\"https:\/\/gludby.dk\/wp\/wp-content\/uploads\/2015\/01\/gitte.png\"><img loading=\"lazy\" decoding=\"async\" class=\"aligncenter size-thumbnail wp-image-1082\" src=\"https:\/\/gludby.dk\/wp\/wp-content\/uploads\/2015\/01\/gitte-150x150.png\" alt=\"gitte\" width=\"150\" height=\"150\" \/><\/a><\/p>\n<\/div><div class=\"col-md-4\">\n<p><strong>Snaptuns Private B\u00f8rnepasning &#8211; Humlebien<br \/>\n<\/strong>Snaptunvej 53<br \/>\n7130 Juelsminde<br \/>\nTlf.: 20 44 74 98<br \/>\nMail:\u00a0<a class=\"textlink link\" href=\"mailto:gittefink@Snaptun.dk\" target=\"_blank\" rel=\"noopener\">gittefink@Snaptun.dk<\/a><a href=\"mailto:idraetsbornehaven.skjold@hedensted.dk\" target=\"_blank\" rel=\"noopener\" data-cke-saved-href=\"mailto:skjold@hedensted.dk\"><br \/>\n<\/a>Web:\u00a0<a href=\"http:\/\/snaptunprivatdagpleje.dk\/\" target=\"_blank\" rel=\"noopener\">http:\/\/snaptunprivatdagpleje.dk\/<\/a><\/p>\n<\/div><div class=\"col-md-4\">\n<p>OBS!<br \/>\nSom privat b\u00f8rnepasser er man godkendt af Hedensted Kommune.<\/p>\n<\/div><\/div>\n<p>&nbsp;<\/p>\n<hr \/>\n<p>&nbsp;<\/p>\n<div class=\"row\"> <div class=\"col-md-4\">\n<p><a href=\"https:\/\/gludby.dk\/wp\/wp-content\/uploads\/2015\/01\/editor_Glud___Inga_Kristensen.jpg\"><img loading=\"lazy\" decoding=\"async\" class=\"aligncenter size-thumbnail wp-image-1079\" src=\"https:\/\/gludby.dk\/wp\/wp-content\/uploads\/2015\/01\/editor_Glud___Inga_Kristensen-150x150.jpg\" alt=\"editor_Glud___Inga_Kristensen\" width=\"150\" height=\"150\" \/><\/a><\/p>\n<\/div><div class=\"col-md-4\">\n<p><strong>Inga&#8217;s Dagpleje<br \/>\n<\/strong>Snaptunvej 24<br \/>\n7130 Juelsminde<br \/>\nTlf.:\u00a029 76 94 65<br \/>\nMail:\u00a0<a href=\"mailto:ingasdagpleje@hotmail.com\">ingasdagpleje@hotmail.com<\/a><a href=\"mailto:idraetsbornehaven.skjold@hedensted.dk\" target=\"_blank\" rel=\"noopener\" data-cke-saved-href=\"mailto:skjold@hedensted.dk\"><br \/>\n<\/a>Web:\u00a0<a href=\"http:\/\/www.ingasdagpleje.dk\/\" target=\"_blank\" rel=\"noopener\">http:\/\/www.ingasdagpleje.dk\/<\/a><\/p>\n<\/div><div class=\"col-md-4\">\n<p>OBS!<br \/>\nSom privat b\u00f8rnepasser er man godkendt af Hedensted Kommune.<\/p>\n<\/div><\/div>\n<p>&nbsp;<\/p>\n<hr \/>\n<div class=\"row\"> <div class=\"col-md-4\">\n<p><a href=\"https:\/\/gludby.dk\/wp\/wp-content\/uploads\/2015\/01\/editor_Glud___Jane_Daugaard.jpg\"><img loading=\"lazy\" decoding=\"async\" class=\"aligncenter size-thumbnail wp-image-1084\" src=\"https:\/\/gludby.dk\/wp\/wp-content\/uploads\/2015\/01\/editor_Glud___Jane_Daugaard-150x150.jpg\" alt=\"editor_Glud___Jane_Daugaard\" width=\"150\" height=\"150\" \/><\/a><\/p>\n<\/div><div class=\"col-md-4\">\n<p><strong><a href=\"https:\/\/gludby.dk\/wp\/wp-content\/uploads\/2015\/01\/editor_Dagpleje___skabelon_2_sider__1_ny.pdf\" target=\"_blank\" rel=\"noopener\">Jane Legind Daugaard<\/a><br \/>\n<\/strong>Lilleskovvejen 9, Glud<br \/>\n7130 Juelsminde<br \/>\nTlf.: 4054 3339<br \/>\nMail:\u00a0lilleskovvej9@gmail.com<a href=\"mailto:idraetsbornehaven.skjold@hedensted.dk\" target=\"_blank\" rel=\"noopener\" data-cke-saved-href=\"mailto:skjold@hedensted.dk\"><br \/>\n<\/a>Web: <a href=\"http:\/\/dagplejen.hedensted.dk\/hjemmesideindhold\/indhold6.aspx?id=157&amp;wid=2&amp;sm=c\" target=\"_blank\" rel=\"noopener\">Kommunal dagplejer<\/a><\/p>\n<\/div><div class=\"col-md-4\">\n<p>Kommunal dagpleje i Hedensted kommune<br \/>\n<a href=\"http:\/\/dagplejen.hedensted.dk\/hjemmesideindhold\/indhold10.aspx?id=6&amp;wid=2&amp;sm=p\" target=\"_blank\" rel=\"noopener\">Skriv dit barn op!<\/a><\/p>\n<\/div><\/div>\n<p><a href=\"mailto:skjold@hedensted.dk\" data-cke-saved-href=\"mailto:skjold@hedensted.dk\">\u00a0<\/a><\/p>\n<hr \/>\n<div class=\"row\"> <div class=\"col-md-4\">\n<p><a href=\"https:\/\/gludby.dk\/wp\/wp-content\/uploads\/2015\/01\/editor_Glud___Jette_Jeppesen1.jpg\"><img loading=\"lazy\" decoding=\"async\" class=\"aligncenter size-thumbnail wp-image-1089\" src=\"https:\/\/gludby.dk\/wp\/wp-content\/uploads\/2015\/01\/editor_Glud___Jette_Jeppesen1-150x150.jpg\" alt=\"editor_Glud___Jette_Jeppesen(1)\" width=\"150\" height=\"150\" \/><\/a><\/p>\n<\/div><div class=\"col-md-4\">\n<p><strong>Jette Jeppesen<br \/>\n<\/strong>Pr\u00e6stev\u00e6nget 3, Glud<br \/>\n7130 Juelsminde<br \/>\nTlf.: 61 99 37 36<a href=\"mailto:idraetsbornehaven.skjold@hedensted.dk\" target=\"_blank\" rel=\"noopener\" data-cke-saved-href=\"mailto:skjold@hedensted.dk\"><br \/>\n<\/a>Web: <a href=\"http:\/\/dagplejen.hedensted.dk\/hjemmesideindhold\/indhold6.aspx?id=59&amp;wid=2&amp;sm=c\" target=\"_blank\" rel=\"noopener\">Kommunal dagplejer<\/a><\/p>\n<\/div><div class=\"col-md-4\">\n<p>Kommunal dagpleje i Hedensted kommune<br \/>\n<a href=\"http:\/\/dagplejen.hedensted.dk\/hjemmesideindhold\/indhold10.aspx?id=6&amp;wid=2&amp;sm=p\" target=\"_blank\" rel=\"noopener\">Skriv dit barn op!<\/a><\/p>\n<\/div><\/div>\n<p><a href=\"mailto:skjold@hedensted.dk\" data-cke-saved-href=\"mailto:skjold@hedensted.dk\">\u00a0<\/a><\/p>\n<p>&nbsp;<\/p>\n<hr \/>\n<div class=\"row\"> <div class=\"col-md-4\">\n<p><a href=\"https:\/\/gludby.dk\/wp\/wp-content\/uploads\/2015\/01\/profile-no-photo.png\"><img loading=\"lazy\" decoding=\"async\" class=\"aligncenter wp-image-1220 size-thumbnail\" src=\"https:\/\/gludby.dk\/wp\/wp-content\/uploads\/2015\/01\/profile-no-photo-150x150.png\" width=\"150\" height=\"150\" srcset=\"https:\/\/gludby.dk\/wp\/wp-content\/uploads\/2015\/01\/profile-no-photo-150x150.png 150w, https:\/\/gludby.dk\/wp\/wp-content\/uploads\/2015\/01\/profile-no-photo.png 241w\" sizes=\"auto, (max-width: 150px) 100vw, 150px\" \/><\/a><\/p>\n<\/div><div class=\"col-md-4\">\n<p><strong>Marianne List Jensen<br \/>\n<\/strong>S\u00f8nderbakken 32, Glud<br \/>\n7130 Juelsminde<br \/>\nTlf.: 20 73 7995<a href=\"mailto:idraetsbornehaven.skjold@hedensted.dk\" target=\"_blank\" rel=\"noopener\" data-cke-saved-href=\"mailto:skjold@hedensted.dk\"><br \/>\n<\/a>Mail: mariannelist@godmail.dk<\/p>\n<\/div><div class=\"col-md-4\">\n<p>&nbsp;<\/p>\n<p>OBS!<br \/>\nSom privat b\u00f8rnepasser er man godkendt af Hedensted Kommune.<\/p>\n<\/div><\/div>\n<p>&nbsp;<\/p>\n<p>&nbsp;<\/p>\n<hr \/>\n<p>&nbsp;<\/p>\n<p>&nbsp;<\/p>\n<p>&nbsp;<\/p>\n","protected":false},"excerpt":{"rendered":"<p>Omr\u00e5det tilbyder op til flere b\u00f8rnehaver, vuggestuer og dagplejer. &nbsp; &nbsp; &nbsp; &nbsp; &nbsp; &nbsp; &nbsp; &nbsp; \u00a0 \u00a0 &nbsp; &nbsp; &nbsp; &nbsp; &nbsp; &nbsp;<\/p>\n","protected":false},"author":1,"featured_media":0,"parent":0,"menu_order":0,"comment_status":"open","ping_status":"open","template":"","meta":{"footnotes":""},"class_list":["post-421","page","type-page","status-publish","hentry"],"_links":{"self":[{"href":"https:\/\/gludby.dk\/wp\/index.php?rest_route=\/wp\/v2\/pages\/421","targetHints":{"allow":["GET"]}}],"collection":[{"href":"https:\/\/gludby.dk\/wp\/index.php?rest_route=\/wp\/v2\/pages"}],"about":[{"href":"https:\/\/gludby.dk\/wp\/index.php?rest_route=\/wp\/v2\/types\/page"}],"author":[{"embeddable":true,"href":"https:\/\/gludby.dk\/wp\/index.php?rest_route=\/wp\/v2\/users\/1"}],"replies":[{"embeddable":true,"href":"https:\/\/gludby.dk\/wp\/index.php?rest_route=%2Fwp%2Fv2%2Fcomments&post=421"}],"version-history":[{"count":0,"href":"https:\/\/gludby.dk\/wp\/index.php?rest_route=\/wp\/v2\/pages\/421\/revisions"}],"wp:attachment":[{"href":"https:\/\/gludby.dk\/wp\/index.php?rest_route=%2Fwp%2Fv2%2Fmedia&parent=421"}],"curies":[{"name":"wp","href":"https:\/\/api.w.org\/{rel}","templated":true}]}}