{"id":433,"date":"2015-01-21T11:18:22","date_gmt":"2015-01-21T11:18:22","guid":{"rendered":"http:\/\/gludby.dk\/wp\/?page_id=433"},"modified":"2015-01-21T11:18:22","modified_gmt":"2015-01-21T11:18:22","slug":"teltudlejning","status":"publish","type":"page","link":"https:\/\/gludby.dk\/wp\/?page_id=433","title":{"rendered":"Teltudlejning"},"content":{"rendered":"<p>Idr\u00e6tsforeningen har sammen med Borgerforeningen k\u00f8bt to telte, st\u00f8rrelse 6&#215;8 meter, i kraftig kvalitet.<br \/>\nN\u00e5r foreningen ikke selv bruger teltene er der mulighed for at leje dem, prisen er kr.400,. pr. telt.<\/p>\n<p>N\u00e6rmere information og reservering, s\u00e5 kontakt<\/p>\n<p>Doris Freder\u00edksen<br \/>\nGlud Kirkevej 15, Glud<br \/>\n71 30 Juelsminde<br \/>\nTlf.: 75 68 30 94<\/p>\n","protected":false},"excerpt":{"rendered":"<p>Idr\u00e6tsforeningen har sammen med Borgerforeningen k\u00f8bt to telte, st\u00f8rrelse 6&#215;8 meter, i kraftig kvalitet. N\u00e5r foreningen ikke selv bruger teltene er der mulighed for at leje dem, prisen er kr.400,. pr. telt. N\u00e6rmere information og reservering, s\u00e5 kontakt Doris Freder\u00edksen &hellip; <a href=\"https:\/\/gludby.dk\/wp\/?page_id=433\">Continued<\/a><\/p>\n","protected":false},"author":1,"featured_media":0,"parent":0,"menu_order":0,"comment_status":"open","ping_status":"open","template":"","meta":{"footnotes":""},"class_list":["post-433","page","type-page","status-publish","hentry"],"_links":{"self":[{"href":"https:\/\/gludby.dk\/wp\/index.php?rest_route=\/wp\/v2\/pages\/433","targetHints":{"allow":["GET"]}}],"collection":[{"href":"https:\/\/gludby.dk\/wp\/index.php?rest_route=\/wp\/v2\/pages"}],"about":[{"href":"https:\/\/gludby.dk\/wp\/index.php?rest_route=\/wp\/v2\/types\/page"}],"author":[{"embeddable":true,"href":"https:\/\/gludby.dk\/wp\/index.php?rest_route=\/wp\/v2\/users\/1"}],"replies":[{"embeddable":true,"href":"https:\/\/gludby.dk\/wp\/index.php?rest_route=%2Fwp%2Fv2%2Fcomments&post=433"}],"version-history":[{"count":0,"href":"https:\/\/gludby.dk\/wp\/index.php?rest_route=\/wp\/v2\/pages\/433\/revisions"}],"wp:attachment":[{"href":"https:\/\/gludby.dk\/wp\/index.php?rest_route=%2Fwp%2Fv2%2Fmedia&parent=433"}],"curies":[{"name":"wp","href":"https:\/\/api.w.org\/{rel}","templated":true}]}}