{"id":46,"date":"2015-01-15T10:38:45","date_gmt":"2015-01-15T10:38:45","guid":{"rendered":"http:\/\/gludby.dk\/wp\/?page_id=46"},"modified":"2015-03-10T07:17:06","modified_gmt":"2015-03-10T07:17:06","slug":"lokale-foreninger","status":"publish","type":"page","link":"https:\/\/gludby.dk\/wp\/?page_id=46","title":{"rendered":"Lokale foreninger"},"content":{"rendered":"<p>Glud og omegn d\u00e6kker over en del foreninger og du vil kunne finde dem oppe i menuen til h\u00f8jre under &#8220;Lokale foreninger&#8221;.<\/p>\n<p>Hvis du har en forening som du mener burde v\u00e6re med p\u00e5 siden, s\u00e5 tag straks kontakt til os.<\/p>\n<p>Al relavant indhold i form af tekst og billeder sendes til <a href=\"mailto:indhold@gludby.dk\">indhold@gludby.dk<\/a><\/p>\n<p>&nbsp;<\/p>\n<p>&nbsp;<\/p>\n","protected":false},"excerpt":{"rendered":"<p>Glud og omegn d\u00e6kker over en del foreninger og du vil kunne finde dem oppe i menuen til h\u00f8jre under &#8220;Lokale foreninger&#8221;. Hvis du har en forening som du mener burde v\u00e6re med p\u00e5 siden, s\u00e5 tag straks kontakt til &hellip; <a href=\"https:\/\/gludby.dk\/wp\/?page_id=46\">Continued<\/a><\/p>\n","protected":false},"author":1,"featured_media":0,"parent":0,"menu_order":0,"comment_status":"open","ping_status":"open","template":"","meta":{"footnotes":""},"class_list":["post-46","page","type-page","status-publish","hentry"],"_links":{"self":[{"href":"https:\/\/gludby.dk\/wp\/index.php?rest_route=\/wp\/v2\/pages\/46","targetHints":{"allow":["GET"]}}],"collection":[{"href":"https:\/\/gludby.dk\/wp\/index.php?rest_route=\/wp\/v2\/pages"}],"about":[{"href":"https:\/\/gludby.dk\/wp\/index.php?rest_route=\/wp\/v2\/types\/page"}],"author":[{"embeddable":true,"href":"https:\/\/gludby.dk\/wp\/index.php?rest_route=\/wp\/v2\/users\/1"}],"replies":[{"embeddable":true,"href":"https:\/\/gludby.dk\/wp\/index.php?rest_route=%2Fwp%2Fv2%2Fcomments&post=46"}],"version-history":[{"count":0,"href":"https:\/\/gludby.dk\/wp\/index.php?rest_route=\/wp\/v2\/pages\/46\/revisions"}],"wp:attachment":[{"href":"https:\/\/gludby.dk\/wp\/index.php?rest_route=%2Fwp%2Fv2%2Fmedia&parent=46"}],"curies":[{"name":"wp","href":"https:\/\/api.w.org\/{rel}","templated":true}]}}