{"id":4677,"date":"2023-03-17T11:17:13","date_gmt":"2023-03-17T11:17:13","guid":{"rendered":"https:\/\/gludby.dk\/wp\/?page_id=4677"},"modified":"2024-04-19T07:15:55","modified_gmt":"2024-04-19T07:15:55","slug":"nyt-fjernvarmeprojekt-nu-kun-i-glud","status":"publish","type":"page","link":"https:\/\/gludby.dk\/wp\/?page_id=4677","title":{"rendered":"GLUD FJERNVARME"},"content":{"rendered":"\n<p><strong>SENESTE NYT &#8211; april. 2024:<\/strong><\/p>\n\n\n\n<p>Det g\u00e5r godt med tilmeldinger, men der mangler stadig tilmeldinger for at m\u00e5let er n\u00e5et.<br>Derfor er fristen for tilmeldingsfristen rykket til den 30. april.<\/p>\n\n\n\n<p class=\"has-text-color has-link-color wp-elements-f184b460838fc31d92d6c1ccc1f1d068\" style=\"color:#000000\">Tilmelding: <br><a href=\"https:\/\/www.tkvv.dk\/fjernvarme\/fremtidigt-arbejde\/tilmeld-dig-fjernvarme-glud\/\" target=\"_blank\" rel=\"noreferrer noopener\">https:\/\/www.tkvv.dk\/fjernvarme\/fremtidigt-arbejde\/tilmeld-dig-fjernvarme-glud\/<\/a><br>(Bem\u00e6rk fejl i tilmeldingsprocenten, da den er v\u00e6sentlig h\u00f8jere end de viste 20%)<\/p>\n\n\n\n<p>Beregn din pris:<br><a href=\"https:\/\/www.tkvv.dk\/fjernvarme\/fremtidigt-arbejde\/beregn-din-pris-paa-fjernvarme-glud\/\" target=\"_blank\" rel=\"noreferrer noopener\">https:\/\/www.tkvv.dk\/fjernvarme\/fremtidigt-arbejde\/beregn-din-pris-paa-fjernvarme-glud\/<\/a><\/p>\n\n\n\n<hr class=\"wp-block-separator has-alpha-channel-opacity\"\/>\n\n\n\n<p class=\"has-text-color has-link-color wp-elements-bae270289d55695b1f848b1eff30023b\" style=\"color:#d3d3d3\"><strong>Feb. 2024:<\/strong><\/p>\n\n\n\n<p class=\"has-text-color has-link-color wp-elements-23d8a4d781cc4720ed46ae85a33e2ba2\" style=\"color:#d3d3d3\">S\u00e5 er der nyt fra T\u00f8rring Kraftvarmev\u00e6rk som tilbyder mulighed for fjernvarme i Glud. Allerede til n\u00e6ste vinter vil de f\u00f8rste v\u00e6re tilsluttet. Der vil v\u00e6re 6 info dage i Brugsen hvor man kan f\u00e5 besvaret sine sp\u00f8rgsm\u00e5l, samt f\u00e5 hj\u00e6lp til tilmelding. <\/p>\n\n\n\n<figure class=\"wp-block-image size-full\"><a href=\"https:\/\/gludby.dk\/wp\/wp-content\/uploads\/2024\/02\/Flyer-1.png\"><img loading=\"lazy\" decoding=\"async\" width=\"624\" height=\"889\" src=\"https:\/\/gludby.dk\/wp\/wp-content\/uploads\/2024\/02\/Flyer-1.png\" alt=\"\" class=\"wp-image-4870\" srcset=\"https:\/\/gludby.dk\/wp\/wp-content\/uploads\/2024\/02\/Flyer-1.png 624w, https:\/\/gludby.dk\/wp\/wp-content\/uploads\/2024\/02\/Flyer-1-211x300.png 211w\" sizes=\"auto, (max-width: 624px) 100vw, 624px\" \/><\/a><\/figure>\n\n\n\n<hr class=\"wp-block-separator has-alpha-channel-opacity\"\/>\n\n\n\n<p class=\"has-text-color\" style=\"color:#a1a1a1\"><strong>Jan. 2024:<\/strong><\/p>\n\n\n\n<p class=\"has-text-color\" style=\"color:#a1a1a1\">Der vil i l\u00f8bet af januar blive pr\u00e6senteret dage i februar og marts hvor man man kan blive oplyst omkring Glud Fjernvarme, og ligeledes vil man kunne tilmelde sig via MitID.<\/p>\n\n\n\n<p class=\"has-text-color\" style=\"color:#a1a1a1\">Det forventes at foreg\u00e5 p\u00e5 et omr\u00e5de oppe foran Brugsen eller p\u00e5 deres 1. sal.<\/p>\n\n\n\n<p class=\"has-text-color\" style=\"color:#a1a1a1\">T\u00f8rring Kraftvarmev\u00e6rk arbejder p\u00e5 material til denne pr\u00e6sentation og tilmelding.<\/p>\n\n\n\n<hr class=\"wp-block-separator has-alpha-channel-opacity\"\/>\n\n\n\n<p class=\"has-text-color\" style=\"color:#969696\"><strong>20. sep. 2023:<\/strong><br><br>Tak for jeres opbakning indtilvidere.<\/p>\n\n\n\n<p class=\"has-text-color\" style=\"color:#969696\">Projektet godkendt og igangsat hos kommunen.<\/p>\n\n\n\n<p class=\"has-text-color\" style=\"color:#969696\">NIRAS har, som planlagt, udarbejdet et endeligt projektforsalg. Projektforslaget er herefter behandlet og godkendt af Hedensted kommune.<\/p>\n\n\n\n<p class=\"has-text-color\" style=\"color:#969696\">Det betyder, at vi nu kan arbejde videre med projektet. Det n\u00e6ste skridt i processen er udarbejdelse af en tidsplan og indhentelse af bindende tilmeldinger fra de interesserede husejere i Glud.<\/p>\n\n\n\n<p class=\"has-text-color\" style=\"color:#969696\">Vi vender tilbage med flere oplysninger inden l\u00e6nge.<\/p>\n\n\n<div class=\"wp-block-image\">\n<figure class=\"aligncenter size-full\"><a href=\"https:\/\/gludby.dk\/wp\/wp-content\/uploads\/2023\/09\/Glud-Fjernvarme_2.png\"><img loading=\"lazy\" decoding=\"async\" width=\"700\" height=\"700\" src=\"https:\/\/gludby.dk\/wp\/wp-content\/uploads\/2023\/09\/Glud-Fjernvarme_2.png\" alt=\"\" class=\"wp-image-4786\" srcset=\"https:\/\/gludby.dk\/wp\/wp-content\/uploads\/2023\/09\/Glud-Fjernvarme_2.png 700w, https:\/\/gludby.dk\/wp\/wp-content\/uploads\/2023\/09\/Glud-Fjernvarme_2-300x300.png 300w, https:\/\/gludby.dk\/wp\/wp-content\/uploads\/2023\/09\/Glud-Fjernvarme_2-150x150.png 150w\" sizes=\"auto, (max-width: 700px) 100vw, 700px\" \/><\/a><\/figure>\n<\/div>\n\n\n<hr class=\"wp-block-separator has-alpha-channel-opacity\"\/>\n\n\n\n<p><strong>Fjernvarme er afh\u00e6ngig af f\u00e6llesskab og solidaritet for at komme i m\u00e5l!<\/strong><\/p>\n\n\n\n<hr class=\"wp-block-separator has-alpha-channel-opacity\"\/>\n\n\n\n<p>Se historikken herunder&#8230;<\/p>\n\n\n\n<hr class=\"wp-block-separator has-alpha-channel-opacity\"\/>\n\n\n\n<p class=\"has-text-color\" style=\"color:#b6b1b1\"><strong>2. maj 2023<\/strong><\/p>\n\n\n\n<p class=\"has-text-color\" style=\"color:#b6b1b1\">Vi kan oplyse, at vi har opn\u00e5et tilstr\u00e6kkeligt med positive tilkendegivelser\/tilmeldinger, s\u00e5ledes vi kan komme videre med projektet. Det er virkelig godt!<\/p>\n\n\n\n<p class=\"has-text-color\" style=\"color:#b6b1b1\">NIRAS udarbejder projektforslag som vi forventer at have i h\u00e6nderne hurtigst muligt p\u00e5 den anden side af sommerferien.<br>https:\/\/gludby.dk\/wp\/?p=4764&amp;fbclid=IwAR2npmo68hnJyDxpuv-pPA0Sg9spDKgxUxeWE7R3oJTuGjSwSYU6OhEVvEQ<\/p>\n\n\n\n<hr class=\"wp-block-separator has-alpha-channel-opacity\"\/>\n\n\n\n<p class=\"has-text-color\" style=\"color:#9e9e9e\"><strong>28. marts 2023<\/strong><\/p>\n\n\n\n<p class=\"has-text-color\" style=\"color:#9e9e9e\">Invitation til nyt informationsm\u00f8de den 28. marts kl. 19.00 kan du finde her:<br><a href=\"https:\/\/gludby.dk\/wp\/?p=4664\">Pr\u00e6sentation af nyt Fjernvarmeprojekti Glud<\/a><\/p>\n\n\n\n<p class=\"has-text-color\" style=\"color:#9e9e9e\">Du kan beregne prisen p\u00e5 din bolig med screeningstallene herunder i excel arket.<br>N\u00e5r du indtaster din boligkvadratmeter og dit \u00e5rlige gasforbrug, s\u00e5 ser du din pris sammenlignet med GAS, Varmepumpe og fjernvarme.<\/p>\n\n\n\n<div class=\"wp-block-file\"><a id=\"wp-block-file--media-0048d053-e095-4e73-8bf1-e2954cfe098c\" href=\"https:\/\/gludby.dk\/wp\/wp-content\/uploads\/2023\/03\/Ny-beregner-20_.xlsx\">Glud Fjernvarme &#8211; ny beregner 2.0_<\/a><a href=\"https:\/\/gludby.dk\/wp\/wp-content\/uploads\/2023\/03\/Ny-beregner-20_.xlsx\" class=\"wp-block-file__button wp-element-button\" download aria-describedby=\"wp-block-file--media-0048d053-e095-4e73-8bf1-e2954cfe098c\">Download<\/a><\/div>\n\n\n\n<div class=\"wp-block-file\"><a id=\"wp-block-file--media-fb7d479b-9c07-442b-9bc7-1657d8208504\" href=\"https:\/\/gludby.dk\/wp\/wp-content\/uploads\/2023\/03\/Fjernvarme-i-Glud-marts-2023.pptx\">POWERPOINT Fjernvarme-i-Glud-marts-2023<\/a><a href=\"https:\/\/gludby.dk\/wp\/wp-content\/uploads\/2023\/03\/Fjernvarme-i-Glud-marts-2023.pptx\" class=\"wp-block-file__button wp-element-button\" download aria-describedby=\"wp-block-file--media-fb7d479b-9c07-442b-9bc7-1657d8208504\">Download<\/a><\/div>\n\n\n\n<div class=\"wp-block-file\"><a id=\"wp-block-file--media-8095f5ff-6087-4f63-99d0-d1db346271e9\" href=\"https:\/\/gludby.dk\/wp\/wp-content\/uploads\/2023\/03\/Hedensted-kommune-Anders-Reuss.pptx\">POWERPOINT Hedensted-kommune-Anders-Reuss<\/a><a href=\"https:\/\/gludby.dk\/wp\/wp-content\/uploads\/2023\/03\/Hedensted-kommune-Anders-Reuss.pptx\" class=\"wp-block-file__button wp-element-button\" download aria-describedby=\"wp-block-file--media-8095f5ff-6087-4f63-99d0-d1db346271e9\">Download<\/a><\/div>\n\n\n\n<hr class=\"wp-block-separator has-alpha-channel-opacity\"\/>\n\n\n\n<p class=\"has-text-color\" style=\"color:#aeaeae\"><strong>5. marts 2023<\/strong><\/p>\n\n\n\n<p class=\"has-text-color\" style=\"color:#aeaeae\">Den 5. marts udl\u00f8b muligheden for at tilmelde sig det f\u00e6lles fjernvarmenetv\u00e6rk mellem Glud og Snaptun.<br>Det lykkedes desv\u00e6rre ikke at skabe tilstr\u00e6kkelig opbakning til et f\u00e6lles fjernvarme projekt i<br>Glud-Snaptun.<br>Interessen var dog v\u00e6sentlig st\u00f8rre i Glud, og der arbejdes nu videre med kollektiv varme alene i Glud by.<\/p>\n","protected":false},"excerpt":{"rendered":"<p>SENESTE NYT &#8211; april. 2024: Det g\u00e5r godt med tilmeldinger, men der mangler stadig tilmeldinger for at m\u00e5let er n\u00e5et.Derfor er fristen for tilmeldingsfristen rykket til den 30. april. Tilmelding: https:\/\/www.tkvv.dk\/fjernvarme\/fremtidigt-arbejde\/tilmeld-dig-fjernvarme-glud\/(Bem\u00e6rk fejl i tilmeldingsprocenten, da den er v\u00e6sentlig h\u00f8jere end &hellip; <a href=\"https:\/\/gludby.dk\/wp\/?page_id=4677\">Continued<\/a><\/p>\n","protected":false},"author":3,"featured_media":0,"parent":0,"menu_order":0,"comment_status":"closed","ping_status":"closed","template":"","meta":{"footnotes":""},"class_list":["post-4677","page","type-page","status-publish","hentry"],"_links":{"self":[{"href":"https:\/\/gludby.dk\/wp\/index.php?rest_route=\/wp\/v2\/pages\/4677","targetHints":{"allow":["GET"]}}],"collection":[{"href":"https:\/\/gludby.dk\/wp\/index.php?rest_route=\/wp\/v2\/pages"}],"about":[{"href":"https:\/\/gludby.dk\/wp\/index.php?rest_route=\/wp\/v2\/types\/page"}],"author":[{"embeddable":true,"href":"https:\/\/gludby.dk\/wp\/index.php?rest_route=\/wp\/v2\/users\/3"}],"replies":[{"embeddable":true,"href":"https:\/\/gludby.dk\/wp\/index.php?rest_route=%2Fwp%2Fv2%2Fcomments&post=4677"}],"version-history":[{"count":0,"href":"https:\/\/gludby.dk\/wp\/index.php?rest_route=\/wp\/v2\/pages\/4677\/revisions"}],"wp:attachment":[{"href":"https:\/\/gludby.dk\/wp\/index.php?rest_route=%2Fwp%2Fv2%2Fmedia&parent=4677"}],"curies":[{"name":"wp","href":"https:\/\/api.w.org\/{rel}","templated":true}]}}