{"id":470,"date":"2015-01-22T15:16:33","date_gmt":"2015-01-22T15:16:33","guid":{"rendered":"http:\/\/gludby.dk\/wp\/?page_id=470"},"modified":"2015-10-25T07:57:26","modified_gmt":"2015-10-25T07:57:26","slug":"sejlplan-til-hjarnoe","status":"publish","type":"page","link":"https:\/\/gludby.dk\/wp\/?page_id=470","title":{"rendered":"Sejlplan til Hjarn\u00f8"},"content":{"rendered":"<p>Her kan du se sejlplanen til M\/F Hjarn\u00f8.<\/p>\n<p><strong>OBS! Grupper over 10 personer bedes kontakte f\u00e6rgen f\u00f8r bes\u00f8g<\/strong><\/p>\n<p>F\u00e6rgens telefonnummer: 30 70 23 45<\/p>\n<p>Overfartsleder:<br \/>\nKlaus Nissen, mail: overfartsleder@hjarnoefaergefart.dk (opdateret oktober 2015)<\/p>\n<p>Formand:<br \/>\nSusanne Ernst, mail: formand@hjarnoefaergefart.dk<\/p>\n<p>Se evt. mere p\u00e5 f\u00e6rgens egen hjemmeside &#8211; www.hjarn\u00f8f\u00e6rgefart.dk<\/p>\n<p>&nbsp;<\/p>\n<h6 style=\"text-align: left;\">Tryk p\u00e5 planen herunder, for at se det stort.<\/h6>\n<p style=\"text-align: left;\"><a href=\"https:\/\/gludby.dk\/wp\/wp-content\/uploads\/2015\/01\/Hjarn\u00f8-sejlplan-januar-2015.png\"><img loading=\"lazy\" decoding=\"async\" class=\" wp-image-471 size-medium alignleft\" src=\"https:\/\/gludby.dk\/wp\/wp-content\/uploads\/2015\/01\/Hjarn\u00f8-sejlplan-januar-2015-300x263.png\" alt=\"Hjarn\u00f8 sejlplan - januar 2015\" width=\"300\" height=\"263\" srcset=\"https:\/\/gludby.dk\/wp\/wp-content\/uploads\/2015\/01\/Hjarn\u00f8-sejlplan-januar-2015-300x263.png 300w, https:\/\/gludby.dk\/wp\/wp-content\/uploads\/2015\/01\/Hjarn\u00f8-sejlplan-januar-2015.png 884w\" sizes=\"auto, (max-width: 300px) 100vw, 300px\" \/><\/a><\/p>\n<p style=\"text-align: left;\">\n","protected":false},"excerpt":{"rendered":"<p>Her kan du se sejlplanen til M\/F Hjarn\u00f8. OBS! Grupper over 10 personer bedes kontakte f\u00e6rgen f\u00f8r bes\u00f8g F\u00e6rgens telefonnummer: 30 70 23 45 Overfartsleder: Klaus Nissen, mail: overfartsleder@hjarnoefaergefart.dk (opdateret oktober 2015) Formand: Susanne Ernst, mail: formand@hjarnoefaergefart.dk Se evt. mere &hellip; <a href=\"https:\/\/gludby.dk\/wp\/?page_id=470\">Continued<\/a><\/p>\n","protected":false},"author":1,"featured_media":0,"parent":0,"menu_order":0,"comment_status":"open","ping_status":"open","template":"","meta":{"footnotes":""},"class_list":["post-470","page","type-page","status-publish","hentry"],"_links":{"self":[{"href":"https:\/\/gludby.dk\/wp\/index.php?rest_route=\/wp\/v2\/pages\/470","targetHints":{"allow":["GET"]}}],"collection":[{"href":"https:\/\/gludby.dk\/wp\/index.php?rest_route=\/wp\/v2\/pages"}],"about":[{"href":"https:\/\/gludby.dk\/wp\/index.php?rest_route=\/wp\/v2\/types\/page"}],"author":[{"embeddable":true,"href":"https:\/\/gludby.dk\/wp\/index.php?rest_route=\/wp\/v2\/users\/1"}],"replies":[{"embeddable":true,"href":"https:\/\/gludby.dk\/wp\/index.php?rest_route=%2Fwp%2Fv2%2Fcomments&post=470"}],"version-history":[{"count":0,"href":"https:\/\/gludby.dk\/wp\/index.php?rest_route=\/wp\/v2\/pages\/470\/revisions"}],"wp:attachment":[{"href":"https:\/\/gludby.dk\/wp\/index.php?rest_route=%2Fwp%2Fv2%2Fmedia&parent=470"}],"curies":[{"name":"wp","href":"https:\/\/api.w.org\/{rel}","templated":true}]}}