{"id":485,"date":"2015-01-22T15:55:18","date_gmt":"2015-01-22T15:55:18","guid":{"rendered":"http:\/\/gludby.dk\/wp\/?page_id=485"},"modified":"2020-02-20T19:28:51","modified_gmt":"2020-02-20T19:28:51","slug":"sejlplan-til-endelave","status":"publish","type":"page","link":"https:\/\/gludby.dk\/wp\/?page_id=485","title":{"rendered":"Sejlplan til Endelave"},"content":{"rendered":"<p>M\/F Endelave er hjemmeh\u00f8rende pa Endelave. Den sejler dagligt mellem Endelave og Snaptun f\u00e6rgehavn.<\/p>\n<h3>Pladsreservation<\/h3>\n<p><strong>\u00c5bningstider<\/strong><br \/>\nmandag til fredag kl. 10.00 &#8211; 15.00<\/p>\n<p><strong>Kontakt<\/strong><\/p>\n<table border=\"0\" cellspacing=\"0\" cellpadding=\"0\">\n<tbody>\n<tr>\n<td align=\"left\" valign=\"top\">Telefon:<\/td>\n<td align=\"left\" valign=\"top\">30 36 91 75<\/td>\n<\/tr>\n<tr>\n<td>E-mail:<\/td>\n<td><span id=\"cloak68557\"><a href=\"mailto:info@mf-endelave.dk\">info@mf-endelave.dk<\/a><\/span><\/td>\n<\/tr>\n<tr>\n<td align=\"left\" valign=\"top\">Adresse:<\/td>\n<td>Havhornet 4<br \/>\nEndelave<br \/>\n8700 Horsens<\/td>\n<\/tr>\n<\/tbody>\n<\/table>\n<p>L\u00e6s evt. mere p\u00e5 Endelaves egen hjemmeside &#8211; <a href=\"http:\/\/www.oenendelave.dk\/\" target=\"_blank\" rel=\"noopener noreferrer\">www.oenendelave.dk<\/a><\/p>\n","protected":false},"excerpt":{"rendered":"<p>M\/F Endelave er hjemmeh\u00f8rende pa Endelave. Den sejler dagligt mellem Endelave og Snaptun f\u00e6rgehavn. Pladsreservation \u00c5bningstider mandag til fredag kl. 10.00 &#8211; 15.00 Kontakt Telefon: 30 36 91 75 E-mail: info@mf-endelave.dk Adresse: Havhornet 4 Endelave 8700 Horsens L\u00e6s evt. mere &hellip; <a href=\"https:\/\/gludby.dk\/wp\/?page_id=485\">Continued<\/a><\/p>\n","protected":false},"author":1,"featured_media":0,"parent":0,"menu_order":0,"comment_status":"open","ping_status":"open","template":"","meta":{"footnotes":""},"class_list":["post-485","page","type-page","status-publish","hentry"],"_links":{"self":[{"href":"https:\/\/gludby.dk\/wp\/index.php?rest_route=\/wp\/v2\/pages\/485","targetHints":{"allow":["GET"]}}],"collection":[{"href":"https:\/\/gludby.dk\/wp\/index.php?rest_route=\/wp\/v2\/pages"}],"about":[{"href":"https:\/\/gludby.dk\/wp\/index.php?rest_route=\/wp\/v2\/types\/page"}],"author":[{"embeddable":true,"href":"https:\/\/gludby.dk\/wp\/index.php?rest_route=\/wp\/v2\/users\/1"}],"replies":[{"embeddable":true,"href":"https:\/\/gludby.dk\/wp\/index.php?rest_route=%2Fwp%2Fv2%2Fcomments&post=485"}],"version-history":[{"count":0,"href":"https:\/\/gludby.dk\/wp\/index.php?rest_route=\/wp\/v2\/pages\/485\/revisions"}],"wp:attachment":[{"href":"https:\/\/gludby.dk\/wp\/index.php?rest_route=%2Fwp%2Fv2%2Fmedia&parent=485"}],"curies":[{"name":"wp","href":"https:\/\/api.w.org\/{rel}","templated":true}]}}