{"id":50,"date":"2015-01-15T10:42:44","date_gmt":"2015-01-15T10:42:44","guid":{"rendered":"http:\/\/gludby.dk\/wp\/?page_id=50"},"modified":"2015-04-04T14:05:01","modified_gmt":"2015-04-04T14:05:01","slug":"videoer","status":"publish","type":"page","link":"https:\/\/gludby.dk\/wp\/?page_id=50","title":{"rendered":"Medierne"},"content":{"rendered":"<div class=\"pullquote pullquote-center\">\n<p>Trods byernes st\u00f8rrelser s\u00e5 har Glud, Snaptun og omegnen flere gange optr\u00e5dt i diverse medier, lokale s\u00e5vel som landsd\u00e6kkende.<\/p>\n<\/div>\n<p>&nbsp;<\/p>\n<p>Hvis du ligger inde med en video eller lign. som du synes skal p\u00e5 siden,<br \/>\ns\u00e5 send den til indhold@gludby.dk<\/p>\n<p>&nbsp;<\/p>\n<p><iframe loading=\"lazy\" src=\"https:\/\/www.youtube.com\/embed\/NkC-JHbHF1o\" width=\"560\" height=\"315\" frameborder=\"0\" allowfullscreen=\"allowfullscreen\"><\/iframe><br \/>\nCykelstien indvies 2014 mellem Snaptun og Glud.<\/p>\n<hr \/>\n<p><iframe loading=\"lazy\" src=\"https:\/\/www.youtube.com\/embed\/r1Ic_oOnTI0\" width=\"560\" height=\"315\" frameborder=\"0\" allowfullscreen=\"allowfullscreen\"><\/iframe><br \/>\nSnaptun Lokalr\u00e5d &#8211;\u00a0Borgerne fort\u00e6ller om at bo og leve i Snaptun, et lokalomr\u00e5de i Hedensted Kommune.<br \/>\nKlippet er fra 6\/8-2013<\/p>\n<hr \/>\n<p><iframe loading=\"lazy\" src=\"https:\/\/www.youtube.com\/embed\/ZLGrUdPtVNI\" width=\"560\" height=\"315\" frameborder=\"0\" allowfullscreen=\"allowfullscreen\"><\/iframe><br \/>\nEt lille videoklip omkring Snaptuns grundl\u00e6ggelse.<br \/>\nVideoen er uarbejdet af Storyspot Horsens.<\/p>\n<hr \/>\n<p><iframe loading=\"lazy\" src=\"https:\/\/www.youtube.com\/embed\/Izz1PIYZu2E\" width=\"560\" height=\"315\" frameborder=\"0\" allowfullscreen=\"allowfullscreen\"><\/iframe><br \/>\nDagli&#8217; Brugsen havde bes\u00f8g af TV 2 Nyhederne i februar 2012.<\/p>\n<hr \/>\n<p><iframe loading=\"lazy\" src=\"https:\/\/www.youtube.com\/embed\/_DQqESV-iUo\" width=\"560\" height=\"315\" frameborder=\"0\" allowfullscreen=\"allowfullscreen\"><\/iframe><br \/>\n7. maj 2012 kom Giro de Italia igennem Glud.<\/p>\n<hr \/>\n<p><iframe loading=\"lazy\" src=\"https:\/\/www.youtube.com\/embed\/7R5qoHG0zzQ\" width=\"560\" height=\"315\" frameborder=\"0\" allowfullscreen=\"allowfullscreen\"><\/iframe><br \/>\nTV Horsens bes\u00f8ger Fergus Museumet i 2011.<\/p>\n<hr \/>\n<p><iframe loading=\"lazy\" src=\"https:\/\/www.youtube.com\/embed\/kEa6KvI_kME\" width=\"560\" height=\"315\" frameborder=\"0\" allowfullscreen=\"allowfullscreen\"><\/iframe><br \/>\nThor Tidemand afholder pressem\u00f8de i Brugsen i Glud.<br \/>\nIndslaget var i TV 2 Nyhederne 2011.<\/p>\n<hr \/>\n<p><iframe loading=\"lazy\" src=\"https:\/\/www.youtube.com\/embed\/dTbC3Z5vJ_w\" width=\"560\" height=\"315\" frameborder=\"0\" allowfullscreen=\"allowfullscreen\"><\/iframe><br \/>\nSnaptun Havne- og muslingefest 2011.<br \/>\ndk4 er forbi havnen i Snaptun.<\/p>\n<hr \/>\n<p><iframe loading=\"lazy\" src=\"https:\/\/www.youtube.com\/embed\/rT6mdL26B48\" width=\"560\" height=\"315\" frameborder=\"0\" allowfullscreen=\"allowfullscreen\"><\/iframe><br \/>\nEfter brugsen br\u00e6ndte ned i 2009 har Georg Mortensen lavet denne video,<br \/>\nsom f\u00f8lger byggeriet af den nye brugs som \u00e5bnede i 2010.<\/p>\n<hr \/>\n<p><iframe loading=\"lazy\" src=\"https:\/\/www.youtube.com\/embed\/A_BleRPIkLw\" width=\"420\" height=\"315\" frameborder=\"0\" allowfullscreen=\"allowfullscreen\"><\/iframe><br \/>\nI 2007 bes\u00f8ger TV 2 Vejret Snaptun Havnefest.<\/p>\n<hr \/>\n","protected":false},"excerpt":{"rendered":"<p>&nbsp; Hvis du ligger inde med en video eller lign. som du synes skal p\u00e5 siden, s\u00e5 send den til indhold@gludby.dk &nbsp; Cykelstien indvies 2014 mellem Snaptun og Glud. Snaptun Lokalr\u00e5d &#8211;\u00a0Borgerne fort\u00e6ller om at bo og leve i Snaptun, &hellip; <a href=\"https:\/\/gludby.dk\/wp\/?page_id=50\">Continued<\/a><\/p>\n","protected":false},"author":1,"featured_media":0,"parent":0,"menu_order":0,"comment_status":"open","ping_status":"open","template":"","meta":{"footnotes":""},"class_list":["post-50","page","type-page","status-publish","hentry"],"_links":{"self":[{"href":"https:\/\/gludby.dk\/wp\/index.php?rest_route=\/wp\/v2\/pages\/50","targetHints":{"allow":["GET"]}}],"collection":[{"href":"https:\/\/gludby.dk\/wp\/index.php?rest_route=\/wp\/v2\/pages"}],"about":[{"href":"https:\/\/gludby.dk\/wp\/index.php?rest_route=\/wp\/v2\/types\/page"}],"author":[{"embeddable":true,"href":"https:\/\/gludby.dk\/wp\/index.php?rest_route=\/wp\/v2\/users\/1"}],"replies":[{"embeddable":true,"href":"https:\/\/gludby.dk\/wp\/index.php?rest_route=%2Fwp%2Fv2%2Fcomments&post=50"}],"version-history":[{"count":0,"href":"https:\/\/gludby.dk\/wp\/index.php?rest_route=\/wp\/v2\/pages\/50\/revisions"}],"wp:attachment":[{"href":"https:\/\/gludby.dk\/wp\/index.php?rest_route=%2Fwp%2Fv2%2Fmedia&parent=50"}],"curies":[{"name":"wp","href":"https:\/\/api.w.org\/{rel}","templated":true}]}}