{"id":549,"date":"2015-01-27T11:24:23","date_gmt":"2015-01-27T11:24:23","guid":{"rendered":"http:\/\/gludby.dk\/wp\/?page_id=549"},"modified":"2025-12-22T15:22:11","modified_gmt":"2025-12-22T15:22:11","slug":"forsamlingshuset","status":"publish","type":"page","link":"https:\/\/gludby.dk\/wp\/?page_id=549","title":{"rendered":"Glud Forsamlingshus"},"content":{"rendered":"<p>Forsamlingshuset er et &#8220;n\u00f8glehus&#8221; uden v\u00e6rt,<br \/>\ndet vil sige lejeren st\u00e5r selv for arrangementet.<\/p>\n<p><b>Stedet hvor vi m\u00f8des igen og igen&#8230;<\/b><\/p>\n<p>S\u00f8nderbakken 4, Glud<a href=\"https:\/\/gludby.dk\/wp\/wp-content\/uploads\/2015\/01\/forsamlingshus.png\"><img loading=\"lazy\" decoding=\"async\" class=\"alignright wp-image-1201 size-medium\" src=\"https:\/\/gludby.dk\/wp\/wp-content\/uploads\/2015\/01\/forsamlingshus-300x169.png\" alt=\"forsamlingshus\" width=\"300\" height=\"169\" srcset=\"https:\/\/gludby.dk\/wp\/wp-content\/uploads\/2015\/01\/forsamlingshus-300x169.png 300w, https:\/\/gludby.dk\/wp\/wp-content\/uploads\/2015\/01\/forsamlingshus.png 990w\" sizes=\"auto, (max-width: 300px) 100vw, 300px\" \/><\/a><br \/>\n7130 Juelsminde<br \/>\nTelefon: 75683070<\/p>\n<p><b>Post bedes sendt til<\/b><br \/>\nGlud forsamlingshus<br \/>\nS\u00f8nderbakken 4<br \/>\n7130 Juelsminde<\/p>\n<p><strong>Medbring selv:<\/strong><br \/>\nDuge, viskestykker, karklude, h\u00e5ndkl\u00e6der, emballage til madrester, staniol og k\u00f8kkenruller.<\/p>\n<p><strong>Pris for udlejning:<\/strong><br \/>\nUdlejning for 1 dag\u00a0 1.500,-<br \/>\nUdlejning for 2 dage\u00a0 3.000,-<br \/>\nUdlejning for 3 dage\u00a0 4.000,-<\/p>\n<p>Alle priser er inkl. service, stole, borde, gas, vand og reng\u00f8ring.<\/p>\n<p><strong>V\u00e6rt\/udlejer:<br \/>\n<\/strong>Inge Jensen<br \/>\nMuseumsvej 14, Glud<br \/>\n7130 Juelsminde<br \/>\nTlf: 51 71 30 97<br \/>\ngludfh@hotmail.com<\/p>\n<p><strong>Toiletter og reng\u00f8ring:<\/strong><br \/>\n<div class=\"row\"> <div class=\"col-md-4\">\n<p>G\u00e6stetoiletter<br \/>\nHandicap toiletter<br \/>\nPersonale toilet<br \/>\nPuslebord<br \/>\nReng\u00f8ring inkl. i leje<\/p>\n<\/div><div class=\"col-md-4\">\n<p>2<br \/>\n1<br \/>\n1<br \/>\nJa<br \/>\nJa<\/p>\n<\/div><div class=\"col-md-4\">\n<\/div><\/div>\n<p><strong>Sale:<\/strong><br \/>\n<div class=\"row\"> <div class=\"col-md-4\">\n<p>Samlet kapacitet<br \/>\nFast scene<br \/>\nInternet adgang<br \/>\n<span style=\"color: #000000;\">Runde borde<\/span><br \/>\nBordst\u00f8rrelse<\/p>\n<\/div><div class=\"col-md-4\">\n<p>Max. 150 personer<br \/>\nJa<br \/>\nNej<br \/>\n<span style=\"color: #000000;\">Ja<\/span><br \/>\n120&#215;70 &amp; 180&#215;70<\/p>\n<\/div><div class=\"col-md-4\">\n<\/div><\/div>\n<p><strong>Faciliteter:<\/strong><br \/>\n<div class=\"row\"> <div class=\"col-md-4\">\n<p>Handicapparkering<br \/>\nAfstand fra p-plads til hus<br \/>\nFast kok<br \/>\nAnbefalet kok<br \/>\nService til<br \/>\nEl-komfur<br \/>\nGas-komfur<br \/>\nFysere<br \/>\nK\u00f8lerum<br \/>\nOvn<br \/>\nKaffemaskiner<br \/>\nIndustropvaskemaskine<br \/>\nViskestykker<br \/>\nHynder til stole<\/p>\n<\/div><div class=\"col-md-4\">\n<p>Ja<br \/>\n15 meter<br \/>\nNej<br \/>\nJa<br \/>\n150 personer<br \/>\nJa<br \/>\nJa<br \/>\nJa<br \/>\nJa, stort<br \/>\nConvektionsovn m. 10 hylder<br \/>\nJa<br \/>\nJa<br \/>\nJa, men medbring selv<br \/>\nJa<\/p>\n<\/div><div class=\"col-md-4\">\n<\/div><\/div>\n<p><a href=\"https:\/\/gludby.dk\/wp\/wp-content\/uploads\/2015\/01\/salen-2.jpg\"><img loading=\"lazy\" decoding=\"async\" class=\"size-large wp-image-1204 aligncenter\" src=\"https:\/\/gludby.dk\/wp\/wp-content\/uploads\/2015\/01\/salen-2-1024x674.jpg\" alt=\"salen 2\" width=\"940\" height=\"619\" srcset=\"https:\/\/gludby.dk\/wp\/wp-content\/uploads\/2015\/01\/salen-2-1024x674.jpg 1024w, https:\/\/gludby.dk\/wp\/wp-content\/uploads\/2015\/01\/salen-2-300x197.jpg 300w\" sizes=\"auto, (max-width: 940px) 100vw, 940px\" \/><\/a><\/p>\n<p>Nedenst\u00e5ende links linker til forsamlingshus.net som varetager informationer om landets forsamlingshuse.<br \/>\n<a href=\"http:\/\/www.forsamlingshus.net\/index.php?route=product\/members&amp;house_id=820\" target=\"_blank\" rel=\"noopener\">Bestyrelsen<br \/>\n<\/a><a href=\"http:\/\/www.forsamlingshus.net\/index.php?route=information\/information&amp;information_id=235397&amp;house_id=820\" target=\"_blank\" rel=\"noopener\">Vedt\u00e6gter<\/a><\/p>\n<p>I efter\u00e5ret 2015 skrev Horsens Folkeblad en artikel om Glud Forsamlingshus.<br \/>\nKlik ind p\u00e5 artiklen her: \u00a0<a href=\"https:\/\/gludby.dk\/wp\/?p=1108\">Forsamlingshuset i Glud er l\u00f8bende blevet forbedret<\/a><\/p>\n","protected":false},"excerpt":{"rendered":"<p>Forsamlingshuset er et &#8220;n\u00f8glehus&#8221; uden v\u00e6rt, det vil sige lejeren st\u00e5r selv for arrangementet. Stedet hvor vi m\u00f8des igen og igen&#8230; S\u00f8nderbakken 4, Glud 7130 Juelsminde Telefon: 75683070 Post bedes sendt til Glud forsamlingshus S\u00f8nderbakken 4 7130 Juelsminde Medbring selv: &hellip; <a href=\"https:\/\/gludby.dk\/wp\/?page_id=549\">Continued<\/a><\/p>\n","protected":false},"author":1,"featured_media":0,"parent":0,"menu_order":0,"comment_status":"open","ping_status":"open","template":"","meta":{"footnotes":""},"class_list":["post-549","page","type-page","status-publish","hentry"],"_links":{"self":[{"href":"https:\/\/gludby.dk\/wp\/index.php?rest_route=\/wp\/v2\/pages\/549","targetHints":{"allow":["GET"]}}],"collection":[{"href":"https:\/\/gludby.dk\/wp\/index.php?rest_route=\/wp\/v2\/pages"}],"about":[{"href":"https:\/\/gludby.dk\/wp\/index.php?rest_route=\/wp\/v2\/types\/page"}],"author":[{"embeddable":true,"href":"https:\/\/gludby.dk\/wp\/index.php?rest_route=\/wp\/v2\/users\/1"}],"replies":[{"embeddable":true,"href":"https:\/\/gludby.dk\/wp\/index.php?rest_route=%2Fwp%2Fv2%2Fcomments&post=549"}],"version-history":[{"count":0,"href":"https:\/\/gludby.dk\/wp\/index.php?rest_route=\/wp\/v2\/pages\/549\/revisions"}],"wp:attachment":[{"href":"https:\/\/gludby.dk\/wp\/index.php?rest_route=%2Fwp%2Fv2%2Fmedia&parent=549"}],"curies":[{"name":"wp","href":"https:\/\/api.w.org\/{rel}","templated":true}]}}