{"id":553,"date":"2015-01-27T11:40:47","date_gmt":"2015-01-27T11:40:47","guid":{"rendered":"http:\/\/gludby.dk\/wp\/?page_id=553"},"modified":"2017-10-29T07:55:03","modified_gmt":"2017-10-29T07:55:03","slug":"nybygger-i-gludsnaptun","status":"publish","type":"page","link":"https:\/\/gludby.dk\/wp\/?page_id=553","title":{"rendered":"Byggegrunde"},"content":{"rendered":"<p>Der er udstykninger\/tomme byggegrunde i lokalomr\u00e5det.<\/p>\n<p>Glud:<\/p>\n<p><span style=\"color: #ff0000;\"><strong>NYHED<\/strong><\/span><br \/>\n<a href=\"https:\/\/www.nybolig.dk\/grund\/7130\/bjerregaardsvej\/100250\/60827\" target=\"_blank\" rel=\"noopener\">Bjerreg\u00e5rdsvej 1<\/a><br \/>\n<a href=\"https:\/\/www.nybolig.dk\/grund\/7130\/bjerregaardsvej\/100250\/60828\" target=\"_blank\" rel=\"noopener\">Bjerreg\u00e5rdsvej 3<\/a><br \/>\n<a href=\"https:\/\/www.nybolig.dk\/grund\/7130\/bjerregaardsvej\/100250\/60829?utm_source=boligsiden_dk&amp;utm_campaign=boligsiden&amp;utm_medium=exitlinks\" target=\"_blank\" rel=\"noopener\">Bjerreg\u00e5rdsvej 4<\/a><br \/>\n<a href=\"https:\/\/www.nybolig.dk\/grund\/7130\/bjerregaardsvej\/100250\/60830\" target=\"_blank\" rel=\"noopener\">Bjerreg\u00e5rdsvej 5<\/a><\/p>\n<p><a href=\"http:\/\/www.nybolig.dk\/soegeresultat-boliger?roadNames=Museumsvej+7130+Juelsminde&amp;types=700\" target=\"_blank\" rel=\"noopener\">Museumsvej 11B<\/a><br \/>\n<a href=\"http:\/\/www.nybolig.dk\/soegeresultat-boliger?roadNames=Museumsvej+7130+Juelsminde&amp;types=700\" target=\"_blank\" rel=\"noopener\">Museumsvej 11C<\/a><br \/>\n<a href=\"http:\/\/www.nybolig.dk\/soegeresultat-boliger?roadNames=Museumsvej+7130+Juelsminde&amp;types=700\" target=\"_blank\" rel=\"noopener\">Museumsvej 11D<\/a><br \/>\n<a href=\"http:\/\/www.nybolig.dk\/soegeresultat-boliger?roadNames=Museumsvej+7130+Juelsminde&amp;types=700\" target=\"_blank\" rel=\"noopener\">Museumsvej 11E<\/a><\/p>\n<p><a href=\"http:\/\/www.nybolig.dk\/maegler\/pages\/property-presentation\/property.action?caseno=60734&amp;shopno=100250&amp;fromsite=boligsiden&amp;csref=boligsiden&amp;csref=boligsiden_website&amp;utm_campaign=boligsiden&amp;utm_source=boligsiden_dk&amp;utm_medium=exitlinks\" target=\"_blank\" rel=\"noopener\">Kirkeager 1<br \/>\n<\/a><a href=\"http:\/\/www.nybolig.dk\/maegler\/pages\/property-presentation\/property.action?caseno=60735&amp;shopno=100250\" target=\"_blank\" rel=\"noopener\">Kirkeager 3<br \/>\n<\/a><br \/>\n<a href=\"http:\/\/www.nybolig.dk\/sager\/grund\/7130\/nordbakken\/100250\/60790?sort=2\" target=\"_blank\" rel=\"noopener\">Nordbakken 2<\/a><br \/>\n<a href=\"http:\/\/www.boligsiden.dk\/salgspris\/arkiv\/grund\/1?postnummer=7130&amp;vej=glud%2Bengvej&amp;sort=pris\" target=\"_blank\" rel=\"noopener\">Glud Engvej 4<\/a><br \/>\n<a href=\"http:\/\/www.boligsiden.dk\/salgspris\/arkiv\/grund\/1?postnummer=7130&amp;vej=glud%2Bengvej&amp;sort=pris\" target=\"_blank\" rel=\"noopener\">Glud Engvej 6<br \/>\n<\/a>Glud Kirkevej 24 (Ejes af vandv\u00e6rket)<\/p>\n<p>Snaptun:<\/p>\n<p><a href=\"http:\/\/www.nybolig.dk\/grund\/7130\/hoejballevej\/100250\/60811\" target=\"_blank\" rel=\"noopener\">H\u00f8jballevej 2<\/a><br \/>\n<a href=\"http:\/\/www.nybolig.dk\/grund\/7130\/fiskeparken\/100250\/60810\" target=\"_blank\" rel=\"noopener\">Fiskeparken 4<\/a><br \/>\n<a href=\"http:\/\/www.nybolig.dk\/grund\/7130\/fiskeparken\/100250\/60809\" target=\"_blank\" rel=\"noopener\">Fiskeparken 6<\/a><br \/>\n<a href=\"http:\/\/www.nybolig.dk\/grund\/7130\/fiskeparken\/100250\/60813\" target=\"_blank\" rel=\"noopener\">Fiskeparken 10<\/a><br \/>\n<a href=\"http:\/\/www.nybolig.dk\/grund\/7130\/fiskeparken\/100250\/60805\" target=\"_blank\" rel=\"noopener\">Fiskeparken 12<\/a><br \/>\n<a href=\"http:\/\/www.nybolig.dk\/grund\/7130\/fiskeparken\/100250\/60806\" target=\"_blank\" rel=\"noopener\">Fiskeparken 14<\/a><br \/>\n<a href=\"http:\/\/www.nybolig.dk\/grund\/7130\/fiskeparken\/100250\/60807\" target=\"_blank\" rel=\"noopener\">Fiskeparken 18<\/a><br \/>\n<a href=\"http:\/\/www.nybolig.dk\/grund\/7130\/fiskeparken\/100250\/60808\" target=\"_blank\" rel=\"noopener\">Fiskeparken 22<\/a><br \/>\n<a href=\"http:\/\/www.nybolig.dk\/grund\/7130\/fiskeparken\/100250\/60804\" target=\"_blank\" rel=\"noopener\">Fiskeparken 39<\/a><\/p>\n<p>&nbsp;<\/p>\n<p>&nbsp;<\/p>\n<figure id=\"attachment_555\" class=\"thumbnail wp-caption aligncenter\" style=\"width: 1920px\"><a href=\"https:\/\/gludby.dk\/wp\/wp-content\/uploads\/2015\/01\/customsize-2.jpg\"><img loading=\"lazy\" decoding=\"async\" class=\"size-full wp-image-555\" src=\"https:\/\/gludby.dk\/wp\/wp-content\/uploads\/2015\/01\/customsize-2.jpg\" alt=\"Ledige byggegrunde p\u00e5 Kirkeager i Glud\" width=\"1920\" height=\"1200\" srcset=\"https:\/\/gludby.dk\/wp\/wp-content\/uploads\/2015\/01\/customsize-2.jpg 1920w, https:\/\/gludby.dk\/wp\/wp-content\/uploads\/2015\/01\/customsize-2-300x188.jpg 300w, https:\/\/gludby.dk\/wp\/wp-content\/uploads\/2015\/01\/customsize-2-1024x640.jpg 1024w, https:\/\/gludby.dk\/wp\/wp-content\/uploads\/2015\/01\/customsize-2-80x50.jpg 80w\" sizes=\"auto, (max-width: 1920px) 100vw, 1920px\" \/><\/a><figcaption class=\"caption wp-caption-text\">Ledige byggegrunde p\u00e5 Kirkeager i Glud<\/figcaption><\/figure>\n","protected":false},"excerpt":{"rendered":"<p>Der er udstykninger\/tomme byggegrunde i lokalomr\u00e5det. Glud: NYHED Bjerreg\u00e5rdsvej 1 Bjerreg\u00e5rdsvej 3 Bjerreg\u00e5rdsvej 4 Bjerreg\u00e5rdsvej 5 Museumsvej 11B Museumsvej 11C Museumsvej 11D Museumsvej 11E Kirkeager 1 Kirkeager 3 Nordbakken 2 Glud Engvej 4 Glud Engvej 6 Glud Kirkevej 24 (Ejes &hellip; <a href=\"https:\/\/gludby.dk\/wp\/?page_id=553\">Continued<\/a><\/p>\n","protected":false},"author":1,"featured_media":0,"parent":0,"menu_order":0,"comment_status":"open","ping_status":"open","template":"","meta":{"footnotes":""},"class_list":["post-553","page","type-page","status-publish","hentry"],"_links":{"self":[{"href":"https:\/\/gludby.dk\/wp\/index.php?rest_route=\/wp\/v2\/pages\/553","targetHints":{"allow":["GET"]}}],"collection":[{"href":"https:\/\/gludby.dk\/wp\/index.php?rest_route=\/wp\/v2\/pages"}],"about":[{"href":"https:\/\/gludby.dk\/wp\/index.php?rest_route=\/wp\/v2\/types\/page"}],"author":[{"embeddable":true,"href":"https:\/\/gludby.dk\/wp\/index.php?rest_route=\/wp\/v2\/users\/1"}],"replies":[{"embeddable":true,"href":"https:\/\/gludby.dk\/wp\/index.php?rest_route=%2Fwp%2Fv2%2Fcomments&post=553"}],"version-history":[{"count":0,"href":"https:\/\/gludby.dk\/wp\/index.php?rest_route=\/wp\/v2\/pages\/553\/revisions"}],"wp:attachment":[{"href":"https:\/\/gludby.dk\/wp\/index.php?rest_route=%2Fwp%2Fv2%2Fmedia&parent=553"}],"curies":[{"name":"wp","href":"https:\/\/api.w.org\/{rel}","templated":true}]}}