{"id":558,"date":"2015-01-27T11:49:28","date_gmt":"2015-01-27T11:49:28","guid":{"rendered":"http:\/\/gludby.dk\/wp\/?page_id=558"},"modified":"2016-10-01T11:02:28","modified_gmt":"2016-10-01T11:02:28","slug":"naturen","status":"publish","type":"page","link":"https:\/\/gludby.dk\/wp\/?page_id=558","title":{"rendered":"Natur og stier"},"content":{"rendered":"<p>Glud og Snaptun ligger i et meget natursk\u00f8nt omr\u00e5de med skov, hav og marker. Herunder vil vi fors\u00f8ge at liste lidt oplevelser op,<br \/>\nsom du kan foretage dig i naturen her omkring.<br \/>\nMener du der mangler noget s\u00e5 hold dig ikke tilbage med at kontakte os.<\/p>\n<p>&nbsp;<\/p>\n<p><a href=\"http:\/\/www.spor.dk\/sporene\/midtjylland\/snaptun-juelsminde\" target=\"_blank\">Kyststien fra Juelsminde til Snaptun.<br \/>\n<\/a>Du kan ogs\u00e5 downloade en folder omkring stien her: <a href=\"https:\/\/gludby.dk\/wp\/wp-content\/uploads\/2015\/01\/Kyststien-SnaptunJuelsmindeWeb.pdf\" target=\"_blank\">FOLDER<\/a><\/p>\n<p><a href=\"http:\/\/naturstyrelsen.dk\/publikationer\/2011\/nov\/mountainbike-i-bjerge-skov\/\" target=\"_blank\">Mountainbike i Bjerre skov<br \/>\n<\/a>Du kan downloade folderen om sporet her: <a href=\"https:\/\/gludby.dk\/wp\/wp-content\/uploads\/2015\/01\/MTBBjergeSkov.pdf\" target=\"_blank\">FOLDER<\/a><\/p>\n<p>&#8220;<a href=\"http:\/\/kenddinlandsby.dk\/\" target=\"_blank\">Kend din landsby<\/a>&#8221; stierne har en ruter omkring Glud.<br \/>\nDisse ruter er fyldt med QR-koder som kan give dig mere historie og kendskab til din landsby.<br \/>\nRuten og QR-kodernes placering kan du se her: <a href=\"http:\/\/kenddinlandsby.dk\/qr-steder\/glud-og-omegn\/\" target=\"_blank\">Kort over Glud<\/a><\/p>\n<p><a href=\"http:\/\/www.friluftsraadet.dk\/kl%F8verstier\" target=\"_blank\">Kl\u00f8verstierne<\/a><br \/>\nI l\u00f8bet af 2017 h\u00e5ber vi at kunne blive en del af kl\u00f8verstierne ogs\u00e5.<br \/>\nFlere af vores omkring liggende byer er del af dette, som giver forskellige vandre og cykelruter med forskellige distancer.<br \/>\nAlle ruterne starter fra \u00e9t centralt sted i byen.<\/p>\n","protected":false},"excerpt":{"rendered":"<p>Glud og Snaptun ligger i et meget natursk\u00f8nt omr\u00e5de med skov, hav og marker. Herunder vil vi fors\u00f8ge at liste lidt oplevelser op, som du kan foretage dig i naturen her omkring. Mener du der mangler noget s\u00e5 hold dig &hellip; <a href=\"https:\/\/gludby.dk\/wp\/?page_id=558\">Continued<\/a><\/p>\n","protected":false},"author":1,"featured_media":0,"parent":0,"menu_order":0,"comment_status":"open","ping_status":"open","template":"","meta":{"footnotes":""},"class_list":["post-558","page","type-page","status-publish","hentry"],"_links":{"self":[{"href":"https:\/\/gludby.dk\/wp\/index.php?rest_route=\/wp\/v2\/pages\/558","targetHints":{"allow":["GET"]}}],"collection":[{"href":"https:\/\/gludby.dk\/wp\/index.php?rest_route=\/wp\/v2\/pages"}],"about":[{"href":"https:\/\/gludby.dk\/wp\/index.php?rest_route=\/wp\/v2\/types\/page"}],"author":[{"embeddable":true,"href":"https:\/\/gludby.dk\/wp\/index.php?rest_route=\/wp\/v2\/users\/1"}],"replies":[{"embeddable":true,"href":"https:\/\/gludby.dk\/wp\/index.php?rest_route=%2Fwp%2Fv2%2Fcomments&post=558"}],"version-history":[{"count":0,"href":"https:\/\/gludby.dk\/wp\/index.php?rest_route=\/wp\/v2\/pages\/558\/revisions"}],"wp:attachment":[{"href":"https:\/\/gludby.dk\/wp\/index.php?rest_route=%2Fwp%2Fv2%2Fmedia&parent=558"}],"curies":[{"name":"wp","href":"https:\/\/api.w.org\/{rel}","templated":true}]}}