{"id":568,"date":"2015-01-30T15:49:17","date_gmt":"2015-01-30T15:49:17","guid":{"rendered":"http:\/\/gludby.dk\/wp\/?page_id=568"},"modified":"2016-10-01T10:38:06","modified_gmt":"2016-10-01T10:38:06","slug":"faellesantenne","status":"publish","type":"page","link":"https:\/\/gludby.dk\/wp\/?page_id=568","title":{"rendered":"F\u00e6llesantenne"},"content":{"rendered":"<p>Engang var det p\u00e5 tale at Glud og Snaptun ville etablere deres egen f\u00e6llesantenneforening.<br \/>\nMen man fristes til at sige heldigvis kom andre\u00a0byen i fork\u00f8bet.<br \/>\nDer er rigtig mange m\u00e5der at f\u00e5 TV, Internet og telefoni p\u00e5 nu om dage.<\/p>\n<p>&nbsp;<\/p>\n<p>&nbsp;<\/p>\n<p><a href=\"https:\/\/gludby.dk\/wp\/wp-content\/uploads\/2015\/01\/carousel-waoo-logo-white-v01-orange.jpg\"><img loading=\"lazy\" decoding=\"async\" class=\"size-medium wp-image-2742 alignleft\" src=\"https:\/\/gludby.dk\/wp\/wp-content\/uploads\/2015\/01\/carousel-waoo-logo-white-v01-orange-300x233.jpg\" alt=\"carousel-waoo-logo-white-v01-orange\" width=\"300\" height=\"233\" srcset=\"https:\/\/gludby.dk\/wp\/wp-content\/uploads\/2015\/01\/carousel-waoo-logo-white-v01-orange-300x233.jpg 300w, https:\/\/gludby.dk\/wp\/wp-content\/uploads\/2015\/01\/carousel-waoo-logo-white-v01-orange.jpg 477w\" sizes=\"auto, (max-width: 300px) 100vw, 300px\" \/><\/a>I l\u00f8bet af 00&#8217;erne t\u00e6ppelagde energiselskaberne Danmark med fiber,<br \/>\nsom er blandt top-eliten n\u00e5r det drejer sig om tilbud af TV &amp; Internet.<\/p>\n<p>Fiber kan etableres over det meste af Juelsminde halv\u00f8en,<br \/>\nmen kontakt evt. selv Waoo eller Fibia for at h\u00f8re om du kan f\u00e5 fiber p\u00e5 din specifikke adresse.<br \/>\nL\u00e6s mere p\u00e5 deres egen hjemmeside: <a href=\"http:\/\/www.waoo.dk\" target=\"_blank\">www.waoo.dk<\/a> &amp; <a href=\"http:\/www.fibia.dk\" target=\"_blank\">www.fibia.dk<\/a><\/p>\n<p>&nbsp;<\/p>\n<p>&nbsp;<\/p>\n<p>&nbsp;<\/p>\n<p>&nbsp;<\/p>\n<p>&nbsp;<\/p>\n<hr \/>\n<p><a href=\"https:\/\/gludby.dk\/wp\/wp-content\/uploads\/2015\/01\/pic_529.png\"><img loading=\"lazy\" decoding=\"async\" class=\" wp-image-570 size-medium alignleft\" src=\"https:\/\/gludby.dk\/wp\/wp-content\/uploads\/2015\/01\/pic_529-300x136.png\" alt=\"pic_529\" width=\"300\" height=\"136\" srcset=\"https:\/\/gludby.dk\/wp\/wp-content\/uploads\/2015\/01\/pic_529-300x136.png 300w, https:\/\/gludby.dk\/wp\/wp-content\/uploads\/2015\/01\/pic_529.png 800w\" sizes=\"auto, (max-width: 300px) 100vw, 300px\" \/><\/a>Hvis du blot gerne vil se det g\u00e6ngse danske kanaler og har Internet igennem telefonen,<br \/>\ns\u00e5 kunne Boxer v\u00e6re et tilbud.<br \/>\nBoxer modtager du p\u00e5 almindeligvis via en antenne i stuen eller p\u00e5 loftet.<br \/>\nDer udbud af kanaler vokser konstant og de tilbyder ogs\u00e5 HD-kanaler.<br \/>\nL\u00e6s mere p\u00e5 deres egen hjemmeside: <a href=\"http:\/\/www.boxertv.dk\" target=\"_blank\">www.boxertv.dk<\/a><\/p>\n<p>&nbsp;<\/p>\n<p>&nbsp;<\/p>\n<hr \/>\n<p>&nbsp;<\/p>\n<p><a href=\"https:\/\/gludby.dk\/wp\/wp-content\/uploads\/2015\/01\/8017-canaldigital-viasat2.jpg\"><img loading=\"lazy\" decoding=\"async\" class=\"alignleft wp-image-573 size-medium\" src=\"https:\/\/gludby.dk\/wp\/wp-content\/uploads\/2015\/01\/8017-canaldigital-viasat2-300x107.jpg\" alt=\"8017-canaldigital-viasat2\" width=\"300\" height=\"107\" srcset=\"https:\/\/gludby.dk\/wp\/wp-content\/uploads\/2015\/01\/8017-canaldigital-viasat2-300x107.jpg 300w, https:\/\/gludby.dk\/wp\/wp-content\/uploads\/2015\/01\/8017-canaldigital-viasat2.jpg 357w\" sizes=\"auto, (max-width: 300px) 100vw, 300px\" \/><\/a>En tredje mulighed er via den klassiske parabol hvor du ogs\u00e5 kan f\u00e5 et meget meget stort kanal-tilbud samt en rigtig god HD-kvalitet.<br \/>\nSe selv mere p\u00e5 kanaludbydernes hjemmeside: <a href=\"http:\/\/www.viasat.dk\" target=\"_blank\">www.viasat.dk<\/a> eller <a href=\"http:\/\/www.canaldigital.dk\" target=\"_blank\">www.canaldigital.dk<\/a><\/p>\n<p>&nbsp;<\/p>\n<p>&nbsp;<\/p>\n<p>&nbsp;<\/p>\n<hr \/>\n<p>&nbsp;<\/p>\n<p><a href=\"https:\/\/gludby.dk\/wp\/wp-content\/uploads\/2015\/01\/yousee.png\"><img loading=\"lazy\" decoding=\"async\" class=\"alignleft wp-image-2740 size-full\" src=\"https:\/\/gludby.dk\/wp\/wp-content\/uploads\/2015\/01\/yousee.png\" alt=\"yousee\" width=\"300\" height=\"300\" srcset=\"https:\/\/gludby.dk\/wp\/wp-content\/uploads\/2015\/01\/yousee.png 300w, https:\/\/gludby.dk\/wp\/wp-content\/uploads\/2015\/01\/yousee-150x150.png 150w\" sizes=\"auto, (max-width: 300px) 100vw, 300px\" \/><\/a>Fjerde og sidste mulighed for TV er igennem telefonstikket. Denne metode kan dog v\u00e6re yderst skr\u00f8belig, hvis man bor langt fra telefoncentralen og hver enkelt tilf\u00e6lde ville skulle unders\u00f8ges af udbyderen, inden de kan fort\u00e6lle om de kan tilbyde dig deres tjenester.<br \/>\nDet h\u00e6nger typisk sammen med om de kan tilbyde de h\u00f8je Internethastigheder ogs\u00e5.<\/p>\n<p>Kontakt selv diverse udbydere for at se\/h\u00f8re hvad de kan tilbyde:<\/p>\n<p><a href=\"http:\/\/privat.tdc.dk\/tv\/\" target=\"_blank\">TDC TV<\/a><\/p>\n<p><a href=\"http:\/\/ww3.telia.dk\/tv\/\" target=\"_blank\">Telia TV<\/a><\/p>\n<p><a href=\"https:\/\/www.fullrate.dk\/privat\/tv\" target=\"_blank\">Fullrate TV<\/a><\/p>\n<p>&nbsp;<\/p>\n","protected":false},"excerpt":{"rendered":"<p>Engang var det p\u00e5 tale at Glud og Snaptun ville etablere deres egen f\u00e6llesantenneforening. Men man fristes til at sige heldigvis kom andre\u00a0byen i fork\u00f8bet. Der er rigtig mange m\u00e5der at f\u00e5 TV, Internet og telefoni p\u00e5 nu om dage. &hellip; <a href=\"https:\/\/gludby.dk\/wp\/?page_id=568\">Continued<\/a><\/p>\n","protected":false},"author":1,"featured_media":0,"parent":0,"menu_order":0,"comment_status":"open","ping_status":"open","template":"","meta":{"footnotes":""},"class_list":["post-568","page","type-page","status-publish","hentry"],"_links":{"self":[{"href":"https:\/\/gludby.dk\/wp\/index.php?rest_route=\/wp\/v2\/pages\/568","targetHints":{"allow":["GET"]}}],"collection":[{"href":"https:\/\/gludby.dk\/wp\/index.php?rest_route=\/wp\/v2\/pages"}],"about":[{"href":"https:\/\/gludby.dk\/wp\/index.php?rest_route=\/wp\/v2\/types\/page"}],"author":[{"embeddable":true,"href":"https:\/\/gludby.dk\/wp\/index.php?rest_route=\/wp\/v2\/users\/1"}],"replies":[{"embeddable":true,"href":"https:\/\/gludby.dk\/wp\/index.php?rest_route=%2Fwp%2Fv2%2Fcomments&post=568"}],"version-history":[{"count":0,"href":"https:\/\/gludby.dk\/wp\/index.php?rest_route=\/wp\/v2\/pages\/568\/revisions"}],"wp:attachment":[{"href":"https:\/\/gludby.dk\/wp\/index.php?rest_route=%2Fwp%2Fv2%2Fmedia&parent=568"}],"curies":[{"name":"wp","href":"https:\/\/api.w.org\/{rel}","templated":true}]}}