{"id":6,"date":"2015-01-14T11:31:26","date_gmt":"2015-01-14T11:31:26","guid":{"rendered":"http:\/\/gludby.dk\/wp\/?page_id=6"},"modified":"2015-10-24T17:45:35","modified_gmt":"2015-10-24T17:45:35","slug":"fakta-og-historie","status":"publish","type":"page","link":"https:\/\/gludby.dk\/wp\/?page_id=6","title":{"rendered":"Fakta og historie"},"content":{"rendered":"<p>Glud\u00a0er en lille by i\u00a0\u00d8stjylland\u00a0med 659 indbyggere (2013), beliggende i\u00a0Glud Sogn, 11 kilometer fra\u00a0Horsens\u00a0i \u00f8stlig retning. Byen ligger i\u00a0Hedensted Kommune\u00a0og tilh\u00f8rer\u00a0Region Midtjylland. Glud er beliggende i et bakkerigt omr\u00e5de lige ud til\u00a0Horsens Fjord.<\/p>\n<p>&nbsp;<\/p>\n<p><iframe loading=\"lazy\" style=\"border: 0;\" src=\"https:\/\/www.google.com\/maps\/embed?pb=!1m18!1m12!1m3!1d143591.06429507135!2d9.95144387129208!3d55.78263844128058!2m3!1f0!2f0!3f0!3m2!1i1024!2i768!4f13.1!3m3!1m2!1s0x464c603c5e89ce81%3A0xc9434991560293ba!2s7130+Glud!5e0!3m2!1sda!2sdk!4v1421329478614\" width=\"600\" height=\"450\" frameborder=\"0\"><\/iframe><\/p>\n<p>&nbsp;<\/p>\n<p>&nbsp;<\/p>\n<p><b>Snaptun<\/b> er en lille havneby i \u00d8stjylland med 484 indbyggere (2015)<sup id=\"cite_ref-BEF44_1-2\" class=\"reference\">[1]<\/sup>, beliggende i Glud Sogn. Byen ligger i Hedensted Kommune og h\u00f8rer til Region Midtjylland. Fra Snaptun er der f\u00e6rgeforbindelse til Hjarn\u00f8 og Endelave.<\/p>\n<p><iframe loading=\"lazy\" style=\"border: 0;\" src=\"https:\/\/www.google.com\/maps\/embed?pb=!1m18!1m12!1m3!1d4482.992250316458!2d10.042039728981207!3d55.81934754979631!2m3!1f0!2f0!3f0!3m2!1i1024!2i768!4f13.1!3m3!1m2!1s0x464c5fc4b350fd49%3A0xf0ca682bc20b687d!2s7130+Snaptun!5e0!3m2!1sda!2sdk!4v1445708653098\" width=\"600\" height=\"450\" frameborder=\"0\" allowfullscreen=\"allowfullscreen\"><\/iframe><\/p>\n","protected":false},"excerpt":{"rendered":"<p>Glud\u00a0er en lille by i\u00a0\u00d8stjylland\u00a0med 659 indbyggere (2013), beliggende i\u00a0Glud Sogn, 11 kilometer fra\u00a0Horsens\u00a0i \u00f8stlig retning. Byen ligger i\u00a0Hedensted Kommune\u00a0og tilh\u00f8rer\u00a0Region Midtjylland. Glud er beliggende i et bakkerigt omr\u00e5de lige ud til\u00a0Horsens Fjord. &nbsp; &nbsp; &nbsp; Snaptun er en lille &hellip; <a href=\"https:\/\/gludby.dk\/wp\/?page_id=6\">Continued<\/a><\/p>\n","protected":false},"author":1,"featured_media":0,"parent":0,"menu_order":0,"comment_status":"closed","ping_status":"closed","template":"","meta":{"footnotes":""},"class_list":["post-6","page","type-page","status-publish","hentry"],"_links":{"self":[{"href":"https:\/\/gludby.dk\/wp\/index.php?rest_route=\/wp\/v2\/pages\/6","targetHints":{"allow":["GET"]}}],"collection":[{"href":"https:\/\/gludby.dk\/wp\/index.php?rest_route=\/wp\/v2\/pages"}],"about":[{"href":"https:\/\/gludby.dk\/wp\/index.php?rest_route=\/wp\/v2\/types\/page"}],"author":[{"embeddable":true,"href":"https:\/\/gludby.dk\/wp\/index.php?rest_route=\/wp\/v2\/users\/1"}],"replies":[{"embeddable":true,"href":"https:\/\/gludby.dk\/wp\/index.php?rest_route=%2Fwp%2Fv2%2Fcomments&post=6"}],"version-history":[{"count":0,"href":"https:\/\/gludby.dk\/wp\/index.php?rest_route=\/wp\/v2\/pages\/6\/revisions"}],"wp:attachment":[{"href":"https:\/\/gludby.dk\/wp\/index.php?rest_route=%2Fwp%2Fv2%2Fmedia&parent=6"}],"curies":[{"name":"wp","href":"https:\/\/api.w.org\/{rel}","templated":true}]}}