{"id":601,"date":"2015-02-23T10:35:25","date_gmt":"2015-02-23T10:35:25","guid":{"rendered":"http:\/\/gludby.dk\/wp\/?page_id=601"},"modified":"2020-02-27T12:01:00","modified_gmt":"2020-02-27T12:01:00","slug":"glud-pentanqueklub","status":"publish","type":"page","link":"https:\/\/gludby.dk\/wp\/?page_id=601","title":{"rendered":"Glud Petanqueklub"},"content":{"rendered":"<p>Glud petanqueklub startede i 2011. og i dag er vi ca. 35 medlemmer,<\/p>\n<p>vi er en klub med et godt socialt samv\u00e6r som spiller for at hygge os.<\/p>\n<p>Har man lyst kan man deltage i turneringer og st\u00e6vner rundt omkring i Danmark.<\/p>\n<p>Vi spiller hver mandag, onsdag og s\u00f8ndag hele \u00e5ret rundt, man kan bare komme n\u00e5r man har lyst.<\/p>\n<p>\u00c5rlig kontingent kr. 300.00<\/p>\n<p>Har du lyst til at pr\u00f8ve s\u00e5 m\u00f8d bare op p\u00e5 banen.<\/p>\n<div class=\"row\"> <div class=\"col-md-6\">\n<p><iframe loading=\"lazy\" style=\"border: 0;\" src=\"https:\/\/www.google.com\/maps\/embed?pb=!1m18!1m12!1m3!1d1121.091156505756!2d9.993877817181621!3d55.807435246208186!2m3!1f0!2f0!3f0!3m2!1i1024!2i768!4f13.1!3m3!1m2!1s0x464c6023211809f5%3A0xa822b3ee01430b7a!2sMuseumsv%C3%A6nget+3%2C+8700+Horsens!5e0!3m2!1sda!2sdk!4v1455997535281\" width=\"300\" height=\"300\" frameborder=\"0\" allowfullscreen=\"allowfullscreen\"><\/iframe><\/p>\n<\/div><div class=\"col-md-6\">\n<p><strong>Du finder os p\u00e5:<\/strong><\/p>\n<p>Museumsv\u00e6nget 1A Glud<\/p>\n<p>7130 Juelsminde<\/p>\n<\/div><\/div>\n<p><strong><em>Tr\u00e6ningstider:<\/em><\/strong><\/p>\n<p><strong><em>Sommer (april &#8211; september)<\/em><\/strong><br \/>\n<em>man., ons. kl. 19.00<\/em><br \/>\n<em>fre. kl. 15.00<\/em><br \/>\n<em>s\u00f8n. kl. 10.00<\/em><\/p>\n<p><strong><em>Vinter (september &#8211; april)<\/em><\/strong><br \/>\n<em>man., ons., fre. kl. 15.00<\/em><br \/>\n<em>s\u00f8n. kl. 10.00<\/em><\/p>\n<hr \/>\n<p><a href=\"https:\/\/gludby.dk\/wp\/?p=1171\">Se mere fra DM i damedouble hvor Ninna Andersen (Glud) og Beth Sewerin (Juelsminde) l\u00f8b med sejren.<\/a><\/p>\n<hr \/>\n<p>Du kan ogs\u00e5 downloade kalenderen for <a href=\"https:\/\/gludby.dk\/wp\/wp-content\/uploads\/2015\/02\/Kalender-2016..pdf\" target=\"_blank\" rel=\"noopener noreferrer\">petanque 2016.<\/a><\/p>\n<hr \/>\n<p>Du kan ogs\u00e5 downloade kalenderen for\u00a0<a href=\"https:\/\/gludby.dk\/wp\/wp-content\/uploads\/2015\/02\/petanque-2015..doc\">petanque 2015.<\/a><\/p>\n<hr \/>\n<p><span style=\"text-decoration: underline;\"><strong>Bestyrelsen:<\/strong><\/span><\/p>\n<div class=\"row\"> <div class=\"col-md-6\">\n<p><strong>Formand<\/strong><\/p>\n<p>Leif Andersen<\/p>\n<p>Mail: leifglud@outlook.dk<\/p>\n<p>Tlf. 20521187<\/p>\n<p><strong>Banemester<\/strong><\/p>\n<p>Asger M\u00f8ller<\/p>\n<p>Tlf. 75683027<\/p>\n<\/div><div class=\"col-md-6\">\n<p><strong>N\u00e6stformand<\/strong><\/p>\n<p>Paul Jensen<\/p>\n<p>Mail: pauljorgenjensen@msn.com<\/p>\n<p>Tlf. 20453695<\/p>\n<p><strong>Kasserer<\/strong><\/p>\n<p>Ib Hansen<\/p>\n<p>Mail: aih@profibermail.dk<\/p>\n<p>Tlf. 75683352<\/p>\n<\/div><\/div>\n<p><img loading=\"lazy\" decoding=\"async\" class=\"aligncenter size-full wp-image-3912\" src=\"https:\/\/gludby.dk\/wp\/wp-content\/uploads\/2019\/03\/petanque-2019.png\" alt=\"\" width=\"706\" height=\"474\" srcset=\"https:\/\/gludby.dk\/wp\/wp-content\/uploads\/2019\/03\/petanque-2019.png 706w, https:\/\/gludby.dk\/wp\/wp-content\/uploads\/2019\/03\/petanque-2019-300x201.png 300w\" sizes=\"auto, (max-width: 706px) 100vw, 706px\" \/><\/p>\n","protected":false},"excerpt":{"rendered":"<p>Glud petanqueklub startede i 2011. og i dag er vi ca. 35 medlemmer, vi er en klub med et godt socialt samv\u00e6r som spiller for at hygge os. Har man lyst kan man deltage i turneringer og st\u00e6vner rundt omkring &hellip; <a href=\"https:\/\/gludby.dk\/wp\/?page_id=601\">Continued<\/a><\/p>\n","protected":false},"author":1,"featured_media":0,"parent":0,"menu_order":0,"comment_status":"open","ping_status":"open","template":"","meta":{"footnotes":""},"class_list":["post-601","page","type-page","status-publish","hentry"],"_links":{"self":[{"href":"https:\/\/gludby.dk\/wp\/index.php?rest_route=\/wp\/v2\/pages\/601","targetHints":{"allow":["GET"]}}],"collection":[{"href":"https:\/\/gludby.dk\/wp\/index.php?rest_route=\/wp\/v2\/pages"}],"about":[{"href":"https:\/\/gludby.dk\/wp\/index.php?rest_route=\/wp\/v2\/types\/page"}],"author":[{"embeddable":true,"href":"https:\/\/gludby.dk\/wp\/index.php?rest_route=\/wp\/v2\/users\/1"}],"replies":[{"embeddable":true,"href":"https:\/\/gludby.dk\/wp\/index.php?rest_route=%2Fwp%2Fv2%2Fcomments&post=601"}],"version-history":[{"count":0,"href":"https:\/\/gludby.dk\/wp\/index.php?rest_route=\/wp\/v2\/pages\/601\/revisions"}],"wp:attachment":[{"href":"https:\/\/gludby.dk\/wp\/index.php?rest_route=%2Fwp%2Fv2%2Fmedia&parent=601"}],"curies":[{"name":"wp","href":"https:\/\/api.w.org\/{rel}","templated":true}]}}