{"id":652,"date":"2015-03-04T08:46:39","date_gmt":"2015-03-04T08:46:39","guid":{"rendered":"http:\/\/gludby.dk\/wp\/?page_id=652"},"modified":"2024-01-09T21:09:18","modified_gmt":"2024-01-09T21:09:18","slug":"glud-skjold-jagtforening","status":"publish","type":"page","link":"https:\/\/gludby.dk\/wp\/?page_id=652","title":{"rendered":"Glud-Skjold Jagtforening"},"content":{"rendered":"<p>Jagtforeningens aktiviteter i 2024 ses herunder:<\/p>\n<ul>\n<li><a href=\"https:\/\/gludby.dk\/wp\/wp-content\/uploads\/2024\/01\/SKYDEBANEPLANLAeGNING-2024.xlsx\">SKYDEBANEPLANL\u00c6GNING 2024<\/a><\/li>\n<li><a href=\"https:\/\/gludby.dk\/wp\/wp-content\/uploads\/2024\/01\/kalender-2024.pdf\">Kalender 2024<\/a><\/li>\n<\/ul>\n\n\n<p>Alle er velkomne til at deltage i jagtforeningens aktiviteter.<\/p>\n\n\n\n<p>Jagtforeningen kan ogs\u00e5 f\u00f8lges p\u00e5 Facebook:<br><a href=\"https:\/\/www.facebook.com\/GludSkjoldJagtforening\/\" target=\"_blank\" rel=\"noreferrer noopener\">https:\/\/www.facebook.com\/GludSkjoldJagtforening\/<\/a><\/p>\n\n\n\n<p>Arkiv for 2023:<\/p>\n\n\n\n<ul class=\"wp-block-list\">\n<li><a href=\"https:\/\/gludby.dk\/wp\/wp-content\/uploads\/2023\/01\/SKYDEBANEPLANLAeGNING-2023.xlsx\">SKYDEBANEPLANL\u00c6GNING 2023<\/a><\/li>\n\n\n\n<li><a href=\"https:\/\/gludby.dk\/wp\/wp-content\/uploads\/2023\/01\/kalender-2023-01-75.pdf\">Kalender 2023<\/a><\/li>\n<\/ul>\n","protected":false},"excerpt":{"rendered":"<p>Jagtforeningens aktiviteter i 2024 ses herunder: SKYDEBANEPLANL\u00c6GNING 2024 Kalender 2024 Alle er velkomne til at deltage i jagtforeningens aktiviteter. Jagtforeningen kan ogs\u00e5 f\u00f8lges p\u00e5 Facebook:https:\/\/www.facebook.com\/GludSkjoldJagtforening\/ Arkiv for 2023:<\/p>\n","protected":false},"author":1,"featured_media":0,"parent":0,"menu_order":0,"comment_status":"open","ping_status":"open","template":"","meta":{"footnotes":""},"class_list":["post-652","page","type-page","status-publish","hentry"],"_links":{"self":[{"href":"https:\/\/gludby.dk\/wp\/index.php?rest_route=\/wp\/v2\/pages\/652","targetHints":{"allow":["GET"]}}],"collection":[{"href":"https:\/\/gludby.dk\/wp\/index.php?rest_route=\/wp\/v2\/pages"}],"about":[{"href":"https:\/\/gludby.dk\/wp\/index.php?rest_route=\/wp\/v2\/types\/page"}],"author":[{"embeddable":true,"href":"https:\/\/gludby.dk\/wp\/index.php?rest_route=\/wp\/v2\/users\/1"}],"replies":[{"embeddable":true,"href":"https:\/\/gludby.dk\/wp\/index.php?rest_route=%2Fwp%2Fv2%2Fcomments&post=652"}],"version-history":[{"count":0,"href":"https:\/\/gludby.dk\/wp\/index.php?rest_route=\/wp\/v2\/pages\/652\/revisions"}],"wp:attachment":[{"href":"https:\/\/gludby.dk\/wp\/index.php?rest_route=%2Fwp%2Fv2%2Fmedia&parent=652"}],"curies":[{"name":"wp","href":"https:\/\/api.w.org\/{rel}","templated":true}]}}