{"id":688,"date":"2015-03-09T22:19:26","date_gmt":"2015-03-09T22:19:26","guid":{"rendered":"http:\/\/gludby.dk\/wp\/?page_id=688"},"modified":"2015-10-27T20:20:28","modified_gmt":"2015-10-27T20:20:28","slug":"kalender","status":"publish","type":"page","link":"https:\/\/gludby.dk\/wp\/?page_id=688","title":{"rendered":"Kalender"},"content":{"rendered":"<p>Vil du gerne have dit arrangement eller aktivitet p\u00e5 omr\u00e5dets kalender, s\u00e5 send dit indhold til <a href=\"mailto:INDHOLD@GLUDBY.DK\">INDHOLD@GLUDBY.DK<\/a><br \/>\nDu kan ved samme lejlighed se om dit arrangement laver konflikt med andre begivenheder.<\/p>\n<div id='ftcalendar-div' class='ftcalendar ftlargecalendar  month' style=''><input type='hidden' id='largecalendar-type' value='month' \/><input type='hidden' id='largecalendar-heading_label' value='full' \/><input type='hidden' id='largecalendar-calendars' value='kalender-til-gludby-dk' \/><input type='hidden' id='largecalendar-class' value='' \/><input type='hidden' id='largecalendar-width' value='' \/><input type='hidden' id='largecalendar-height' value='' \/><input type='hidden' id='largecalendar-legend' value='on' \/><input type='hidden' id='largecalendar-types' value='on' \/><input type='hidden' id='largecalendar-dateformat' value='j. F Y' \/><input type='hidden' id='largecalendar-timeformat' value='G:i' \/><input type='hidden' id='largecalendar-show_rss_feed' value='on' \/><input type='hidden' id='largecalendar-show_ical_feed' value='on' \/><input type='hidden' id='largecalendar-hide_duplicates' value='off' \/><div id='ftcalendar-feeds'><a class=\"ftcal-rss-icon\" href=\"https:\/\/gludby.dk\/wp\/?ftcalendar=kalender-til-gludby-dk&feed=rss2&type=monthly\" title=\"Monthly Feed for kalender-til-gludby-dk\"><\/a> <a class=\"ftcal-ical-icon\" href=\"https:\/\/gludby.dk\/wp\/?ftcalendar=kalender-til-gludby-dk&feed=ical\" title=\"iCal Feed for kalender-til-gludby-dk\"><\/a> <\/div><div id='ftcalendar-nav'><span id='ftcalendar-prev'><a class='large-prev' ref='2026-03-01' href='https:\/\/gludby.dk\/wp\/?page_id=688&type=month&date=2026-03-01'>&lArr;<\/a><\/span>&nbsp;<span id='ftcalendar-next'><a class='large-next' ref='2026-05-01' href='https:\/\/gludby.dk\/wp\/?page_id=688&type=month&date=2026-05-01'>&rArr;<\/a><\/span><span id='ftcalendar-current'>april 2026<\/span><span id='ftcalendar-types'><a href=\"https:\/\/gludby.dk\/wp\/?page_id=688&type=day\">Day<\/a> <a href=\"https:\/\/gludby.dk\/wp\/?page_id=688&type=week\">Week<\/a> <a href=\"https:\/\/gludby.dk\/wp\/?page_id=688&type=month\">Month<\/a><\/span><\/div><table id='ftcalendar-table' class='ftcalendar ' style=''><tr><th id='ftcalendar-headings'>Monday<\/th><th id='ftcalendar-headings'>Tuesday<\/th><th id='ftcalendar-headings'>Wednesday<\/th><th id='ftcalendar-headings'>Thursday<\/th><th id='ftcalendar-headings'>Friday<\/th><th id='ftcalendar-headings'>Saturday<\/th><th id='ftcalendar-headings'>Sunday<\/th><\/tr><tr style='height=20%;'><td class=''><div class='ftcalendar-event-date unmonth'><a href='https:\/\/gludby.dk\/wp\/?page_id=688&type=day&date=2026-03-30'>30<\/a><\/div><\/td><td class=''><div class='ftcalendar-event-date unmonth'><a href='https:\/\/gludby.dk\/wp\/?page_id=688&type=day&date=2026-03-31'>31<\/a><\/div><\/td><td class=''><div class='ftcalendar-event-date '><a href='https:\/\/gludby.dk\/wp\/?page_id=688&type=day&date=2026-04-01'>apr 1<\/a><\/div><\/td><td class=''><div class='ftcalendar-event-date '><a href='https:\/\/gludby.dk\/wp\/?page_id=688&type=day&date=2026-04-02'>2<\/a><\/div><div class='ftcalendar-events-div'><div class='ftcalendar-event'><div><a style='color: #3640ad;' href='https:\/\/gludby.dk\/wp\/?p=1918'><span class='ftcalendar-event-time'>19:00<\/span> Banko i Glud forsamlingshus.<\/a><\/div><\/div><\/div><\/td><td class=''><div class='ftcalendar-event-date '><a href='https:\/\/gludby.dk\/wp\/?page_id=688&type=day&date=2026-04-03'>3<\/a><\/div><\/td><td class=''><div class='ftcalendar-event-date '><a href='https:\/\/gludby.dk\/wp\/?page_id=688&type=day&date=2026-04-04'>4<\/a><\/div><\/td><td class=''><div class='ftcalendar-event-date '><a href='https:\/\/gludby.dk\/wp\/?page_id=688&type=day&date=2026-04-05'>5<\/a><\/div><\/td><\/tr><tr style='height=20%;'><td class=''><div class='ftcalendar-event-date '><a href='https:\/\/gludby.dk\/wp\/?page_id=688&type=day&date=2026-04-06'>6<\/a><\/div><\/td><td class=''><div class='ftcalendar-event-date '><a href='https:\/\/gludby.dk\/wp\/?page_id=688&type=day&date=2026-04-07'>7<\/a><\/div><\/td><td class=''><div class='ftcalendar-event-date '><a href='https:\/\/gludby.dk\/wp\/?page_id=688&type=day&date=2026-04-08'>8<\/a><\/div><\/td><td class=''><div class='ftcalendar-event-date '><a href='https:\/\/gludby.dk\/wp\/?page_id=688&type=day&date=2026-04-09'>9<\/a><\/div><div class='ftcalendar-events-div'><div class='ftcalendar-event'><div><a style='color: #3640ad;' href='https:\/\/gludby.dk\/wp\/?p=1918'><span class='ftcalendar-event-time'>19:00<\/span> Banko i Glud forsamlingshus.<\/a><\/div><\/div><\/div><\/td><td class=''><div class='ftcalendar-event-date '><a href='https:\/\/gludby.dk\/wp\/?page_id=688&type=day&date=2026-04-10'>10<\/a><\/div><\/td><td class=''><div class='ftcalendar-event-date '><a href='https:\/\/gludby.dk\/wp\/?page_id=688&type=day&date=2026-04-11'>11<\/a><\/div><\/td><td class=''><div class='ftcalendar-event-date '><a href='https:\/\/gludby.dk\/wp\/?page_id=688&type=day&date=2026-04-12'>12<\/a><\/div><\/td><\/tr><tr style='height=20%;'><td class=''><div class='ftcalendar-event-date '><a href='https:\/\/gludby.dk\/wp\/?page_id=688&type=day&date=2026-04-13'>13<\/a><\/div><\/td><td class=''><div class='ftcalendar-event-date '><a href='https:\/\/gludby.dk\/wp\/?page_id=688&type=day&date=2026-04-14'>14<\/a><\/div><\/td><td class=''><div class='ftcalendar-event-date '><a href='https:\/\/gludby.dk\/wp\/?page_id=688&type=day&date=2026-04-15'>15<\/a><\/div><\/td><td class=''><div class='ftcalendar-event-date '><a href='https:\/\/gludby.dk\/wp\/?page_id=688&type=day&date=2026-04-16'>16<\/a><\/div><div class='ftcalendar-events-div'><div class='ftcalendar-event'><div><a style='color: #3640ad;' href='https:\/\/gludby.dk\/wp\/?p=1918'><span class='ftcalendar-event-time'>19:00<\/span> Banko i Glud forsamlingshus.<\/a><\/div><\/div><\/div><\/td><td class=''><div class='ftcalendar-event-date '><a href='https:\/\/gludby.dk\/wp\/?page_id=688&type=day&date=2026-04-17'>17<\/a><\/div><\/td><td class=''><div class='ftcalendar-event-date '><a href='https:\/\/gludby.dk\/wp\/?page_id=688&type=day&date=2026-04-18'>18<\/a><\/div><\/td><td class=''><div class='ftcalendar-event-date '><a href='https:\/\/gludby.dk\/wp\/?page_id=688&type=day&date=2026-04-19'>19<\/a><\/div><\/td><\/tr><tr style='height=20%;'><td class=''><div class='ftcalendar-event-date '><a href='https:\/\/gludby.dk\/wp\/?page_id=688&type=day&date=2026-04-20'>20<\/a><\/div><\/td><td class='current_day'><div class='ftcalendar-event-date '><a href='https:\/\/gludby.dk\/wp\/?page_id=688&type=day&date=2026-04-21'>21<\/a><\/div><\/td><td class=''><div class='ftcalendar-event-date '><a href='https:\/\/gludby.dk\/wp\/?page_id=688&type=day&date=2026-04-22'>22<\/a><\/div><\/td><td class=''><div class='ftcalendar-event-date '><a href='https:\/\/gludby.dk\/wp\/?page_id=688&type=day&date=2026-04-23'>23<\/a><\/div><div class='ftcalendar-events-div'><div class='ftcalendar-event'><div><a style='color: #3640ad;' href='https:\/\/gludby.dk\/wp\/?p=1918'><span class='ftcalendar-event-time'>19:00<\/span> Banko i Glud forsamlingshus.<\/a><\/div><\/div><\/div><\/td><td class=''><div class='ftcalendar-event-date '><a href='https:\/\/gludby.dk\/wp\/?page_id=688&type=day&date=2026-04-24'>24<\/a><\/div><\/td><td class=''><div class='ftcalendar-event-date '><a href='https:\/\/gludby.dk\/wp\/?page_id=688&type=day&date=2026-04-25'>25<\/a><\/div><\/td><td class=''><div class='ftcalendar-event-date '><a href='https:\/\/gludby.dk\/wp\/?page_id=688&type=day&date=2026-04-26'>26<\/a><\/div><\/td><\/tr><tr style='height=20%;'><td class=''><div class='ftcalendar-event-date '><a href='https:\/\/gludby.dk\/wp\/?page_id=688&type=day&date=2026-04-27'>27<\/a><\/div><\/td><td class=''><div class='ftcalendar-event-date '><a href='https:\/\/gludby.dk\/wp\/?page_id=688&type=day&date=2026-04-28'>28<\/a><\/div><\/td><td class=''><div class='ftcalendar-event-date '><a href='https:\/\/gludby.dk\/wp\/?page_id=688&type=day&date=2026-04-29'>29<\/a><\/div><\/td><td class=''><div class='ftcalendar-event-date '><a href='https:\/\/gludby.dk\/wp\/?page_id=688&type=day&date=2026-04-30'>30<\/a><\/div><div class='ftcalendar-events-div'><div class='ftcalendar-event'><div><a style='color: #3640ad;' href='https:\/\/gludby.dk\/wp\/?p=1918'><span class='ftcalendar-event-time'>19:00<\/span> Banko i Glud forsamlingshus.<\/a><\/div><\/div><\/div><\/td><td class=''><div class='ftcalendar-event-date unmonth'><a href='https:\/\/gludby.dk\/wp\/?page_id=688&type=day&date=2026-05-01'>maj 1<\/a><\/div><\/td><td class=''><div class='ftcalendar-event-date unmonth'><a href='https:\/\/gludby.dk\/wp\/?page_id=688&type=day&date=2026-05-02'>2<\/a><\/div><\/td><td class=''><div class='ftcalendar-event-date unmonth'><a href='https:\/\/gludby.dk\/wp\/?page_id=688&type=day&date=2026-05-03'>3<\/a><\/div><\/td><\/tr><\/table><div id='ftcalendar-legend'><p>Legend:<\/p><div style='background-color: #3640ad; border-color: #182186;' class='ftcalendar-event'><div style='background-color: #3640ad; border-color: #182186;' ><a href='https:\/\/gludby.dk\/wp\/?page_id=688&type=month&date=2026-4-21&cal=kalender-til-gludby-dk'>Kalender til Gludby.dk<\/a><\/div><\/div><\/div><div id='ftcalendar-show-support'><a href=\"http:\/\/calendar-plugin.com\/\">WordPress Calendar Plugin<\/a> by Full Throttle Development<\/div><div class='ftc-clearboth'><\/div><\/div>\n","protected":false},"excerpt":{"rendered":"<p>Vil du gerne have dit arrangement eller aktivitet p\u00e5 omr\u00e5dets kalender, s\u00e5 send dit indhold til INDHOLD@GLUDBY.DK Du kan ved samme lejlighed se om dit arrangement laver konflikt med andre begivenheder.<\/p>\n","protected":false},"author":1,"featured_media":0,"parent":0,"menu_order":0,"comment_status":"open","ping_status":"open","template":"page-fullwidth.php","meta":{"footnotes":""},"class_list":["post-688","page","type-page","status-publish","hentry"],"_links":{"self":[{"href":"https:\/\/gludby.dk\/wp\/index.php?rest_route=\/wp\/v2\/pages\/688","targetHints":{"allow":["GET"]}}],"collection":[{"href":"https:\/\/gludby.dk\/wp\/index.php?rest_route=\/wp\/v2\/pages"}],"about":[{"href":"https:\/\/gludby.dk\/wp\/index.php?rest_route=\/wp\/v2\/types\/page"}],"author":[{"embeddable":true,"href":"https:\/\/gludby.dk\/wp\/index.php?rest_route=\/wp\/v2\/users\/1"}],"replies":[{"embeddable":true,"href":"https:\/\/gludby.dk\/wp\/index.php?rest_route=%2Fwp%2Fv2%2Fcomments&post=688"}],"version-history":[{"count":0,"href":"https:\/\/gludby.dk\/wp\/index.php?rest_route=\/wp\/v2\/pages\/688\/revisions"}],"wp:attachment":[{"href":"https:\/\/gludby.dk\/wp\/index.php?rest_route=%2Fwp%2Fv2%2Fmedia&parent=688"}],"curies":[{"name":"wp","href":"https:\/\/api.w.org\/{rel}","templated":true}]}}